{"id":9002,"date":"2024-10-18T11:17:07","date_gmt":"2024-10-18T09:17:07","guid":{"rendered":"https:\/\/aboveit.fi\/masterclass-microsoft-365-copilot-by-above-it\/"},"modified":"2025-11-27T14:02:27","modified_gmt":"2025-11-27T12:02:27","slug":"masterclass-microsoft-365-copilot-by-above-it","status":"publish","type":"page","link":"https:\/\/aboveit.fi\/es\/masterclass-microsoft-365-copilot-by-above-it\/","title":{"rendered":"Masterclass: Microsoft 365 Copilot by Above IT"},"content":{"rendered":"\t\t<div data-elementor-type=\"wp-page\" data-elementor-id=\"9002\" class=\"elementor elementor-9002 elementor-3074\" data-elementor-post-type=\"page\">\n\t\t\t\t\t\t<section class=\"elementor-section elementor-top-section elementor-element elementor-element-b701054 elementor-section-boxed elementor-section-height-default elementor-section-height-default\" data-id=\"b701054\" data-element_type=\"section\" data-e-type=\"section\">\n\t\t\t\t\t\t<div class=\"elementor-container elementor-column-gap-default\">\n\t\t\t\t\t<div class=\"elementor-column elementor-col-50 elementor-top-column elementor-element elementor-element-09267f5 elementor-invisible\" data-id=\"09267f5\" data-element_type=\"column\" data-e-type=\"column\" data-settings=\"{&quot;background_background&quot;:&quot;classic&quot;,&quot;animation&quot;:&quot;fadeInLeft&quot;}\">\n\t\t\t<div class=\"elementor-widget-wrap elementor-element-populated\">\n\t\t\t\t\t<div class=\"elementor-background-overlay\"><\/div>\n\t\t\t\t\t\t<div class=\"elementor-element elementor-element-fc68128 animated-slow elementor-invisible elementor-widget elementor-widget-text-editor\" data-id=\"fc68128\" data-element_type=\"widget\" data-e-type=\"widget\" data-settings=\"{&quot;_animation&quot;:&quot;fadeInUp&quot;}\" data-widget_type=\"text-editor.default\">\n\t\t\t\t<div class=\"elementor-widget-container\">\n\t\t\t\t\t\t\t\t\tEl trabajo del conocimiento est\u00e1 experimentando una r\u00e1pida transformaci\u00f3n debido a la inteligencia artificial. La IA facilita el trabajo del conocimiento de los usuarios finales y, en el mejor de los casos, puede ahorrar incluso horas al mes en las tareas cotidianas. \u00bfC\u00f3mo podr\u00edan beneficiarse sus usuarios finales de esta tecnolog\u00eda?  \t\t\t\t\t\t\t\t<\/div>\n\t\t\t\t<\/div>\n\t\t\t\t\t<\/div>\n\t\t<\/div>\n\t\t\t\t<div class=\"elementor-column elementor-col-50 elementor-top-column elementor-element elementor-element-e954f23 elementor-invisible\" data-id=\"e954f23\" data-element_type=\"column\" data-e-type=\"column\" data-settings=\"{&quot;animation&quot;:&quot;fadeInRight&quot;}\">\n\t\t\t<div class=\"elementor-widget-wrap elementor-element-populated\">\n\t\t\t\t\t\t<div class=\"elementor-element elementor-element-57aee08 elementor-widget elementor-widget-text-editor\" data-id=\"57aee08\" data-element_type=\"widget\" data-e-type=\"widget\" data-widget_type=\"text-editor.default\">\n\t\t\t\t<div class=\"elementor-widget-container\">\n\t\t\t\t\t\t\t\t\t<p>POR PETICI\u00d3N DEL P\u00daBLICO, REPETICI\u00d3N:<br>\u00a1Formaci\u00f3n Microsoft 365 Copilot el 16.1.2025!<\/p>\t\t\t\t\t\t\t\t<\/div>\n\t\t\t\t<\/div>\n\t\t\t\t<div class=\"elementor-element elementor-element-17b50b5 elementor-widget elementor-widget-heading\" data-id=\"17b50b5\" data-element_type=\"widget\" data-e-type=\"widget\" data-widget_type=\"heading.default\">\n\t\t\t\t<div class=\"elementor-widget-container\">\n\t\t\t\t\t<h2 class=\"elementor-heading-title elementor-size-default\">Above IT ofrece formaci\u00f3n gratuita<\/h2>\t\t\t\t<\/div>\n\t\t\t\t<\/div>\n\t\t\t\t<div class=\"elementor-element elementor-element-e1db514 elementor-widget elementor-widget-text-editor\" data-id=\"e1db514\" data-element_type=\"widget\" data-e-type=\"widget\" data-widget_type=\"text-editor.default\">\n\t\t\t\t<div class=\"elementor-widget-container\">\n\t\t\t\t\t\t\t\t\t<p><strong>Masterclass: Microsoft 365 Copilot by Above IT<\/strong><\/p><p>Celebraremos a mediados de enero de 2025 un webinar de formaci\u00f3n Masterclass gratuito sobre Microsoft 365 Copilot.<\/p><p>\u2013 \u00bfQu\u00e9 es Copilot, el asistente de inteligencia artificial de Microsoft?<\/p><p>\u2013 DEMO 60 min. \u00bfC\u00f3mo se puede aprovechar el asistente Microsoft 365 Copilot en el d\u00eda a d\u00eda con las aplicaciones familiares de Microsoft 365? <br>Revisaremos, por ejemplo, c\u00f3mo se puede aprovechar Copilot en Teams, Outlook, Word, PowerPoint, Excel, Whiteboard, Forms, etc.<\/p><p>\u2013 Preguntas y respuestas<\/p><p><strong>\u00bfSe podr\u00e1 acceder a la formaci\u00f3n posteriormente como grabaci\u00f3n?<br><\/strong>La formaci\u00f3n no estar\u00e1 disponible como grabaci\u00f3n. Inscr\u00edbase y reserve su plaza inmediatamente. Los primeros 250 participantes podr\u00e1n acceder al aula de Teams.  <\/p>\t\t\t\t\t\t\t\t<\/div>\n\t\t\t\t<\/div>\n\t\t\t\t\t<\/div>\n\t\t<\/div>\n\t\t\t\t\t<\/div>\n\t\t<\/section>\n\t\t\t\t<section class=\"elementor-section elementor-top-section elementor-element elementor-element-668d89f elementor-section-boxed elementor-section-height-default elementor-section-height-default\" data-id=\"668d89f\" data-element_type=\"section\" data-e-type=\"section\">\n\t\t\t\t\t\t<div class=\"elementor-container elementor-column-gap-default\">\n\t\t\t\t\t<div class=\"elementor-column elementor-col-100 elementor-top-column elementor-element elementor-element-5cef1e0\" data-id=\"5cef1e0\" data-element_type=\"column\" data-e-type=\"column\">\n\t\t\t<div class=\"elementor-widget-wrap elementor-element-populated\">\n\t\t\t\t\t\t<div class=\"elementor-element elementor-element-17d81ff elementor-view-default elementor-widget elementor-widget-icon\" data-id=\"17d81ff\" data-element_type=\"widget\" data-e-type=\"widget\" data-widget_type=\"icon.default\">\n\t\t\t\t<div class=\"elementor-widget-container\">\n\t\t\t\t\t\t\t<div class=\"elementor-icon-wrapper\">\n\t\t\t<div class=\"elementor-icon\">\n\t\t\t<i aria-hidden=\"true\" class=\"fas fa-hands-wash\"><\/i>\t\t\t<\/div>\n\t\t<\/div>\n\t\t\t\t\t\t<\/div>\n\t\t\t\t<\/div>\n\t\t\t\t<div class=\"elementor-element elementor-element-c9a9c87 elementor-widget elementor-widget-heading\" data-id=\"c9a9c87\" data-element_type=\"widget\" data-e-type=\"widget\" data-widget_type=\"heading.default\">\n\t\t\t\t<div class=\"elementor-widget-container\">\n\t\t\t\t\t<h2 class=\"elementor-heading-title elementor-size-default\">\u00bfQu\u00e9, d\u00f3nde, cu\u00e1ndo?<\/h2>\t\t\t\t<\/div>\n\t\t\t\t<\/div>\n\t\t\t\t<div class=\"elementor-element elementor-element-5b70b67 elementor-widget elementor-widget-text-editor\" data-id=\"5b70b67\" data-element_type=\"widget\" data-e-type=\"widget\" data-widget_type=\"text-editor.default\">\n\t\t\t\t<div class=\"elementor-widget-container\">\n\t\t\t\t\t\t\t\t\t<p><strong>Para qui\u00e9n:<\/strong> Personas responsables de la administraci\u00f3n de TI y el desarrollo del trabajo del conocimiento en organizaciones<br><strong>Qu\u00e9:<\/strong> Formaci\u00f3n masterclass Microsoft 365 Copilot<br><strong>D\u00f3nde:<\/strong> Webinar de Microsoft Teams<br><strong>Cu\u00e1ndo:<\/strong> La formaci\u00f3n se celebrar\u00e1 el jueves 16.1.2025 a partir de las 13:00 (duraci\u00f3n aproximada 90 minutos)<br><strong>Qui\u00e9nes:<\/strong> Como moderador del evento Above IT Oy &#8216;consigliere&#8217; Juha Kari y como formador Corellia Helsinki Oy Antti Roine<\/p>\t\t\t\t\t\t\t\t<\/div>\n\t\t\t\t<\/div>\n\t\t\t\t<div class=\"elementor-element elementor-element-6b29ac0 elementor-widget elementor-widget-text-editor\" data-id=\"6b29ac0\" data-element_type=\"widget\" data-e-type=\"widget\" data-widget_type=\"text-editor.default\">\n\t\t\t\t<div class=\"elementor-widget-container\">\n\t\t\t\t\t\t\t\t\t<p>Above IT Oy es el socio y recurso de los departamentos de TI, una empresa consultora nacional que busca ayudar a las organizaciones a obtener m\u00e1s provecho de los servicios en la nube de Microsoft a trav\u00e9s de sus servicios de nube gestionada. Mientras ayudamos a los departamentos de TI a dirigir el funcionamiento y la protecci\u00f3n de datos del entorno de TI de su organizaci\u00f3n bas\u00e1ndose en el conocimiento, tambi\u00e9n somos consultores de cambio y formadores del trabajo del conocimiento, transformando el trabajo diario del conocimiento de los usuarios finales. Las soluciones de IA Copilot son una de esas tecnolog\u00edas que est\u00e1 cambiando el trabajo del conocimiento en las organizaciones. \u00a1Venga a la formaci\u00f3n para aprender sobre Microsoft 365 Copilot, pero tambi\u00e9n para escuchar c\u00f3mo podemos ayudar tambi\u00e9n a su organizaci\u00f3n!   <\/p>\t\t\t\t\t\t\t\t<\/div>\n\t\t\t\t<\/div>\n\t\t\t\t<div class=\"elementor-element elementor-element-2bc1abb elementor-align-center elementor-widget elementor-widget-button\" data-id=\"2bc1abb\" data-element_type=\"widget\" data-e-type=\"widget\" data-widget_type=\"button.default\">\n\t\t\t\t<div class=\"elementor-widget-container\">\n\t\t\t\t\t\t\t\t\t<div class=\"elementor-button-wrapper\">\n\t\t\t\t\t<a class=\"elementor-button elementor-button-link elementor-size-sm\" href=\"https:\/\/events.teams.microsoft.com\/event\/361d5f52-09a6-4f7a-9379-54a45619ae3a@1d83979e-a839-4df0-8ed2-ba7feca018de\">\n\t\t\t\t\t\t<span class=\"elementor-button-content-wrapper\">\n\t\t\t\t\t\t\t\t\t<span class=\"elementor-button-text\">\u00a1Inscr\u00edbase aqu\u00ed!<\/span>\n\t\t\t\t\t<\/span>\n\t\t\t\t\t<\/a>\n\t\t\t\t<\/div>\n\t\t\t\t\t\t\t\t<\/div>\n\t\t\t\t<\/div>\n\t\t\t\t<div class=\"elementor-element elementor-element-5fc18a3 elementor-widget elementor-widget-image\" data-id=\"5fc18a3\" data-element_type=\"widget\" data-e-type=\"widget\" data-widget_type=\"image.default\">\n\t\t\t\t<div class=\"elementor-widget-container\">\n\t\t\t\t\t\t\t\t\t\t\t\t\t\t\t<img fetchpriority=\"high\" decoding=\"async\" width=\"400\" height=\"400\" src=\"https:\/\/aboveit.fi\/wp-content\/uploads\/2024\/10\/icon-microsoft.png\" class=\"attachment-full size-full wp-image-8140\" alt=\"\" srcset=\"https:\/\/aboveit.fi\/wp-content\/uploads\/2024\/10\/icon-microsoft.png 400w, https:\/\/aboveit.fi\/wp-content\/uploads\/2024\/10\/icon-microsoft-300x300.png 300w, https:\/\/aboveit.fi\/wp-content\/uploads\/2024\/10\/icon-microsoft-150x150.png 150w\" sizes=\"(max-width: 400px) 100vw, 400px\" \/>\t\t\t\t\t\t\t\t\t\t\t\t\t\t\t<\/div>\n\t\t\t\t<\/div>\n\t\t\t\t\t<\/div>\n\t\t<\/div>\n\t\t\t\t\t<\/div>\n\t\t<\/section>\n\t\t\t\t<\/div>\n\t\t","protected":false},"excerpt":{"rendered":"<p>El trabajo del conocimiento est\u00e1 experimentando una r\u00e1pida transformaci\u00f3n debido a la inteligencia artificial. La IA facilita el trabajo del conocimiento de los usuarios finales y, en el mejor de los casos, puede ahorrar incluso horas al mes en las tareas cotidianas. \u00bfC\u00f3mo podr\u00edan beneficiarse sus usuarios finales de esta tecnolog\u00eda? POR PETICI\u00d3N DEL P\u00daBLICO, [&hellip;]<\/p>\n","protected":false},"author":1,"featured_media":0,"parent":0,"menu_order":0,"comment_status":"closed","ping_status":"closed","template":"","meta":{"content-type":"","inline_featured_image":false,"footnotes":""},"class_list":["post-9002","page","type-page","status-publish","hentry"],"yoast_head":"<!-- This site is optimized with the Yoast SEO plugin v27.5 - https:\/\/yoast.com\/product\/yoast-seo-wordpress\/ -->\n<title>Masterclass: Microsoft 365 Copilot by Above IT - Above IT Oy<\/title>\n<meta name=\"description\" content=\"Masterclass: Microsoft 365 Copilot by Above IT. Formaci\u00f3n gratuita en formato webinar el 8.11.2024 a partir de las 13:00.\" \/>\n<meta name=\"robots\" content=\"index, follow, max-snippet:-1, max-image-preview:large, max-video-preview:-1\" \/>\n<link rel=\"canonical\" href=\"https:\/\/aboveit.fi\/es\/masterclass-microsoft-365-copilot-by-above-it\/\" \/>\n<meta property=\"og:locale\" content=\"es_ES\" \/>\n<meta property=\"og:type\" content=\"article\" \/>\n<meta property=\"og:title\" content=\"Masterclass: Microsoft 365 Copilot by Above IT - Above IT Oy\" \/>\n<meta property=\"og:description\" content=\"Masterclass: Microsoft 365 Copilot by Above IT. Formaci\u00f3n gratuita en formato webinar el 8.11.2024 a partir de las 13:00.\" \/>\n<meta property=\"og:url\" content=\"https:\/\/aboveit.fi\/es\/masterclass-microsoft-365-copilot-by-above-it\/\" \/>\n<meta property=\"og:site_name\" content=\"Above IT Oy\" \/>\n<meta property=\"article:publisher\" content=\"https:\/\/www.facebook.com\/aboveitfi\" \/>\n<meta property=\"article:modified_time\" content=\"2025-11-27T12:02:27+00:00\" \/>\n<meta property=\"og:image\" content=\"https:\/\/aboveit.fi\/wp-content\/uploads\/2024\/10\/icon-microsoft.png\" \/>\n\t<meta property=\"og:image:width\" content=\"400\" \/>\n\t<meta property=\"og:image:height\" content=\"400\" \/>\n\t<meta property=\"og:image:type\" content=\"image\/png\" \/>\n<meta name=\"twitter:card\" content=\"summary_large_image\" \/>\n<meta name=\"twitter:label1\" content=\"Tiempo de lectura\" \/>\n\t<meta name=\"twitter:data1\" content=\"2 minutos\" \/>\n<script type=\"application\/ld+json\" class=\"yoast-schema-graph\">{\"@context\":\"https:\\\/\\\/schema.org\",\"@graph\":[{\"@type\":\"WebPage\",\"@id\":\"https:\\\/\\\/aboveit.fi\\\/es\\\/masterclass-microsoft-365-copilot-by-above-it\\\/\",\"url\":\"https:\\\/\\\/aboveit.fi\\\/es\\\/masterclass-microsoft-365-copilot-by-above-it\\\/\",\"name\":\"Masterclass: Microsoft 365 Copilot by Above IT - Above IT Oy\",\"isPartOf\":{\"@id\":\"https:\\\/\\\/aboveit.fi\\\/es\\\/#website\"},\"primaryImageOfPage\":{\"@id\":\"https:\\\/\\\/aboveit.fi\\\/es\\\/masterclass-microsoft-365-copilot-by-above-it\\\/#primaryimage\"},\"image\":{\"@id\":\"https:\\\/\\\/aboveit.fi\\\/es\\\/masterclass-microsoft-365-copilot-by-above-it\\\/#primaryimage\"},\"thumbnailUrl\":\"https:\\\/\\\/aboveit.fi\\\/wp-content\\\/uploads\\\/2024\\\/10\\\/icon-microsoft.png\",\"datePublished\":\"2024-10-18T09:17:07+00:00\",\"dateModified\":\"2025-11-27T12:02:27+00:00\",\"description\":\"Masterclass: Microsoft 365 Copilot by Above IT. Formaci\u00f3n gratuita en formato webinar el 8.11.2024 a partir de las 13:00.\",\"breadcrumb\":{\"@id\":\"https:\\\/\\\/aboveit.fi\\\/es\\\/masterclass-microsoft-365-copilot-by-above-it\\\/#breadcrumb\"},\"inLanguage\":\"es\",\"potentialAction\":[{\"@type\":\"ReadAction\",\"target\":[\"https:\\\/\\\/aboveit.fi\\\/es\\\/masterclass-microsoft-365-copilot-by-above-it\\\/\"]}]},{\"@type\":\"ImageObject\",\"inLanguage\":\"es\",\"@id\":\"https:\\\/\\\/aboveit.fi\\\/es\\\/masterclass-microsoft-365-copilot-by-above-it\\\/#primaryimage\",\"url\":\"https:\\\/\\\/aboveit.fi\\\/wp-content\\\/uploads\\\/2024\\\/10\\\/icon-microsoft.png\",\"contentUrl\":\"https:\\\/\\\/aboveit.fi\\\/wp-content\\\/uploads\\\/2024\\\/10\\\/icon-microsoft.png\"},{\"@type\":\"BreadcrumbList\",\"@id\":\"https:\\\/\\\/aboveit.fi\\\/es\\\/masterclass-microsoft-365-copilot-by-above-it\\\/#breadcrumb\",\"itemListElement\":[{\"@type\":\"ListItem\",\"position\":1,\"name\":\"Etusivu\",\"item\":\"https:\\\/\\\/aboveit.fi\\\/es\\\/\"},{\"@type\":\"ListItem\",\"position\":2,\"name\":\"Masterclass: Microsoft 365 Copilot by Above IT\"}]},{\"@type\":\"WebSite\",\"@id\":\"https:\\\/\\\/aboveit.fi\\\/es\\\/#website\",\"url\":\"https:\\\/\\\/aboveit.fi\\\/es\\\/\",\"name\":\"We Are Above IT\",\"description\":\"Tietohallinnon voimavarakumppani\",\"publisher\":{\"@id\":\"https:\\\/\\\/aboveit.fi\\\/es\\\/#organization\"},\"potentialAction\":[{\"@type\":\"SearchAction\",\"target\":{\"@type\":\"EntryPoint\",\"urlTemplate\":\"https:\\\/\\\/aboveit.fi\\\/es\\\/?s={search_term_string}\"},\"query-input\":{\"@type\":\"PropertyValueSpecification\",\"valueRequired\":true,\"valueName\":\"search_term_string\"}}],\"inLanguage\":\"es\"},{\"@type\":\"Organization\",\"@id\":\"https:\\\/\\\/aboveit.fi\\\/es\\\/#organization\",\"name\":\"Above IT Oy\",\"url\":\"https:\\\/\\\/aboveit.fi\\\/es\\\/\",\"logo\":{\"@type\":\"ImageObject\",\"inLanguage\":\"es\",\"@id\":\"https:\\\/\\\/aboveit.fi\\\/es\\\/#\\\/schema\\\/logo\\\/image\\\/\",\"url\":\"https:\\\/\\\/aboveit.fi\\\/wp-content\\\/uploads\\\/2024\\\/10\\\/aboveIT-logo.png\",\"contentUrl\":\"https:\\\/\\\/aboveit.fi\\\/wp-content\\\/uploads\\\/2024\\\/10\\\/aboveIT-logo.png\",\"width\":1613,\"height\":383,\"caption\":\"Above IT Oy\"},\"image\":{\"@id\":\"https:\\\/\\\/aboveit.fi\\\/es\\\/#\\\/schema\\\/logo\\\/image\\\/\"},\"sameAs\":[\"https:\\\/\\\/www.facebook.com\\\/aboveitfi\",\"https:\\\/\\\/www.linkedin.com\\\/company\\\/aboveitfi\",\"https:\\\/\\\/instagram.com\\\/aboveitfi\"]}]}<\/script>\n<!-- \/ Yoast SEO plugin. -->","yoast_head_json":{"title":"Masterclass: Microsoft 365 Copilot by Above IT - Above IT Oy","description":"Masterclass: Microsoft 365 Copilot by Above IT. Formaci\u00f3n gratuita en formato webinar el 8.11.2024 a partir de las 13:00.","robots":{"index":"index","follow":"follow","max-snippet":"max-snippet:-1","max-image-preview":"max-image-preview:large","max-video-preview":"max-video-preview:-1"},"canonical":"https:\/\/aboveit.fi\/es\/masterclass-microsoft-365-copilot-by-above-it\/","og_locale":"es_ES","og_type":"article","og_title":"Masterclass: Microsoft 365 Copilot by Above IT - Above IT Oy","og_description":"Masterclass: Microsoft 365 Copilot by Above IT. Formaci\u00f3n gratuita en formato webinar el 8.11.2024 a partir de las 13:00.","og_url":"https:\/\/aboveit.fi\/es\/masterclass-microsoft-365-copilot-by-above-it\/","og_site_name":"Above IT Oy","article_publisher":"https:\/\/www.facebook.com\/aboveitfi","article_modified_time":"2025-11-27T12:02:27+00:00","og_image":[{"width":400,"height":400,"url":"https:\/\/aboveit.fi\/wp-content\/uploads\/2024\/10\/icon-microsoft.png","type":"image\/png"}],"twitter_card":"summary_large_image","twitter_misc":{"Tiempo de lectura":"2 minutos"},"schema":{"@context":"https:\/\/schema.org","@graph":[{"@type":"WebPage","@id":"https:\/\/aboveit.fi\/es\/masterclass-microsoft-365-copilot-by-above-it\/","url":"https:\/\/aboveit.fi\/es\/masterclass-microsoft-365-copilot-by-above-it\/","name":"Masterclass: Microsoft 365 Copilot by Above IT - Above IT Oy","isPartOf":{"@id":"https:\/\/aboveit.fi\/es\/#website"},"primaryImageOfPage":{"@id":"https:\/\/aboveit.fi\/es\/masterclass-microsoft-365-copilot-by-above-it\/#primaryimage"},"image":{"@id":"https:\/\/aboveit.fi\/es\/masterclass-microsoft-365-copilot-by-above-it\/#primaryimage"},"thumbnailUrl":"https:\/\/aboveit.fi\/wp-content\/uploads\/2024\/10\/icon-microsoft.png","datePublished":"2024-10-18T09:17:07+00:00","dateModified":"2025-11-27T12:02:27+00:00","description":"Masterclass: Microsoft 365 Copilot by Above IT. Formaci\u00f3n gratuita en formato webinar el 8.11.2024 a partir de las 13:00.","breadcrumb":{"@id":"https:\/\/aboveit.fi\/es\/masterclass-microsoft-365-copilot-by-above-it\/#breadcrumb"},"inLanguage":"es","potentialAction":[{"@type":"ReadAction","target":["https:\/\/aboveit.fi\/es\/masterclass-microsoft-365-copilot-by-above-it\/"]}]},{"@type":"ImageObject","inLanguage":"es","@id":"https:\/\/aboveit.fi\/es\/masterclass-microsoft-365-copilot-by-above-it\/#primaryimage","url":"https:\/\/aboveit.fi\/wp-content\/uploads\/2024\/10\/icon-microsoft.png","contentUrl":"https:\/\/aboveit.fi\/wp-content\/uploads\/2024\/10\/icon-microsoft.png"},{"@type":"BreadcrumbList","@id":"https:\/\/aboveit.fi\/es\/masterclass-microsoft-365-copilot-by-above-it\/#breadcrumb","itemListElement":[{"@type":"ListItem","position":1,"name":"Etusivu","item":"https:\/\/aboveit.fi\/es\/"},{"@type":"ListItem","position":2,"name":"Masterclass: Microsoft 365 Copilot by Above IT"}]},{"@type":"WebSite","@id":"https:\/\/aboveit.fi\/es\/#website","url":"https:\/\/aboveit.fi\/es\/","name":"We Are Above IT","description":"Tietohallinnon voimavarakumppani","publisher":{"@id":"https:\/\/aboveit.fi\/es\/#organization"},"potentialAction":[{"@type":"SearchAction","target":{"@type":"EntryPoint","urlTemplate":"https:\/\/aboveit.fi\/es\/?s={search_term_string}"},"query-input":{"@type":"PropertyValueSpecification","valueRequired":true,"valueName":"search_term_string"}}],"inLanguage":"es"},{"@type":"Organization","@id":"https:\/\/aboveit.fi\/es\/#organization","name":"Above IT Oy","url":"https:\/\/aboveit.fi\/es\/","logo":{"@type":"ImageObject","inLanguage":"es","@id":"https:\/\/aboveit.fi\/es\/#\/schema\/logo\/image\/","url":"https:\/\/aboveit.fi\/wp-content\/uploads\/2024\/10\/aboveIT-logo.png","contentUrl":"https:\/\/aboveit.fi\/wp-content\/uploads\/2024\/10\/aboveIT-logo.png","width":1613,"height":383,"caption":"Above IT Oy"},"image":{"@id":"https:\/\/aboveit.fi\/es\/#\/schema\/logo\/image\/"},"sameAs":["https:\/\/www.facebook.com\/aboveitfi","https:\/\/www.linkedin.com\/company\/aboveitfi","https:\/\/instagram.com\/aboveitfi"]}]}},"_links":{"self":[{"href":"https:\/\/aboveit.fi\/es\/wp-json\/wp\/v2\/pages\/9002","targetHints":{"allow":["GET"]}}],"collection":[{"href":"https:\/\/aboveit.fi\/es\/wp-json\/wp\/v2\/pages"}],"about":[{"href":"https:\/\/aboveit.fi\/es\/wp-json\/wp\/v2\/types\/page"}],"author":[{"embeddable":true,"href":"https:\/\/aboveit.fi\/es\/wp-json\/wp\/v2\/users\/1"}],"replies":[{"embeddable":true,"href":"https:\/\/aboveit.fi\/es\/wp-json\/wp\/v2\/comments?post=9002"}],"version-history":[{"count":1,"href":"https:\/\/aboveit.fi\/es\/wp-json\/wp\/v2\/pages\/9002\/revisions"}],"predecessor-version":[{"id":9005,"href":"https:\/\/aboveit.fi\/es\/wp-json\/wp\/v2\/pages\/9002\/revisions\/9005"}],"wp:attachment":[{"href":"https:\/\/aboveit.fi\/es\/wp-json\/wp\/v2\/media?parent=9002"}],"curies":[{"name":"wp","href":"https:\/\/api.w.org\/{rel}","templated":true}]}}