{"id":8924,"date":"2024-10-16T14:08:04","date_gmt":"2024-10-16T12:08:04","guid":{"rendered":"https:\/\/aboveit.fi\/politica-de-privacidad\/"},"modified":"2026-03-02T10:28:27","modified_gmt":"2026-03-02T08:28:27","slug":"politica-de-privacidad","status":"publish","type":"page","link":"https:\/\/aboveit.fi\/es\/politica-de-privacidad\/","title":{"rendered":"Pol\u00edtica de privacidad"},"content":{"rendered":"\t\t<div data-elementor-type=\"wp-page\" data-elementor-id=\"8924\" class=\"elementor elementor-8924 elementor-2983\" data-elementor-post-type=\"page\">\n\t\t\t\t\t\t<section class=\"elementor-section elementor-top-section elementor-element elementor-element-23fb353d elementor-section-boxed elementor-section-height-default elementor-section-height-default\" data-id=\"23fb353d\" data-element_type=\"section\" data-e-type=\"section\">\n\t\t\t\t\t\t<div class=\"elementor-container elementor-column-gap-default\">\n\t\t\t\t\t<div class=\"elementor-column elementor-col-100 elementor-top-column elementor-element elementor-element-4e30e90f\" data-id=\"4e30e90f\" data-element_type=\"column\" data-e-type=\"column\">\n\t\t\t<div class=\"elementor-widget-wrap elementor-element-populated\">\n\t\t\t\t\t\t<div class=\"elementor-element elementor-element-1e7fbcb3 elementor-widget elementor-widget-text-editor\" data-id=\"1e7fbcb3\" data-element_type=\"widget\" data-e-type=\"widget\" data-widget_type=\"text-editor.default\">\n\t\t\t\t<div class=\"elementor-widget-container\">\n\t\t\t\t\t\t\t\t\t\n<p><strong>1. Responsable del registro<\/strong><\/p>\n\n<p>Nombre: Above IT Oy<\/p>\n\n<p>N\u00famero de identificaci\u00f3n fiscal: 3425088-4<\/p>\n\n<p>Direcci\u00f3n: Linnoitustie 4 A<\/p>\n\n<p>C\u00f3digo postal: 02600<\/p>\n\n<p>Localidad: ESPOO<\/p>\n\n<p>N\u00famero de tel\u00e9fono: 010 739 7350<\/p>\n\n<p>Direcci\u00f3n de correo electr\u00f3nico: info@aboveit.fi<\/p>\n\n<p><strong>2. Persona encargada de los asuntos del registro<\/strong><\/p>\n\n<p>Empresa: Above IT Oy<\/p>\n\n<p>Nombre: Mika Hakkarainen<\/p>\n\n<p>Direcci\u00f3n: Linnoitustie 4 A<\/p>\n\n<p>C\u00f3digo postal: 02600<\/p>\n\n<p>Localidad: ESPOO<\/p>\n\n<p>N\u00famero de tel\u00e9fono: 010 739 7350<\/p>\n\n<p>Correo electr\u00f3nico: mika.hakkarainen@aboveit.fi<\/p>\n\n<p><strong>4. Finalidad del uso del registro<\/strong><\/p>\n\n<p>Los datos personales recopilados se utilizan para:<\/p>\n\n<p>Fines de ventas y marketing de Above IT Oy. Entrega de suscripciones a boletines informativos. <\/p>\n\n<p><strong>5. Base para la recopilaci\u00f3n y procesamiento de datos<\/strong><\/p>\n\n<p>Los datos del cliente se recopilan y procesan con el consentimiento del cliente, o para ejecutar un contrato con el cliente.<\/p>\n\n<p><strong>6. Contenido de datos del registro<\/strong><\/p>\n\n<p>Nombre de la empresa, N\u00famero de identificaci\u00f3n fiscal, Direcci\u00f3n de la empresa, Persona de contacto, Direcci\u00f3n de correo electr\u00f3nico y N\u00famero de tel\u00e9fono<\/p>\n\n<p><strong>7. Per\u00edodo de conservaci\u00f3n de los datos<\/strong><\/p>\n\n<p>Los datos personales se conservan mientras sean necesarios para ejecutar un contrato con el cliente o para fines de ventas y marketing.<\/p>\n\n<p><strong>8. Fuentes de datos regulares<\/strong><\/p>\n\n<p>Se recopilan datos para el registro:<\/p>\n\n<p>De la propia persona. De registros mantenidos por las autoridades dentro de los l\u00edmites permitidos por la ley (por ejemplo, ytj.fi). Los datos tambi\u00e9n se recopilan mediante herramientas de an\u00e1lisis como Google Analytics y Leadfeeder. Los datos pueden transferirse y almacenarse en el sistema CRM utilizado por Above IT Oy, cuya ubicaci\u00f3n de datos est\u00e1 en Finlandia.   <\/p>\n\n<p><strong>9. Divulgaciones regulares de datos y transferencia de datos fuera de la UE o del Espacio Econ\u00f3mico Europeo<\/strong><\/p>\n\n<p>Los datos no se divulgan regularmente fuera de la empresa. Algunos de los proveedores de servicios o software externos utilizados por la empresa pueden almacenar datos fuera de la UE o del Espacio Econ\u00f3mico Europeo. <\/p>\n\n<p><strong>10. Uso de cookies<\/strong><\/p>\n\n<p>Utilizamos la funci\u00f3n de cookies en nuestro sitio web. Una cookie es un peque\u00f1o archivo de texto que se env\u00eda y almacena en el ordenador del usuario, lo que permite al administrador del sitio web identificar a los visitantes frecuentes, facilitar el inicio de sesi\u00f3n de los visitantes y compilar informaci\u00f3n combinada sobre los visitantes.<br> Con esta retroalimentaci\u00f3n, podemos mejorar continuamente el contenido de nuestro sitio. Las cookies no da\u00f1an los ordenadores o archivos de los usuarios.<br> Las utilizamos para poder ofrecer a nuestros clientes informaci\u00f3n y servicios adaptados a sus necesidades individuales.     <\/p>\n\n<p>Si un usuario que visita nuestro sitio no desea que obtengamos la informaci\u00f3n mencionada anteriormente a trav\u00e9s de cookies, puede rechazar las cookies si lo desea. Sin embargo, es importante tener en cuenta que las cookies pueden ser necesarias para el funcionamiento adecuado de algunas de las p\u00e1ginas que mantenemos y los servicios que ofrecemos. <\/p>\n\n<p><strong>11. Protecci\u00f3n del registro<\/strong><\/p>\n\n<p>Los datos se transfieren a trav\u00e9s de una conexi\u00f3n protegida por SSL. Los datos electr\u00f3nicos est\u00e1n protegidos con m\u00e9todos apropiados. <\/p>\n\n<p>El acceso a los datos est\u00e1 limitado solo a aquellas personas al servicio del responsable del registro que necesitan la informaci\u00f3n en sus tareas.<\/p>\n\n<p><strong>12. Toma de decisiones automatizada<\/strong><\/p>\n\n<p>No se toman decisiones individuales automatizadas (art\u00edculo 22 del Reglamento General de Protecci\u00f3n de Datos de la UE).<\/p>\n\n<p><strong>13. Derechos del interesado<\/strong><\/p>\n\n<p>El interesado tiene derecho a verificar qu\u00e9 datos personales se han almacenado en el registro de datos personales. La solicitud de verificaci\u00f3n por escrito debe enviarse firmada a la persona responsable de los asuntos del registro. El derecho de verificaci\u00f3n es gratuito una vez al a\u00f1o.  <\/p>\n\n<p>El interesado tiene derecho a exigir la rectificaci\u00f3n o eliminaci\u00f3n de datos incorrectos o desactualizados, o la transferencia de datos de un sistema a otro. Tambi\u00e9n tiene derecho a restringir u oponerse al procesamiento de sus datos de acuerdo con los art\u00edculos 18 y 21 del Reglamento General de Protecci\u00f3n de Datos de la UE. <\/p>\n\n<p>El interesado tiene derecho a retirar el consentimiento previamente otorgado para el procesamiento de datos o presentar una queja ante la autoridad supervisora sobre cuestiones relacionadas con el procesamiento de sus datos personales.<\/p>\n\n<p>El interesado tambi\u00e9n tiene derecho a prohibir el uso de sus datos para fines de marketing directo.<\/p>\n\n<p> <\/p>\n\t\t\t\t\t\t\t\t<\/div>\n\t\t\t\t<\/div>\n\t\t\t\t\t<\/div>\n\t\t<\/div>\n\t\t\t\t\t<\/div>\n\t\t<\/section>\n\t\t\t\t<\/div>\n\t\t","protected":false},"excerpt":{"rendered":"<p>1. Responsable del registro Nombre: Above IT Oy N\u00famero de identificaci\u00f3n fiscal: 3425088-4 Direcci\u00f3n: Linnoitustie 4 A C\u00f3digo postal: 02600 Localidad: ESPOO N\u00famero de tel\u00e9fono: 010 739 7350 Direcci\u00f3n de correo electr\u00f3nico: info@aboveit.fi 2. Persona encargada de los asuntos del registro Empresa: Above IT Oy Nombre: Mika Hakkarainen Direcci\u00f3n: Linnoitustie 4 A C\u00f3digo postal: 02600 [&hellip;]<\/p>\n","protected":false},"author":1,"featured_media":8148,"parent":0,"menu_order":0,"comment_status":"closed","ping_status":"closed","template":"","meta":{"content-type":"","inline_featured_image":false,"footnotes":""},"class_list":["post-8924","page","type-page","status-publish","has-post-thumbnail","hentry"],"yoast_head":"<!-- This site is optimized with the Yoast SEO plugin v27.4 - https:\/\/yoast.com\/product\/yoast-seo-wordpress\/ -->\n<title>Pol\u00edtica de privacidad - Above IT Oy<\/title>\n<meta name=\"description\" content=\"Pol\u00edtica de privacidad de Above IT Oy. Lea c\u00f3mo almacenamos, procesamos y utilizamos los datos personales para nuestros propios fines comerciales.\" \/>\n<meta name=\"robots\" content=\"index, follow, max-snippet:-1, max-image-preview:large, max-video-preview:-1\" \/>\n<link rel=\"canonical\" href=\"https:\/\/aboveit.fi\/es\/politica-de-privacidad\/\" \/>\n<meta property=\"og:locale\" content=\"es_ES\" \/>\n<meta property=\"og:type\" content=\"article\" \/>\n<meta property=\"og:title\" content=\"Pol\u00edtica de privacidad - Above IT Oy\" \/>\n<meta property=\"og:description\" content=\"Pol\u00edtica de privacidad de Above IT Oy. Lea c\u00f3mo almacenamos, procesamos y utilizamos los datos personales para nuestros propios fines comerciales.\" \/>\n<meta property=\"og:url\" content=\"https:\/\/aboveit.fi\/es\/politica-de-privacidad\/\" \/>\n<meta property=\"og:site_name\" content=\"Above IT Oy\" \/>\n<meta property=\"article:publisher\" content=\"https:\/\/www.facebook.com\/aboveitfi\" \/>\n<meta property=\"article:modified_time\" content=\"2026-03-02T08:28:27+00:00\" \/>\n<meta property=\"og:image\" content=\"https:\/\/aboveit.fi\/wp-content\/uploads\/2025\/01\/TRANSPARENT-ICON.png\" \/>\n\t<meta property=\"og:image:width\" content=\"538\" \/>\n\t<meta property=\"og:image:height\" content=\"456\" \/>\n\t<meta property=\"og:image:type\" content=\"image\/png\" \/>\n<meta name=\"twitter:card\" content=\"summary_large_image\" \/>\n<meta name=\"twitter:label1\" content=\"Tiempo de lectura\" \/>\n\t<meta name=\"twitter:data1\" content=\"4 minutos\" \/>\n<script type=\"application\/ld+json\" class=\"yoast-schema-graph\">{\"@context\":\"https:\\\/\\\/schema.org\",\"@graph\":[{\"@type\":\"WebPage\",\"@id\":\"https:\\\/\\\/aboveit.fi\\\/es\\\/politica-de-privacidad\\\/\",\"url\":\"https:\\\/\\\/aboveit.fi\\\/es\\\/politica-de-privacidad\\\/\",\"name\":\"Pol\u00edtica de privacidad - Above IT Oy\",\"isPartOf\":{\"@id\":\"https:\\\/\\\/aboveit.fi\\\/es\\\/#website\"},\"primaryImageOfPage\":{\"@id\":\"https:\\\/\\\/aboveit.fi\\\/es\\\/politica-de-privacidad\\\/#primaryimage\"},\"image\":{\"@id\":\"https:\\\/\\\/aboveit.fi\\\/es\\\/politica-de-privacidad\\\/#primaryimage\"},\"thumbnailUrl\":\"https:\\\/\\\/aboveit.fi\\\/wp-content\\\/uploads\\\/2025\\\/01\\\/TRANSPARENT-ICON.png\",\"datePublished\":\"2024-10-16T12:08:04+00:00\",\"dateModified\":\"2026-03-02T08:28:27+00:00\",\"description\":\"Pol\u00edtica de privacidad de Above IT Oy. Lea c\u00f3mo almacenamos, procesamos y utilizamos los datos personales para nuestros propios fines comerciales.\",\"breadcrumb\":{\"@id\":\"https:\\\/\\\/aboveit.fi\\\/es\\\/politica-de-privacidad\\\/#breadcrumb\"},\"inLanguage\":\"es\",\"potentialAction\":[{\"@type\":\"ReadAction\",\"target\":[\"https:\\\/\\\/aboveit.fi\\\/es\\\/politica-de-privacidad\\\/\"]}]},{\"@type\":\"ImageObject\",\"inLanguage\":\"es\",\"@id\":\"https:\\\/\\\/aboveit.fi\\\/es\\\/politica-de-privacidad\\\/#primaryimage\",\"url\":\"https:\\\/\\\/aboveit.fi\\\/wp-content\\\/uploads\\\/2025\\\/01\\\/TRANSPARENT-ICON.png\",\"contentUrl\":\"https:\\\/\\\/aboveit.fi\\\/wp-content\\\/uploads\\\/2025\\\/01\\\/TRANSPARENT-ICON.png\",\"width\":538,\"height\":456,\"caption\":\"consigliere de su administraci\u00f3n de TI\"},{\"@type\":\"BreadcrumbList\",\"@id\":\"https:\\\/\\\/aboveit.fi\\\/es\\\/politica-de-privacidad\\\/#breadcrumb\",\"itemListElement\":[{\"@type\":\"ListItem\",\"position\":1,\"name\":\"Etusivu\",\"item\":\"https:\\\/\\\/aboveit.fi\\\/es\\\/\"},{\"@type\":\"ListItem\",\"position\":2,\"name\":\"Pol\u00edtica de privacidad\"}]},{\"@type\":\"WebSite\",\"@id\":\"https:\\\/\\\/aboveit.fi\\\/es\\\/#website\",\"url\":\"https:\\\/\\\/aboveit.fi\\\/es\\\/\",\"name\":\"We Are Above IT\",\"description\":\"Tietohallinnon voimavarakumppani\",\"publisher\":{\"@id\":\"https:\\\/\\\/aboveit.fi\\\/es\\\/#organization\"},\"potentialAction\":[{\"@type\":\"SearchAction\",\"target\":{\"@type\":\"EntryPoint\",\"urlTemplate\":\"https:\\\/\\\/aboveit.fi\\\/es\\\/?s={search_term_string}\"},\"query-input\":{\"@type\":\"PropertyValueSpecification\",\"valueRequired\":true,\"valueName\":\"search_term_string\"}}],\"inLanguage\":\"es\"},{\"@type\":\"Organization\",\"@id\":\"https:\\\/\\\/aboveit.fi\\\/es\\\/#organization\",\"name\":\"Above IT Oy\",\"url\":\"https:\\\/\\\/aboveit.fi\\\/es\\\/\",\"logo\":{\"@type\":\"ImageObject\",\"inLanguage\":\"es\",\"@id\":\"https:\\\/\\\/aboveit.fi\\\/es\\\/#\\\/schema\\\/logo\\\/image\\\/\",\"url\":\"https:\\\/\\\/aboveit.fi\\\/wp-content\\\/uploads\\\/2024\\\/10\\\/aboveIT-logo.png\",\"contentUrl\":\"https:\\\/\\\/aboveit.fi\\\/wp-content\\\/uploads\\\/2024\\\/10\\\/aboveIT-logo.png\",\"width\":1613,\"height\":383,\"caption\":\"Above IT Oy\"},\"image\":{\"@id\":\"https:\\\/\\\/aboveit.fi\\\/es\\\/#\\\/schema\\\/logo\\\/image\\\/\"},\"sameAs\":[\"https:\\\/\\\/www.facebook.com\\\/aboveitfi\",\"https:\\\/\\\/www.linkedin.com\\\/company\\\/aboveitfi\",\"https:\\\/\\\/instagram.com\\\/aboveitfi\"]}]}<\/script>\n<!-- \/ Yoast SEO plugin. -->","yoast_head_json":{"title":"Pol\u00edtica de privacidad - Above IT Oy","description":"Pol\u00edtica de privacidad de Above IT Oy. Lea c\u00f3mo almacenamos, procesamos y utilizamos los datos personales para nuestros propios fines comerciales.","robots":{"index":"index","follow":"follow","max-snippet":"max-snippet:-1","max-image-preview":"max-image-preview:large","max-video-preview":"max-video-preview:-1"},"canonical":"https:\/\/aboveit.fi\/es\/politica-de-privacidad\/","og_locale":"es_ES","og_type":"article","og_title":"Pol\u00edtica de privacidad - Above IT Oy","og_description":"Pol\u00edtica de privacidad de Above IT Oy. Lea c\u00f3mo almacenamos, procesamos y utilizamos los datos personales para nuestros propios fines comerciales.","og_url":"https:\/\/aboveit.fi\/es\/politica-de-privacidad\/","og_site_name":"Above IT Oy","article_publisher":"https:\/\/www.facebook.com\/aboveitfi","article_modified_time":"2026-03-02T08:28:27+00:00","og_image":[{"width":538,"height":456,"url":"https:\/\/aboveit.fi\/wp-content\/uploads\/2025\/01\/TRANSPARENT-ICON.png","type":"image\/png"}],"twitter_card":"summary_large_image","twitter_misc":{"Tiempo de lectura":"4 minutos"},"schema":{"@context":"https:\/\/schema.org","@graph":[{"@type":"WebPage","@id":"https:\/\/aboveit.fi\/es\/politica-de-privacidad\/","url":"https:\/\/aboveit.fi\/es\/politica-de-privacidad\/","name":"Pol\u00edtica de privacidad - Above IT Oy","isPartOf":{"@id":"https:\/\/aboveit.fi\/es\/#website"},"primaryImageOfPage":{"@id":"https:\/\/aboveit.fi\/es\/politica-de-privacidad\/#primaryimage"},"image":{"@id":"https:\/\/aboveit.fi\/es\/politica-de-privacidad\/#primaryimage"},"thumbnailUrl":"https:\/\/aboveit.fi\/wp-content\/uploads\/2025\/01\/TRANSPARENT-ICON.png","datePublished":"2024-10-16T12:08:04+00:00","dateModified":"2026-03-02T08:28:27+00:00","description":"Pol\u00edtica de privacidad de Above IT Oy. Lea c\u00f3mo almacenamos, procesamos y utilizamos los datos personales para nuestros propios fines comerciales.","breadcrumb":{"@id":"https:\/\/aboveit.fi\/es\/politica-de-privacidad\/#breadcrumb"},"inLanguage":"es","potentialAction":[{"@type":"ReadAction","target":["https:\/\/aboveit.fi\/es\/politica-de-privacidad\/"]}]},{"@type":"ImageObject","inLanguage":"es","@id":"https:\/\/aboveit.fi\/es\/politica-de-privacidad\/#primaryimage","url":"https:\/\/aboveit.fi\/wp-content\/uploads\/2025\/01\/TRANSPARENT-ICON.png","contentUrl":"https:\/\/aboveit.fi\/wp-content\/uploads\/2025\/01\/TRANSPARENT-ICON.png","width":538,"height":456,"caption":"consigliere de su administraci\u00f3n de TI"},{"@type":"BreadcrumbList","@id":"https:\/\/aboveit.fi\/es\/politica-de-privacidad\/#breadcrumb","itemListElement":[{"@type":"ListItem","position":1,"name":"Etusivu","item":"https:\/\/aboveit.fi\/es\/"},{"@type":"ListItem","position":2,"name":"Pol\u00edtica de privacidad"}]},{"@type":"WebSite","@id":"https:\/\/aboveit.fi\/es\/#website","url":"https:\/\/aboveit.fi\/es\/","name":"We Are Above IT","description":"Tietohallinnon voimavarakumppani","publisher":{"@id":"https:\/\/aboveit.fi\/es\/#organization"},"potentialAction":[{"@type":"SearchAction","target":{"@type":"EntryPoint","urlTemplate":"https:\/\/aboveit.fi\/es\/?s={search_term_string}"},"query-input":{"@type":"PropertyValueSpecification","valueRequired":true,"valueName":"search_term_string"}}],"inLanguage":"es"},{"@type":"Organization","@id":"https:\/\/aboveit.fi\/es\/#organization","name":"Above IT Oy","url":"https:\/\/aboveit.fi\/es\/","logo":{"@type":"ImageObject","inLanguage":"es","@id":"https:\/\/aboveit.fi\/es\/#\/schema\/logo\/image\/","url":"https:\/\/aboveit.fi\/wp-content\/uploads\/2024\/10\/aboveIT-logo.png","contentUrl":"https:\/\/aboveit.fi\/wp-content\/uploads\/2024\/10\/aboveIT-logo.png","width":1613,"height":383,"caption":"Above IT Oy"},"image":{"@id":"https:\/\/aboveit.fi\/es\/#\/schema\/logo\/image\/"},"sameAs":["https:\/\/www.facebook.com\/aboveitfi","https:\/\/www.linkedin.com\/company\/aboveitfi","https:\/\/instagram.com\/aboveitfi"]}]}},"_links":{"self":[{"href":"https:\/\/aboveit.fi\/es\/wp-json\/wp\/v2\/pages\/8924","targetHints":{"allow":["GET"]}}],"collection":[{"href":"https:\/\/aboveit.fi\/es\/wp-json\/wp\/v2\/pages"}],"about":[{"href":"https:\/\/aboveit.fi\/es\/wp-json\/wp\/v2\/types\/page"}],"author":[{"embeddable":true,"href":"https:\/\/aboveit.fi\/es\/wp-json\/wp\/v2\/users\/1"}],"replies":[{"embeddable":true,"href":"https:\/\/aboveit.fi\/es\/wp-json\/wp\/v2\/comments?post=8924"}],"version-history":[{"count":4,"href":"https:\/\/aboveit.fi\/es\/wp-json\/wp\/v2\/pages\/8924\/revisions"}],"predecessor-version":[{"id":10851,"href":"https:\/\/aboveit.fi\/es\/wp-json\/wp\/v2\/pages\/8924\/revisions\/10851"}],"wp:featuredmedia":[{"embeddable":true,"href":"https:\/\/aboveit.fi\/es\/wp-json\/wp\/v2\/media\/8148"}],"wp:attachment":[{"href":"https:\/\/aboveit.fi\/es\/wp-json\/wp\/v2\/media?parent=8924"}],"curies":[{"name":"wp","href":"https:\/\/api.w.org\/{rel}","templated":true}]}}