{"id":8828,"date":"2024-10-08T13:17:22","date_gmt":"2024-10-08T11:17:22","guid":{"rendered":"https:\/\/aboveit.fi\/servicios-consigliere\/"},"modified":"2025-11-27T14:02:03","modified_gmt":"2025-11-27T12:02:03","slug":"servicios-consigliere","status":"publish","type":"page","link":"https:\/\/aboveit.fi\/es\/servicios-consigliere\/","title":{"rendered":"Servicios Consigliere"},"content":{"rendered":"\t\t<div data-elementor-type=\"wp-page\" data-elementor-id=\"8828\" class=\"elementor elementor-8828 elementor-189\" data-elementor-post-type=\"page\">\n\t\t\t\t\t\t<section class=\"elementor-section elementor-top-section elementor-element elementor-element-b701054 elementor-section-boxed elementor-section-height-default elementor-section-height-default\" data-id=\"b701054\" data-element_type=\"section\" data-e-type=\"section\">\n\t\t\t\t\t\t<div class=\"elementor-container elementor-column-gap-default\">\n\t\t\t\t\t<div class=\"elementor-column elementor-col-50 elementor-top-column elementor-element elementor-element-09267f5 elementor-invisible\" data-id=\"09267f5\" data-element_type=\"column\" data-e-type=\"column\" data-settings=\"{&quot;background_background&quot;:&quot;classic&quot;,&quot;animation&quot;:&quot;fadeInRight&quot;}\">\n\t\t\t<div class=\"elementor-widget-wrap elementor-element-populated\">\n\t\t\t\t\t<div class=\"elementor-background-overlay\"><\/div>\n\t\t\t\t\t\t<div class=\"elementor-element elementor-element-fc68128 animated-slow elementor-invisible elementor-widget elementor-widget-text-editor\" data-id=\"fc68128\" data-element_type=\"widget\" data-e-type=\"widget\" data-settings=\"{&quot;_animation&quot;:&quot;fadeInUp&quot;}\" data-widget_type=\"text-editor.default\">\n\t\t\t\t<div class=\"elementor-widget-container\">\n\t\t\t\t\t\t\t\t\t\u00a1La tarea de la gesti\u00f3n de TI es permitir que el negocio prospere, y nuestra tarea es apoyar a la gesti\u00f3n de TI en esto!\n\n\t\t\t\t\t\t\t\t<\/div>\n\t\t\t\t<\/div>\n\t\t\t\t\t<\/div>\n\t\t<\/div>\n\t\t\t\t<div class=\"elementor-column elementor-col-50 elementor-top-column elementor-element elementor-element-e954f23 elementor-invisible\" data-id=\"e954f23\" data-element_type=\"column\" data-e-type=\"column\" data-settings=\"{&quot;animation&quot;:&quot;fadeInRight&quot;}\">\n\t\t\t<div class=\"elementor-widget-wrap elementor-element-populated\">\n\t\t\t\t\t\t<div class=\"elementor-element elementor-element-57aee08 elementor-widget elementor-widget-text-editor\" data-id=\"57aee08\" data-element_type=\"widget\" data-e-type=\"widget\" data-widget_type=\"text-editor.default\">\n\t\t\t\t<div class=\"elementor-widget-container\">\n\t\t\t\t\t\t\t\t\tasegure el respaldo de la gesti\u00f3n de TI\t\t\t\t\t\t\t\t<\/div>\n\t\t\t\t<\/div>\n\t\t\t\t<div class=\"elementor-element elementor-element-17b50b5 elementor-widget elementor-widget-heading\" data-id=\"17b50b5\" data-element_type=\"widget\" data-e-type=\"widget\" data-widget_type=\"heading.default\">\n\t\t\t\t<div class=\"elementor-widget-container\">\n\t\t\t\t\t<h2 class=\"elementor-heading-title elementor-size-default\">El 'consigliere' de su gesti\u00f3n de TI<\/h2>\t\t\t\t<\/div>\n\t\t\t\t<\/div>\n\t\t\t\t<div class=\"elementor-element elementor-element-e1db514 elementor-widget elementor-widget-text-editor\" data-id=\"e1db514\" data-element_type=\"widget\" data-e-type=\"widget\" data-widget_type=\"text-editor.default\">\n\t\t\t\t<div class=\"elementor-widget-container\">\n\t\t\t\t\t\t\t\t\tEl t\u00e9rmino &#8216;consigliere&#8217; se refiere a un asesor de confianza que su gesti\u00f3n de TI deber\u00eda tener. El entorno de TI actual y el conocimiento de las diferentes tecnolog\u00edas est\u00e1n dispersos. Hay tanto que considerar que no es rentable tratar de asimilarlo todo perfectamente por uno mismo. En la gesti\u00f3n de TI, las cosas m\u00e1s importantes que hay que dominar son los servicios que apoyan el negocio, como las soluciones ERP y otras aplicaciones. Otros conocimientos importantes sobre infraestructura y servicios en la nube pueden recibir menos atenci\u00f3n en el desarrollo en medio de todo el ajetreo, \u00a1y por una buena raz\u00f3n!    \n\nSin embargo, el mundo de la nube requiere la internalizaci\u00f3n de conocimientos. Aqu\u00ed es donde apoyamos a su organizaci\u00f3n. Aportamos los \u00faltimos conocimientos del mundo de la nube y los transmitimos a usted. Es posible que su tiempo no sea suficiente para todo, por lo que ofrecemos nuestros servicios de valor a\u00f1adido, actuando como un recurso para su gesti\u00f3n de TI.   \t\t\t\t\t\t\t\t<\/div>\n\t\t\t\t<\/div>\n\t\t\t\t\t<\/div>\n\t\t<\/div>\n\t\t\t\t\t<\/div>\n\t\t<\/section>\n\t\t\t\t<section class=\"elementor-section elementor-top-section elementor-element elementor-element-c87c85e elementor-section-boxed elementor-section-height-default elementor-section-height-default\" data-id=\"c87c85e\" data-element_type=\"section\" data-e-type=\"section\">\n\t\t\t\t\t\t<div class=\"elementor-container elementor-column-gap-default\">\n\t\t\t\t\t<div class=\"elementor-column elementor-col-100 elementor-top-column elementor-element elementor-element-52e3fad\" data-id=\"52e3fad\" data-element_type=\"column\" data-e-type=\"column\">\n\t\t\t<div class=\"elementor-widget-wrap elementor-element-populated\">\n\t\t\t\t\t\t<div class=\"elementor-element elementor-element-893b3ea elementor-view-default elementor-widget elementor-widget-icon\" data-id=\"893b3ea\" data-element_type=\"widget\" data-e-type=\"widget\" data-widget_type=\"icon.default\">\n\t\t\t\t<div class=\"elementor-widget-container\">\n\t\t\t\t\t\t\t<div class=\"elementor-icon-wrapper\">\n\t\t\t<div class=\"elementor-icon\">\n\t\t\t<i aria-hidden=\"true\" class=\"fas fa-cloud-download-alt\"><\/i>\t\t\t<\/div>\n\t\t<\/div>\n\t\t\t\t\t\t<\/div>\n\t\t\t\t<\/div>\n\t\t\t\t<div class=\"elementor-element elementor-element-579c37c elementor-widget elementor-widget-heading\" data-id=\"579c37c\" data-element_type=\"widget\" data-e-type=\"widget\" data-widget_type=\"heading.default\">\n\t\t\t\t<div class=\"elementor-widget-container\">\n\t\t\t\t\t<h2 class=\"elementor-heading-title elementor-size-default\">Servicios de nube gestionada<\/h2>\t\t\t\t<\/div>\n\t\t\t\t<\/div>\n\t\t\t\t<div class=\"elementor-element elementor-element-e705b8a elementor-widget elementor-widget-text-editor\" data-id=\"e705b8a\" data-element_type=\"widget\" data-e-type=\"widget\" data-widget_type=\"text-editor.default\">\n\t\t\t\t<div class=\"elementor-widget-container\">\n\t\t\t\t\t\t\t\t\tYa sea que la necesidad sea puramente Microsoft 365, servicios de plataforma en la nube de Azure, o tecnolog\u00edas de red gestionadas en la nube, ofrecemos servicios de nube gestionada en estas \u00e1reas en el alcance acordado con usted. Nuestros servicios tambi\u00e9n cubren los canales de soporte necesarios para los proveedores de servicios en la nube y la gesti\u00f3n de varias situaciones problem\u00e1ticas. Es m\u00e1s sensato que la gesti\u00f3n de TI se centre en lo esencial y deje, por ejemplo, las soluciones de la nube de Azure a cargo de profesionales para su mantenimiento.  \t\t\t\t\t\t\t\t<\/div>\n\t\t\t\t<\/div>\n\t\t\t\t\t<\/div>\n\t\t<\/div>\n\t\t\t\t\t<\/div>\n\t\t<\/section>\n\t\t\t\t<section class=\"elementor-section elementor-top-section elementor-element elementor-element-af56e65 elementor-section-boxed elementor-section-height-default elementor-section-height-default\" data-id=\"af56e65\" data-element_type=\"section\" data-e-type=\"section\">\n\t\t\t\t\t\t<div class=\"elementor-container elementor-column-gap-default\">\n\t\t\t\t\t<div class=\"elementor-column elementor-col-100 elementor-top-column elementor-element elementor-element-fd4a04a\" data-id=\"fd4a04a\" data-element_type=\"column\" data-e-type=\"column\">\n\t\t\t<div class=\"elementor-widget-wrap elementor-element-populated\">\n\t\t\t\t\t\t<div class=\"elementor-element elementor-element-e418d12 elementor-view-default elementor-widget elementor-widget-icon\" data-id=\"e418d12\" data-element_type=\"widget\" data-e-type=\"widget\" data-widget_type=\"icon.default\">\n\t\t\t\t<div class=\"elementor-widget-container\">\n\t\t\t\t\t\t\t<div class=\"elementor-icon-wrapper\">\n\t\t\t<div class=\"elementor-icon\">\n\t\t\t<i aria-hidden=\"true\" class=\"fab fa-windows\"><\/i>\t\t\t<\/div>\n\t\t<\/div>\n\t\t\t\t\t\t<\/div>\n\t\t\t\t<\/div>\n\t\t\t\t<div class=\"elementor-element elementor-element-8690978 elementor-widget elementor-widget-heading\" data-id=\"8690978\" data-element_type=\"widget\" data-e-type=\"widget\" data-widget_type=\"heading.default\">\n\t\t\t\t<div class=\"elementor-widget-container\">\n\t\t\t\t\t<h2 class=\"elementor-heading-title elementor-size-default\">Dispositivos y licencias<\/h2>\t\t\t\t<\/div>\n\t\t\t\t<\/div>\n\t\t\t\t<div class=\"elementor-element elementor-element-da2f63c elementor-widget elementor-widget-text-editor\" data-id=\"da2f63c\" data-element_type=\"widget\" data-e-type=\"widget\" data-widget_type=\"text-editor.default\">\n\t\t\t\t<div class=\"elementor-widget-container\">\n\t\t\t\t\t\t\t\t\t<p>Ofrecemos a nuestros clientes todos los dispositivos y licencias necesarios a trav\u00e9s de nuestros canales mayoristas. Como socio de Microsoft, operamos en el canal CSP y podemos organizar el soporte necesario para soluciones en la nube y licencias a trav\u00e9s del modelo de canal. Como socio de Cisco, organizamos dispositivos de red gestionados en la nube y sus licencias a trav\u00e9s de nuestros canales mayoristas de manera rentable y con el modelo de financiaci\u00f3n deseado.  <\/p>\t\t\t\t\t\t\t\t<\/div>\n\t\t\t\t<\/div>\n\t\t\t\t\t<\/div>\n\t\t<\/div>\n\t\t\t\t\t<\/div>\n\t\t<\/section>\n\t\t\t\t<section class=\"elementor-section elementor-top-section elementor-element elementor-element-668d89f elementor-section-boxed elementor-section-height-default elementor-section-height-default\" data-id=\"668d89f\" data-element_type=\"section\" data-e-type=\"section\">\n\t\t\t\t\t\t<div class=\"elementor-container elementor-column-gap-default\">\n\t\t\t\t\t<div class=\"elementor-column elementor-col-100 elementor-top-column elementor-element elementor-element-5cef1e0\" data-id=\"5cef1e0\" data-element_type=\"column\" data-e-type=\"column\">\n\t\t\t<div class=\"elementor-widget-wrap elementor-element-populated\">\n\t\t\t\t\t\t<div class=\"elementor-element elementor-element-626287c elementor-view-default elementor-widget elementor-widget-icon\" data-id=\"626287c\" data-element_type=\"widget\" data-e-type=\"widget\" data-widget_type=\"icon.default\">\n\t\t\t\t<div class=\"elementor-widget-container\">\n\t\t\t\t\t\t\t<div class=\"elementor-icon-wrapper\">\n\t\t\t<div class=\"elementor-icon\">\n\t\t\t<i aria-hidden=\"true\" class=\"far fa-chart-bar\"><\/i>\t\t\t<\/div>\n\t\t<\/div>\n\t\t\t\t\t\t<\/div>\n\t\t\t\t<\/div>\n\t\t\t\t<div class=\"elementor-element elementor-element-c9a9c87 elementor-widget elementor-widget-heading\" data-id=\"c9a9c87\" data-element_type=\"widget\" data-e-type=\"widget\" data-widget_type=\"heading.default\">\n\t\t\t\t<div class=\"elementor-widget-container\">\n\t\t\t\t\t<h2 class=\"elementor-heading-title elementor-size-default\">Consultor\u00eda y proyectos<\/h2>\t\t\t\t<\/div>\n\t\t\t\t<\/div>\n\t\t\t\t<div class=\"elementor-element elementor-element-5b70b67 elementor-widget elementor-widget-text-editor\" data-id=\"5b70b67\" data-element_type=\"widget\" data-e-type=\"widget\" data-widget_type=\"text-editor.default\">\n\t\t\t\t<div class=\"elementor-widget-container\">\n\t\t\t\t\t\t\t\t\tTambi\u00e9n se puede trabajar con nosotros en base a proyectos. Los proyectos son la mejor forma de iniciar una colaboraci\u00f3n m\u00e1s continua. Ofrecemos servicios de consultor\u00eda y expertos basados en proyectos, por ejemplo, para desarrollar el trabajo de conocimiento. Por lo tanto, no vamos a &#8216;Casados a primera vista&#8217; cuando nos contrata para trabajo de expertos. Siempre avanzamos centrados en el cliente y escuch\u00e1ndole. Ofrecemos una garant\u00eda de satisfacci\u00f3n del 100% para los proyectos que realizamos.     \n\n\t\t\t\t\t\t\t\t<\/div>\n\t\t\t\t<\/div>\n\t\t\t\t\t<\/div>\n\t\t<\/div>\n\t\t\t\t\t<\/div>\n\t\t<\/section>\n\t\t\t\t<section class=\"elementor-section elementor-top-section elementor-element elementor-element-456100d elementor-section-boxed elementor-section-height-default elementor-section-height-default\" data-id=\"456100d\" data-element_type=\"section\" data-e-type=\"section\">\n\t\t\t\t\t\t<div class=\"elementor-container elementor-column-gap-default\">\n\t\t\t\t\t<div class=\"elementor-column elementor-col-100 elementor-top-column elementor-element elementor-element-bb52f54\" data-id=\"bb52f54\" data-element_type=\"column\" data-e-type=\"column\">\n\t\t\t<div class=\"elementor-widget-wrap elementor-element-populated\">\n\t\t\t\t\t\t<div class=\"elementor-element elementor-element-1256636 elementor-view-default elementor-widget elementor-widget-icon\" data-id=\"1256636\" data-element_type=\"widget\" data-e-type=\"widget\" data-widget_type=\"icon.default\">\n\t\t\t\t<div class=\"elementor-widget-container\">\n\t\t\t\t\t\t\t<div class=\"elementor-icon-wrapper\">\n\t\t\t<div class=\"elementor-icon\">\n\t\t\t<i aria-hidden=\"true\" class=\"fas fa-people-carry\"><\/i>\t\t\t<\/div>\n\t\t<\/div>\n\t\t\t\t\t\t<\/div>\n\t\t\t\t<\/div>\n\t\t\t\t<div class=\"elementor-element elementor-element-658e205 elementor-widget elementor-widget-heading\" data-id=\"658e205\" data-element_type=\"widget\" data-e-type=\"widget\" data-widget_type=\"heading.default\">\n\t\t\t\t<div class=\"elementor-widget-container\">\n\t\t\t\t\t<h2 class=\"elementor-heading-title elementor-size-default\">Servicios de recursos<\/h2>\t\t\t\t<\/div>\n\t\t\t\t<\/div>\n\t\t\t\t<div class=\"elementor-element elementor-element-ff7b60d elementor-widget elementor-widget-text-editor\" data-id=\"ff7b60d\" data-element_type=\"widget\" data-e-type=\"widget\" data-widget_type=\"text-editor.default\">\n\t\t\t\t<div class=\"elementor-widget-container\">\n\t\t\t\t\t\t\t\t\t<p>Ofrecemos nuestros servicios como socio de recursos para la gesti\u00f3n de TI. Podemos actuar como gerente de TI interino, jefe de proyecto o incluso cubrir las manos m\u00e1s importantes de la gesti\u00f3n de TI durante las temporadas de vacaciones. No siempre es sensato contratar a una nueva persona por un corto per\u00edodo. En estos casos, es sensato utilizar un recurso como &#8216;interino&#8217; con una asignaci\u00f3n acordada. Nuestra larga y variada experiencia en el sector garantiza que el trabajo se realice hasta que se cubra la escasez de recursos o finalice el proyecto.    <\/p><p>As\u00ed como nos gusta ser un socio de recursos para los departamentos de TI, tambi\u00e9n lo somos para otras empresas de nuestro sector. Si tiene una empresa de TI y ciertas tareas del mundo de la nube no son su competencia principal, es sensato centrarse en su negocio principal contrat\u00e1ndonos para proyectos. Manejamos este tipo de asignaciones con absoluta confidencialidad. \u00a1Hagamos juntos que la tecnolog\u00eda de la informaci\u00f3n sea m\u00e1s f\u00e1cil para todos!   <\/p>\t\t\t\t\t\t\t\t<\/div>\n\t\t\t\t<\/div>\n\t\t\t\t\t<\/div>\n\t\t<\/div>\n\t\t\t\t\t<\/div>\n\t\t<\/section>\n\t\t\t\t<\/div>\n\t\t","protected":false},"excerpt":{"rendered":"<p>\u00a1La tarea de la gesti\u00f3n de TI es permitir que el negocio prospere, y nuestra tarea es apoyar a la gesti\u00f3n de TI en esto! asegure el respaldo de la gesti\u00f3n de TI El &#8216;consigliere&#8217; de su gesti\u00f3n de TI El t\u00e9rmino &#8216;consigliere&#8217; se refiere a un asesor de confianza que su gesti\u00f3n de TI [&hellip;]<\/p>\n","protected":false},"author":1,"featured_media":0,"parent":0,"menu_order":0,"comment_status":"closed","ping_status":"closed","template":"","meta":{"content-type":"","inline_featured_image":false,"footnotes":""},"class_list":["post-8828","page","type-page","status-publish","hentry"],"yoast_head":"<!-- This site is optimized with the Yoast SEO plugin v27.4 - https:\/\/yoast.com\/product\/yoast-seo-wordpress\/ -->\n<title>Servicios Consigliere - Above IT Oy<\/title>\n<meta name=\"description\" content=\"Above IT ofrece servicios de &#039;consigliere&#039; y de recursos para apoyar la gesti\u00f3n de TI. \u00a1Descubra c\u00f3mo podr\u00edamos ser su asesor de confianza!\" \/>\n<meta name=\"robots\" content=\"index, follow, max-snippet:-1, max-image-preview:large, max-video-preview:-1\" \/>\n<link rel=\"canonical\" href=\"https:\/\/aboveit.fi\/es\/servicios-consigliere\/\" \/>\n<meta property=\"og:locale\" content=\"es_ES\" \/>\n<meta property=\"og:type\" content=\"article\" \/>\n<meta property=\"og:title\" content=\"Servicios Consigliere - Above IT Oy\" \/>\n<meta property=\"og:description\" content=\"Above IT ofrece servicios de &#039;consigliere&#039; y de recursos para apoyar la gesti\u00f3n de TI. \u00a1Descubra c\u00f3mo podr\u00edamos ser su asesor de confianza!\" \/>\n<meta property=\"og:url\" content=\"https:\/\/aboveit.fi\/es\/servicios-consigliere\/\" \/>\n<meta property=\"og:site_name\" content=\"Above IT Oy\" \/>\n<meta property=\"article:publisher\" content=\"https:\/\/www.facebook.com\/aboveitfi\" \/>\n<meta property=\"article:modified_time\" content=\"2025-11-27T12:02:03+00:00\" \/>\n<meta name=\"twitter:card\" content=\"summary_large_image\" \/>\n<meta name=\"twitter:label1\" content=\"Tiempo de lectura\" \/>\n\t<meta name=\"twitter:data1\" content=\"3 minutos\" \/>\n<script type=\"application\/ld+json\" class=\"yoast-schema-graph\">{\"@context\":\"https:\\\/\\\/schema.org\",\"@graph\":[{\"@type\":\"WebPage\",\"@id\":\"https:\\\/\\\/aboveit.fi\\\/es\\\/servicios-consigliere\\\/\",\"url\":\"https:\\\/\\\/aboveit.fi\\\/es\\\/servicios-consigliere\\\/\",\"name\":\"Servicios Consigliere - Above IT Oy\",\"isPartOf\":{\"@id\":\"https:\\\/\\\/aboveit.fi\\\/es\\\/#website\"},\"datePublished\":\"2024-10-08T11:17:22+00:00\",\"dateModified\":\"2025-11-27T12:02:03+00:00\",\"description\":\"Above IT ofrece servicios de 'consigliere' y de recursos para apoyar la gesti\u00f3n de TI. \u00a1Descubra c\u00f3mo podr\u00edamos ser su asesor de confianza!\",\"breadcrumb\":{\"@id\":\"https:\\\/\\\/aboveit.fi\\\/es\\\/servicios-consigliere\\\/#breadcrumb\"},\"inLanguage\":\"es\",\"potentialAction\":[{\"@type\":\"ReadAction\",\"target\":[\"https:\\\/\\\/aboveit.fi\\\/es\\\/servicios-consigliere\\\/\"]}]},{\"@type\":\"BreadcrumbList\",\"@id\":\"https:\\\/\\\/aboveit.fi\\\/es\\\/servicios-consigliere\\\/#breadcrumb\",\"itemListElement\":[{\"@type\":\"ListItem\",\"position\":1,\"name\":\"Etusivu\",\"item\":\"https:\\\/\\\/aboveit.fi\\\/es\\\/\"},{\"@type\":\"ListItem\",\"position\":2,\"name\":\"Servicios Consigliere\"}]},{\"@type\":\"WebSite\",\"@id\":\"https:\\\/\\\/aboveit.fi\\\/es\\\/#website\",\"url\":\"https:\\\/\\\/aboveit.fi\\\/es\\\/\",\"name\":\"We Are Above IT\",\"description\":\"Tietohallinnon voimavarakumppani\",\"publisher\":{\"@id\":\"https:\\\/\\\/aboveit.fi\\\/es\\\/#organization\"},\"potentialAction\":[{\"@type\":\"SearchAction\",\"target\":{\"@type\":\"EntryPoint\",\"urlTemplate\":\"https:\\\/\\\/aboveit.fi\\\/es\\\/?s={search_term_string}\"},\"query-input\":{\"@type\":\"PropertyValueSpecification\",\"valueRequired\":true,\"valueName\":\"search_term_string\"}}],\"inLanguage\":\"es\"},{\"@type\":\"Organization\",\"@id\":\"https:\\\/\\\/aboveit.fi\\\/es\\\/#organization\",\"name\":\"Above IT Oy\",\"url\":\"https:\\\/\\\/aboveit.fi\\\/es\\\/\",\"logo\":{\"@type\":\"ImageObject\",\"inLanguage\":\"es\",\"@id\":\"https:\\\/\\\/aboveit.fi\\\/es\\\/#\\\/schema\\\/logo\\\/image\\\/\",\"url\":\"https:\\\/\\\/aboveit.fi\\\/wp-content\\\/uploads\\\/2024\\\/10\\\/aboveIT-logo.png\",\"contentUrl\":\"https:\\\/\\\/aboveit.fi\\\/wp-content\\\/uploads\\\/2024\\\/10\\\/aboveIT-logo.png\",\"width\":1613,\"height\":383,\"caption\":\"Above IT Oy\"},\"image\":{\"@id\":\"https:\\\/\\\/aboveit.fi\\\/es\\\/#\\\/schema\\\/logo\\\/image\\\/\"},\"sameAs\":[\"https:\\\/\\\/www.facebook.com\\\/aboveitfi\",\"https:\\\/\\\/www.linkedin.com\\\/company\\\/aboveitfi\",\"https:\\\/\\\/instagram.com\\\/aboveitfi\"]}]}<\/script>\n<!-- \/ Yoast SEO plugin. -->","yoast_head_json":{"title":"Servicios Consigliere - Above IT Oy","description":"Above IT ofrece servicios de 'consigliere' y de recursos para apoyar la gesti\u00f3n de TI. \u00a1Descubra c\u00f3mo podr\u00edamos ser su asesor de confianza!","robots":{"index":"index","follow":"follow","max-snippet":"max-snippet:-1","max-image-preview":"max-image-preview:large","max-video-preview":"max-video-preview:-1"},"canonical":"https:\/\/aboveit.fi\/es\/servicios-consigliere\/","og_locale":"es_ES","og_type":"article","og_title":"Servicios Consigliere - Above IT Oy","og_description":"Above IT ofrece servicios de 'consigliere' y de recursos para apoyar la gesti\u00f3n de TI. \u00a1Descubra c\u00f3mo podr\u00edamos ser su asesor de confianza!","og_url":"https:\/\/aboveit.fi\/es\/servicios-consigliere\/","og_site_name":"Above IT Oy","article_publisher":"https:\/\/www.facebook.com\/aboveitfi","article_modified_time":"2025-11-27T12:02:03+00:00","twitter_card":"summary_large_image","twitter_misc":{"Tiempo de lectura":"3 minutos"},"schema":{"@context":"https:\/\/schema.org","@graph":[{"@type":"WebPage","@id":"https:\/\/aboveit.fi\/es\/servicios-consigliere\/","url":"https:\/\/aboveit.fi\/es\/servicios-consigliere\/","name":"Servicios Consigliere - Above IT Oy","isPartOf":{"@id":"https:\/\/aboveit.fi\/es\/#website"},"datePublished":"2024-10-08T11:17:22+00:00","dateModified":"2025-11-27T12:02:03+00:00","description":"Above IT ofrece servicios de 'consigliere' y de recursos para apoyar la gesti\u00f3n de TI. \u00a1Descubra c\u00f3mo podr\u00edamos ser su asesor de confianza!","breadcrumb":{"@id":"https:\/\/aboveit.fi\/es\/servicios-consigliere\/#breadcrumb"},"inLanguage":"es","potentialAction":[{"@type":"ReadAction","target":["https:\/\/aboveit.fi\/es\/servicios-consigliere\/"]}]},{"@type":"BreadcrumbList","@id":"https:\/\/aboveit.fi\/es\/servicios-consigliere\/#breadcrumb","itemListElement":[{"@type":"ListItem","position":1,"name":"Etusivu","item":"https:\/\/aboveit.fi\/es\/"},{"@type":"ListItem","position":2,"name":"Servicios Consigliere"}]},{"@type":"WebSite","@id":"https:\/\/aboveit.fi\/es\/#website","url":"https:\/\/aboveit.fi\/es\/","name":"We Are Above IT","description":"Tietohallinnon voimavarakumppani","publisher":{"@id":"https:\/\/aboveit.fi\/es\/#organization"},"potentialAction":[{"@type":"SearchAction","target":{"@type":"EntryPoint","urlTemplate":"https:\/\/aboveit.fi\/es\/?s={search_term_string}"},"query-input":{"@type":"PropertyValueSpecification","valueRequired":true,"valueName":"search_term_string"}}],"inLanguage":"es"},{"@type":"Organization","@id":"https:\/\/aboveit.fi\/es\/#organization","name":"Above IT Oy","url":"https:\/\/aboveit.fi\/es\/","logo":{"@type":"ImageObject","inLanguage":"es","@id":"https:\/\/aboveit.fi\/es\/#\/schema\/logo\/image\/","url":"https:\/\/aboveit.fi\/wp-content\/uploads\/2024\/10\/aboveIT-logo.png","contentUrl":"https:\/\/aboveit.fi\/wp-content\/uploads\/2024\/10\/aboveIT-logo.png","width":1613,"height":383,"caption":"Above IT Oy"},"image":{"@id":"https:\/\/aboveit.fi\/es\/#\/schema\/logo\/image\/"},"sameAs":["https:\/\/www.facebook.com\/aboveitfi","https:\/\/www.linkedin.com\/company\/aboveitfi","https:\/\/instagram.com\/aboveitfi"]}]}},"_links":{"self":[{"href":"https:\/\/aboveit.fi\/es\/wp-json\/wp\/v2\/pages\/8828","targetHints":{"allow":["GET"]}}],"collection":[{"href":"https:\/\/aboveit.fi\/es\/wp-json\/wp\/v2\/pages"}],"about":[{"href":"https:\/\/aboveit.fi\/es\/wp-json\/wp\/v2\/types\/page"}],"author":[{"embeddable":true,"href":"https:\/\/aboveit.fi\/es\/wp-json\/wp\/v2\/users\/1"}],"replies":[{"embeddable":true,"href":"https:\/\/aboveit.fi\/es\/wp-json\/wp\/v2\/comments?post=8828"}],"version-history":[{"count":1,"href":"https:\/\/aboveit.fi\/es\/wp-json\/wp\/v2\/pages\/8828\/revisions"}],"predecessor-version":[{"id":8831,"href":"https:\/\/aboveit.fi\/es\/wp-json\/wp\/v2\/pages\/8828\/revisions\/8831"}],"wp:attachment":[{"href":"https:\/\/aboveit.fi\/es\/wp-json\/wp\/v2\/media?parent=8828"}],"curies":[{"name":"wp","href":"https:\/\/api.w.org\/{rel}","templated":true}]}}