{"id":8793,"date":"2024-10-08T13:13:57","date_gmt":"2024-10-08T11:13:57","guid":{"rendered":"https:\/\/aboveit.fi\/seguridad\/"},"modified":"2025-11-27T14:01:52","modified_gmt":"2025-11-27T12:01:52","slug":"seguridad","status":"publish","type":"page","link":"https:\/\/aboveit.fi\/es\/seguridad\/","title":{"rendered":"Seguridad"},"content":{"rendered":"\t\t<div data-elementor-type=\"wp-page\" data-elementor-id=\"8793\" class=\"elementor elementor-8793 elementor-183\" data-elementor-post-type=\"page\">\n\t\t\t\t\t\t<section class=\"elementor-section elementor-top-section elementor-element elementor-element-b701054 elementor-section-boxed elementor-section-height-default elementor-section-height-default\" data-id=\"b701054\" data-element_type=\"section\" data-e-type=\"section\">\n\t\t\t\t\t\t<div class=\"elementor-container elementor-column-gap-default\">\n\t\t\t\t\t<div class=\"elementor-column elementor-col-50 elementor-top-column elementor-element elementor-element-09267f5 elementor-invisible\" data-id=\"09267f5\" data-element_type=\"column\" data-e-type=\"column\" data-settings=\"{&quot;background_background&quot;:&quot;classic&quot;,&quot;animation&quot;:&quot;fadeInLeft&quot;}\">\n\t\t\t<div class=\"elementor-widget-wrap elementor-element-populated\">\n\t\t\t\t\t<div class=\"elementor-background-overlay\"><\/div>\n\t\t\t\t\t\t<div class=\"elementor-element elementor-element-fc68128 animated-slow elementor-invisible elementor-widget elementor-widget-text-editor\" data-id=\"fc68128\" data-element_type=\"widget\" data-e-type=\"widget\" data-settings=\"{&quot;_animation&quot;:&quot;fadeInUp&quot;}\" data-widget_type=\"text-editor.default\">\n\t\t\t\t<div class=\"elementor-widget-container\">\n\t\t\t\t\t\t\t\t\tNuestra visi\u00f3n integral y amplia experiencia en seguridad ayudar\u00e1n a su organizaci\u00f3n en este camino.\t\t\t\t\t\t\t\t<\/div>\n\t\t\t\t<\/div>\n\t\t\t\t\t<\/div>\n\t\t<\/div>\n\t\t\t\t<div class=\"elementor-column elementor-col-50 elementor-top-column elementor-element elementor-element-e954f23 elementor-invisible\" data-id=\"e954f23\" data-element_type=\"column\" data-e-type=\"column\" data-settings=\"{&quot;animation&quot;:&quot;fadeInRight&quot;}\">\n\t\t\t<div class=\"elementor-widget-wrap elementor-element-populated\">\n\t\t\t\t\t\t<div class=\"elementor-element elementor-element-57aee08 elementor-widget elementor-widget-text-editor\" data-id=\"57aee08\" data-element_type=\"widget\" data-e-type=\"widget\" data-widget_type=\"text-editor.default\">\n\t\t\t\t<div class=\"elementor-widget-container\">\n\t\t\t\t\t\t\t\t\tgarantice la seguridad\t\t\t\t\t\t\t\t<\/div>\n\t\t\t\t<\/div>\n\t\t\t\t<div class=\"elementor-element elementor-element-17b50b5 elementor-widget elementor-widget-heading\" data-id=\"17b50b5\" data-element_type=\"widget\" data-e-type=\"widget\" data-widget_type=\"heading.default\">\n\t\t\t\t<div class=\"elementor-widget-container\">\n\t\t\t\t\t<h2 class=\"elementor-heading-title elementor-size-default\">Seguridad hol\u00edstica<\/h2>\t\t\t\t<\/div>\n\t\t\t\t<\/div>\n\t\t\t\t<div class=\"elementor-element elementor-element-e1db514 elementor-widget elementor-widget-text-editor\" data-id=\"e1db514\" data-element_type=\"widget\" data-e-type=\"widget\" data-widget_type=\"text-editor.default\">\n\t\t\t\t<div class=\"elementor-widget-container\">\n\t\t\t\t\t\t\t\t\tLa seguridad inform\u00e1tica ha estado en transici\u00f3n durante a\u00f1os. Con los servicios en la nube, la informaci\u00f3n de la organizaci\u00f3n puede ser accesible desde cualquier lugar. Los usuarios finales que realizan trabajo inform\u00e1tico tambi\u00e9n han pasado casi sin excepci\u00f3n al trabajo h\u00edbrido. Mientras que anteriormente la seguridad de la organizaci\u00f3n se constru\u00eda en el per\u00edmetro de la red y con antivirus en las estaciones de trabajo, ahora esta estrategia es casi invariablemente vulnerable.   \n\nLa seguridad actual debe construirse de manera hol\u00edstica. La seguridad debe examinarse de manera integral, lo que permite una protecci\u00f3n completa de identidades, dispositivos finales, aplicaciones y datos, independientemente de la ubicaci\u00f3n de los usuarios. La mayor\u00eda de los riesgos actuales son amenazas sofisticadas dirigidas a las identidades de los usuarios finales. La inteligencia artificial tampoco facilita este campo de riesgo, ya que los atacantes tambi\u00e9n utilizan estas soluciones avanzadas. El mantenimiento de las competencias de los usuarios finales es ahora un papel fundamental.    \n\nLa seguridad consiste en pr\u00e1cticas y directrices definidas a trav\u00e9s de la estrategia, de las cuales el equipo directivo es responsable. Tambi\u00e9n es importante que el departamento de TI aborde la seguridad m\u00e1s all\u00e1 de la tecnolog\u00eda. \t\t\t\t\t\t\t\t<\/div>\n\t\t\t\t<\/div>\n\t\t\t\t\t<\/div>\n\t\t<\/div>\n\t\t\t\t\t<\/div>\n\t\t<\/section>\n\t\t\t\t<section class=\"elementor-section elementor-top-section elementor-element elementor-element-c87c85e elementor-section-boxed elementor-section-height-default elementor-section-height-default\" data-id=\"c87c85e\" data-element_type=\"section\" data-e-type=\"section\">\n\t\t\t\t\t\t<div class=\"elementor-container elementor-column-gap-default\">\n\t\t\t\t\t<div class=\"elementor-column elementor-col-100 elementor-top-column elementor-element elementor-element-52e3fad\" data-id=\"52e3fad\" data-element_type=\"column\" data-e-type=\"column\">\n\t\t\t<div class=\"elementor-widget-wrap elementor-element-populated\">\n\t\t\t\t\t\t<div class=\"elementor-element elementor-element-78ba862 elementor-view-default elementor-widget elementor-widget-icon\" data-id=\"78ba862\" data-element_type=\"widget\" data-e-type=\"widget\" data-widget_type=\"icon.default\">\n\t\t\t\t<div class=\"elementor-widget-container\">\n\t\t\t\t\t\t\t<div class=\"elementor-icon-wrapper\">\n\t\t\t<div class=\"elementor-icon\">\n\t\t\t<i aria-hidden=\"true\" class=\"far fa-eye\"><\/i>\t\t\t<\/div>\n\t\t<\/div>\n\t\t\t\t\t\t<\/div>\n\t\t\t\t<\/div>\n\t\t\t\t<div class=\"elementor-element elementor-element-579c37c elementor-widget elementor-widget-heading\" data-id=\"579c37c\" data-element_type=\"widget\" data-e-type=\"widget\" data-widget_type=\"heading.default\">\n\t\t\t\t<div class=\"elementor-widget-container\">\n\t\t\t\t\t<h2 class=\"elementor-heading-title elementor-size-default\">Visibilidad en la seguridad<\/h2>\t\t\t\t<\/div>\n\t\t\t\t<\/div>\n\t\t\t\t<div class=\"elementor-element elementor-element-e705b8a elementor-widget elementor-widget-text-editor\" data-id=\"e705b8a\" data-element_type=\"widget\" data-e-type=\"widget\" data-widget_type=\"text-editor.default\">\n\t\t\t\t<div class=\"elementor-widget-container\">\n\t\t\t\t\t\t\t\t\t<p>Adem\u00e1s del manejo t\u00e9cnico de la seguridad integral, tambi\u00e9n es importante que el departamento de TI tenga visibilidad de lo que sucede en el entorno de TI. Si no podemos saber que la identidad de un usuario final est\u00e1 comprometida, no podemos abordar el incidente. Si no tenemos visibilidad de la seguridad, no sabemos si la informaci\u00f3n de la organizaci\u00f3n ya est\u00e1 comprometida. Al discutir las soluciones de seguridad de Microsoft, el departamento de TI a menudo duda si vale la pena poner todos los huevos en la misma canasta. Lo mismo se puede considerar al rev\u00e9s. Si todas las soluciones de seguridad se han adquirido puntualmente para diferentes necesidades, \u00bfhay visibilidad entre las soluciones? Al operar dentro del mismo ecosistema, la visibilidad entre diferentes soluciones de seguridad est\u00e1 garantizada, y por ejemplo, los inicios de sesi\u00f3n de los usuarios se pueden dirigir bas\u00e1ndose en informaci\u00f3n real.      <\/p>\t\t\t\t\t\t\t\t<\/div>\n\t\t\t\t<\/div>\n\t\t\t\t<div class=\"elementor-element elementor-element-8474714 elementor-widget elementor-widget-text-editor\" data-id=\"8474714\" data-element_type=\"widget\" data-e-type=\"widget\" data-widget_type=\"text-editor.default\">\n\t\t\t\t<div class=\"elementor-widget-container\">\n\t\t\t\t\t\t\t\t\tAdem\u00e1s, la visibilidad se puede mejorar recopilando toda la informaci\u00f3n de seguridad y registros de manera centralizada, por ejemplo, en una soluci\u00f3n SIEM, lo que permite obtener f\u00e1cilmente una vista de diferentes eventos de seguridad desde un solo lugar, para todo el entorno, de una vez, de manera integral. Entonces tenemos las herramientas para ver y abordar el curso de los eventos si un ataque penetra en la red. As\u00ed que cuando considere la seguridad de su organizaci\u00f3n y c\u00f3mo garantizar la visibilidad en t\u00e9rminos de seguridad, acuda a nosotros. Tambi\u00e9n tenemos soluciones probadas basadas en la experiencia que podemos ofrecer como valor a\u00f1adido para garantizar un mejor descanso nocturno.   \t\t\t\t\t\t\t\t<\/div>\n\t\t\t\t<\/div>\n\t\t\t\t\t<\/div>\n\t\t<\/div>\n\t\t\t\t\t<\/div>\n\t\t<\/section>\n\t\t\t\t<section class=\"elementor-section elementor-top-section elementor-element elementor-element-af56e65 elementor-section-boxed elementor-section-height-default elementor-section-height-default\" data-id=\"af56e65\" data-element_type=\"section\" data-e-type=\"section\">\n\t\t\t\t\t\t<div class=\"elementor-container elementor-column-gap-default\">\n\t\t\t\t\t<div class=\"elementor-column elementor-col-100 elementor-top-column elementor-element elementor-element-fd4a04a\" data-id=\"fd4a04a\" data-element_type=\"column\" data-e-type=\"column\">\n\t\t\t<div class=\"elementor-widget-wrap elementor-element-populated\">\n\t\t\t\t\t\t<div class=\"elementor-element elementor-element-9880854 elementor-view-default elementor-widget elementor-widget-icon\" data-id=\"9880854\" data-element_type=\"widget\" data-e-type=\"widget\" data-widget_type=\"icon.default\">\n\t\t\t\t<div class=\"elementor-widget-container\">\n\t\t\t\t\t\t\t<div class=\"elementor-icon-wrapper\">\n\t\t\t<div class=\"elementor-icon\">\n\t\t\t<i aria-hidden=\"true\" class=\"fab fa-dochub\"><\/i>\t\t\t<\/div>\n\t\t<\/div>\n\t\t\t\t\t\t<\/div>\n\t\t\t\t<\/div>\n\t\t\t\t<div class=\"elementor-element elementor-element-8690978 elementor-widget elementor-widget-heading\" data-id=\"8690978\" data-element_type=\"widget\" data-e-type=\"widget\" data-widget_type=\"heading.default\">\n\t\t\t\t<div class=\"elementor-widget-container\">\n\t\t\t\t\t<h2 class=\"elementor-heading-title elementor-size-default\">Protecci\u00f3n de datos para salvaguardar la informaci\u00f3n de la organizaci\u00f3n<\/h2>\t\t\t\t<\/div>\n\t\t\t\t<\/div>\n\t\t\t\t<div class=\"elementor-element elementor-element-da2f63c elementor-widget elementor-widget-text-editor\" data-id=\"da2f63c\" data-element_type=\"widget\" data-e-type=\"widget\" data-widget_type=\"text-editor.default\">\n\t\t\t\t<div class=\"elementor-widget-container\">\n\t\t\t\t\t\t\t\t\tUno de los aspectos menos atendidos en los entornos de Microsoft 365 de diferentes organizaciones son las pol\u00edticas adecuadas de protecci\u00f3n de datos. Especialmente ahora, con la llegada de las soluciones de inteligencia artificial, ser\u00eda aconsejable poner en orden la base y prevenir la filtraci\u00f3n de informaci\u00f3n a trav\u00e9s de herramientas de IA a procesadores de datos incorrectos. Incluso si no se utilizan soluciones de IA, las diversas pol\u00edticas de protecci\u00f3n de datos crean seguridad limitando y guiando el uso diario y permitiendo, entre otras cosas, el intercambio seguro de informaci\u00f3n. Los servicios en la nube permiten, dependiendo del nivel de licencia, una amplia gama de posibilidades para gestionar la protecci\u00f3n de datos de la organizaci\u00f3n. Nosotros le proporcionamos orientaci\u00f3n y apoyo para avanzar en estos asuntos, comenzando desde la consultor\u00eda estrat\u00e9gica con su equipo directivo.    \n\n\t\t\t\t\t\t\t\t<\/div>\n\t\t\t\t<\/div>\n\t\t\t\t\t<\/div>\n\t\t<\/div>\n\t\t\t\t\t<\/div>\n\t\t<\/section>\n\t\t\t\t<section class=\"elementor-section elementor-top-section elementor-element elementor-element-668d89f elementor-section-boxed elementor-section-height-default elementor-section-height-default\" data-id=\"668d89f\" data-element_type=\"section\" data-e-type=\"section\">\n\t\t\t\t\t\t<div class=\"elementor-container elementor-column-gap-default\">\n\t\t\t\t\t<div class=\"elementor-column elementor-col-100 elementor-top-column elementor-element elementor-element-5cef1e0\" data-id=\"5cef1e0\" data-element_type=\"column\" data-e-type=\"column\">\n\t\t\t<div class=\"elementor-widget-wrap elementor-element-populated\">\n\t\t\t\t\t\t<div class=\"elementor-element elementor-element-17d81ff elementor-view-default elementor-widget elementor-widget-icon\" data-id=\"17d81ff\" data-element_type=\"widget\" data-e-type=\"widget\" data-widget_type=\"icon.default\">\n\t\t\t\t<div class=\"elementor-widget-container\">\n\t\t\t\t\t\t\t<div class=\"elementor-icon-wrapper\">\n\t\t\t<div class=\"elementor-icon\">\n\t\t\t<i aria-hidden=\"true\" class=\"fas fa-cloud-download-alt\"><\/i>\t\t\t<\/div>\n\t\t<\/div>\n\t\t\t\t\t\t<\/div>\n\t\t\t\t<\/div>\n\t\t\t\t<div class=\"elementor-element elementor-element-c9a9c87 elementor-widget elementor-widget-heading\" data-id=\"c9a9c87\" data-element_type=\"widget\" data-e-type=\"widget\" data-widget_type=\"heading.default\">\n\t\t\t\t<div class=\"elementor-widget-container\">\n\t\t\t\t\t<h2 class=\"elementor-heading-title elementor-size-default\">Servicios de seguridad en la nube gestionada<\/h2>\t\t\t\t<\/div>\n\t\t\t\t<\/div>\n\t\t\t\t<div class=\"elementor-element elementor-element-5b70b67 elementor-widget elementor-widget-text-editor\" data-id=\"5b70b67\" data-element_type=\"widget\" data-e-type=\"widget\" data-widget_type=\"text-editor.default\">\n\t\t\t\t<div class=\"elementor-widget-container\">\n\t\t\t\t\t\t\t\t\t<p>Hoy en d\u00eda, los servicios en la nube son facilitadores de la seguridad. Con la nube, llevamos la seguridad donde se encuentran sus usuarios finales. Cuando desee despreocuparse de la seguridad, tambi\u00e9n hemos desarrollado servicios de nube gestionada que aumentan la seguridad como servicios de valor a\u00f1adido, permitiendo que su departamento de TI duerma mejor. A trav\u00e9s de nuestros servicios PilviCapo, podemos garantizar de manera rentable, por ejemplo, <g id=\"gid_0\">la seguridad de las comunicaciones e identidades de su organizaci\u00f3n<\/g> o monitorear y cuidar <g id=\"gid_1\">la seguridad de su entorno Azure<\/g>, seg\u00fan sus necesidades. No dude en preguntarnos m\u00e1s para discutir sus necesidades.    <\/p>\t\t\t\t\t\t\t\t<\/div>\n\t\t\t\t<\/div>\n\t\t\t\t\t<\/div>\n\t\t<\/div>\n\t\t\t\t\t<\/div>\n\t\t<\/section>\n\t\t\t\t<\/div>\n\t\t","protected":false},"excerpt":{"rendered":"<p>Nuestra visi\u00f3n integral y amplia experiencia en seguridad ayudar\u00e1n a su organizaci\u00f3n en este camino.garantice la seguridad Seguridad hol\u00edstica La seguridad inform\u00e1tica ha estado en transici\u00f3n durante a\u00f1os. Con los servicios en la nube, la informaci\u00f3n de la organizaci\u00f3n puede ser accesible desde cualquier lugar. Los usuarios finales que realizan trabajo inform\u00e1tico tambi\u00e9n han pasado [&hellip;]<\/p>\n","protected":false},"author":1,"featured_media":0,"parent":0,"menu_order":0,"comment_status":"closed","ping_status":"closed","template":"","meta":{"content-type":"","inline_featured_image":false,"footnotes":""},"class_list":["post-8793","page","type-page","status-publish","hentry"],"yoast_head":"<!-- This site is optimized with the Yoast SEO plugin v27.5 - https:\/\/yoast.com\/product\/yoast-seo-wordpress\/ -->\n<title>Seguridad - Above IT Oy<\/title>\n<meta name=\"description\" content=\"El mundo de la nube est\u00e1 cambiando la forma de implementar la seguridad inform\u00e1tica. La seguridad hol\u00edstica y la arquitectura de confianza cero son formas de protegerse contra las amenazas actuales.\" \/>\n<meta name=\"robots\" content=\"index, follow, max-snippet:-1, max-image-preview:large, max-video-preview:-1\" \/>\n<link rel=\"canonical\" href=\"https:\/\/aboveit.fi\/es\/seguridad\/\" \/>\n<meta property=\"og:locale\" content=\"es_ES\" \/>\n<meta property=\"og:type\" content=\"article\" \/>\n<meta property=\"og:title\" content=\"Seguridad - Above IT Oy\" \/>\n<meta property=\"og:description\" content=\"El mundo de la nube est\u00e1 cambiando la forma de implementar la seguridad inform\u00e1tica. La seguridad hol\u00edstica y la arquitectura de confianza cero son formas de protegerse contra las amenazas actuales.\" \/>\n<meta property=\"og:url\" content=\"https:\/\/aboveit.fi\/es\/seguridad\/\" \/>\n<meta property=\"og:site_name\" content=\"Above IT Oy\" \/>\n<meta property=\"article:publisher\" content=\"https:\/\/www.facebook.com\/aboveitfi\" \/>\n<meta property=\"article:modified_time\" content=\"2025-11-27T12:01:52+00:00\" \/>\n<meta name=\"twitter:card\" content=\"summary_large_image\" \/>\n<meta name=\"twitter:label1\" content=\"Tiempo de lectura\" \/>\n\t<meta name=\"twitter:data1\" content=\"4 minutos\" \/>\n<script type=\"application\/ld+json\" class=\"yoast-schema-graph\">{\"@context\":\"https:\\\/\\\/schema.org\",\"@graph\":[{\"@type\":\"WebPage\",\"@id\":\"https:\\\/\\\/aboveit.fi\\\/es\\\/seguridad\\\/\",\"url\":\"https:\\\/\\\/aboveit.fi\\\/es\\\/seguridad\\\/\",\"name\":\"Seguridad - Above IT Oy\",\"isPartOf\":{\"@id\":\"https:\\\/\\\/aboveit.fi\\\/es\\\/#website\"},\"datePublished\":\"2024-10-08T11:13:57+00:00\",\"dateModified\":\"2025-11-27T12:01:52+00:00\",\"description\":\"El mundo de la nube est\u00e1 cambiando la forma de implementar la seguridad inform\u00e1tica. La seguridad hol\u00edstica y la arquitectura de confianza cero son formas de protegerse contra las amenazas actuales.\",\"breadcrumb\":{\"@id\":\"https:\\\/\\\/aboveit.fi\\\/es\\\/seguridad\\\/#breadcrumb\"},\"inLanguage\":\"es\",\"potentialAction\":[{\"@type\":\"ReadAction\",\"target\":[\"https:\\\/\\\/aboveit.fi\\\/es\\\/seguridad\\\/\"]}]},{\"@type\":\"BreadcrumbList\",\"@id\":\"https:\\\/\\\/aboveit.fi\\\/es\\\/seguridad\\\/#breadcrumb\",\"itemListElement\":[{\"@type\":\"ListItem\",\"position\":1,\"name\":\"Etusivu\",\"item\":\"https:\\\/\\\/aboveit.fi\\\/es\\\/\"},{\"@type\":\"ListItem\",\"position\":2,\"name\":\"Seguridad\"}]},{\"@type\":\"WebSite\",\"@id\":\"https:\\\/\\\/aboveit.fi\\\/es\\\/#website\",\"url\":\"https:\\\/\\\/aboveit.fi\\\/es\\\/\",\"name\":\"We Are Above IT\",\"description\":\"Tietohallinnon voimavarakumppani\",\"publisher\":{\"@id\":\"https:\\\/\\\/aboveit.fi\\\/es\\\/#organization\"},\"potentialAction\":[{\"@type\":\"SearchAction\",\"target\":{\"@type\":\"EntryPoint\",\"urlTemplate\":\"https:\\\/\\\/aboveit.fi\\\/es\\\/?s={search_term_string}\"},\"query-input\":{\"@type\":\"PropertyValueSpecification\",\"valueRequired\":true,\"valueName\":\"search_term_string\"}}],\"inLanguage\":\"es\"},{\"@type\":\"Organization\",\"@id\":\"https:\\\/\\\/aboveit.fi\\\/es\\\/#organization\",\"name\":\"Above IT Oy\",\"url\":\"https:\\\/\\\/aboveit.fi\\\/es\\\/\",\"logo\":{\"@type\":\"ImageObject\",\"inLanguage\":\"es\",\"@id\":\"https:\\\/\\\/aboveit.fi\\\/es\\\/#\\\/schema\\\/logo\\\/image\\\/\",\"url\":\"https:\\\/\\\/aboveit.fi\\\/wp-content\\\/uploads\\\/2024\\\/10\\\/aboveIT-logo.png\",\"contentUrl\":\"https:\\\/\\\/aboveit.fi\\\/wp-content\\\/uploads\\\/2024\\\/10\\\/aboveIT-logo.png\",\"width\":1613,\"height\":383,\"caption\":\"Above IT Oy\"},\"image\":{\"@id\":\"https:\\\/\\\/aboveit.fi\\\/es\\\/#\\\/schema\\\/logo\\\/image\\\/\"},\"sameAs\":[\"https:\\\/\\\/www.facebook.com\\\/aboveitfi\",\"https:\\\/\\\/www.linkedin.com\\\/company\\\/aboveitfi\",\"https:\\\/\\\/instagram.com\\\/aboveitfi\"]}]}<\/script>\n<!-- \/ Yoast SEO plugin. -->","yoast_head_json":{"title":"Seguridad - Above IT Oy","description":"El mundo de la nube est\u00e1 cambiando la forma de implementar la seguridad inform\u00e1tica. La seguridad hol\u00edstica y la arquitectura de confianza cero son formas de protegerse contra las amenazas actuales.","robots":{"index":"index","follow":"follow","max-snippet":"max-snippet:-1","max-image-preview":"max-image-preview:large","max-video-preview":"max-video-preview:-1"},"canonical":"https:\/\/aboveit.fi\/es\/seguridad\/","og_locale":"es_ES","og_type":"article","og_title":"Seguridad - Above IT Oy","og_description":"El mundo de la nube est\u00e1 cambiando la forma de implementar la seguridad inform\u00e1tica. La seguridad hol\u00edstica y la arquitectura de confianza cero son formas de protegerse contra las amenazas actuales.","og_url":"https:\/\/aboveit.fi\/es\/seguridad\/","og_site_name":"Above IT Oy","article_publisher":"https:\/\/www.facebook.com\/aboveitfi","article_modified_time":"2025-11-27T12:01:52+00:00","twitter_card":"summary_large_image","twitter_misc":{"Tiempo de lectura":"4 minutos"},"schema":{"@context":"https:\/\/schema.org","@graph":[{"@type":"WebPage","@id":"https:\/\/aboveit.fi\/es\/seguridad\/","url":"https:\/\/aboveit.fi\/es\/seguridad\/","name":"Seguridad - Above IT Oy","isPartOf":{"@id":"https:\/\/aboveit.fi\/es\/#website"},"datePublished":"2024-10-08T11:13:57+00:00","dateModified":"2025-11-27T12:01:52+00:00","description":"El mundo de la nube est\u00e1 cambiando la forma de implementar la seguridad inform\u00e1tica. La seguridad hol\u00edstica y la arquitectura de confianza cero son formas de protegerse contra las amenazas actuales.","breadcrumb":{"@id":"https:\/\/aboveit.fi\/es\/seguridad\/#breadcrumb"},"inLanguage":"es","potentialAction":[{"@type":"ReadAction","target":["https:\/\/aboveit.fi\/es\/seguridad\/"]}]},{"@type":"BreadcrumbList","@id":"https:\/\/aboveit.fi\/es\/seguridad\/#breadcrumb","itemListElement":[{"@type":"ListItem","position":1,"name":"Etusivu","item":"https:\/\/aboveit.fi\/es\/"},{"@type":"ListItem","position":2,"name":"Seguridad"}]},{"@type":"WebSite","@id":"https:\/\/aboveit.fi\/es\/#website","url":"https:\/\/aboveit.fi\/es\/","name":"We Are Above IT","description":"Tietohallinnon voimavarakumppani","publisher":{"@id":"https:\/\/aboveit.fi\/es\/#organization"},"potentialAction":[{"@type":"SearchAction","target":{"@type":"EntryPoint","urlTemplate":"https:\/\/aboveit.fi\/es\/?s={search_term_string}"},"query-input":{"@type":"PropertyValueSpecification","valueRequired":true,"valueName":"search_term_string"}}],"inLanguage":"es"},{"@type":"Organization","@id":"https:\/\/aboveit.fi\/es\/#organization","name":"Above IT Oy","url":"https:\/\/aboveit.fi\/es\/","logo":{"@type":"ImageObject","inLanguage":"es","@id":"https:\/\/aboveit.fi\/es\/#\/schema\/logo\/image\/","url":"https:\/\/aboveit.fi\/wp-content\/uploads\/2024\/10\/aboveIT-logo.png","contentUrl":"https:\/\/aboveit.fi\/wp-content\/uploads\/2024\/10\/aboveIT-logo.png","width":1613,"height":383,"caption":"Above IT Oy"},"image":{"@id":"https:\/\/aboveit.fi\/es\/#\/schema\/logo\/image\/"},"sameAs":["https:\/\/www.facebook.com\/aboveitfi","https:\/\/www.linkedin.com\/company\/aboveitfi","https:\/\/instagram.com\/aboveitfi"]}]}},"_links":{"self":[{"href":"https:\/\/aboveit.fi\/es\/wp-json\/wp\/v2\/pages\/8793","targetHints":{"allow":["GET"]}}],"collection":[{"href":"https:\/\/aboveit.fi\/es\/wp-json\/wp\/v2\/pages"}],"about":[{"href":"https:\/\/aboveit.fi\/es\/wp-json\/wp\/v2\/types\/page"}],"author":[{"embeddable":true,"href":"https:\/\/aboveit.fi\/es\/wp-json\/wp\/v2\/users\/1"}],"replies":[{"embeddable":true,"href":"https:\/\/aboveit.fi\/es\/wp-json\/wp\/v2\/comments?post=8793"}],"version-history":[{"count":1,"href":"https:\/\/aboveit.fi\/es\/wp-json\/wp\/v2\/pages\/8793\/revisions"}],"predecessor-version":[{"id":8798,"href":"https:\/\/aboveit.fi\/es\/wp-json\/wp\/v2\/pages\/8793\/revisions\/8798"}],"wp:attachment":[{"href":"https:\/\/aboveit.fi\/es\/wp-json\/wp\/v2\/media?parent=8793"}],"curies":[{"name":"wp","href":"https:\/\/api.w.org\/{rel}","templated":true}]}}