{"id":8227,"date":"2025-01-03T21:30:41","date_gmt":"2025-01-03T19:30:41","guid":{"rendered":"https:\/\/aboveit.fi\/seminario-web-azure-local\/"},"modified":"2025-11-26T15:52:30","modified_gmt":"2025-11-26T13:52:30","slug":"seminario-web-azure-local","status":"publish","type":"page","link":"https:\/\/aboveit.fi\/es\/seminario-web-azure-local\/","title":{"rendered":"Seminario web Azure Local"},"content":{"rendered":"\t\t<div data-elementor-type=\"wp-page\" data-elementor-id=\"8227\" class=\"elementor elementor-8227 elementor-4034\" data-elementor-post-type=\"page\">\n\t\t\t\t\t\t<section class=\"elementor-section elementor-top-section elementor-element elementor-element-b701054 elementor-section-boxed elementor-section-height-default elementor-section-height-default\" data-id=\"b701054\" data-element_type=\"section\" data-e-type=\"section\">\n\t\t\t\t\t\t<div class=\"elementor-container elementor-column-gap-default\">\n\t\t\t\t\t<div class=\"elementor-column elementor-col-50 elementor-top-column elementor-element elementor-element-09267f5 elementor-invisible\" data-id=\"09267f5\" data-element_type=\"column\" data-e-type=\"column\" data-settings=\"{&quot;background_background&quot;:&quot;classic&quot;,&quot;animation&quot;:&quot;fadeInLeft&quot;}\">\n\t\t\t<div class=\"elementor-widget-wrap elementor-element-populated\">\n\t\t\t\t\t<div class=\"elementor-background-overlay\"><\/div>\n\t\t\t\t\t\t<div class=\"elementor-element elementor-element-fc68128 animated-slow elementor-invisible elementor-widget elementor-widget-text-editor\" data-id=\"fc68128\" data-element_type=\"widget\" data-e-type=\"widget\" data-settings=\"{&quot;_animation&quot;:&quot;fadeInUp&quot;}\" data-widget_type=\"text-editor.default\">\n\t\t\t\t<div class=\"elementor-widget-container\">\n\t\t\t\t\t\t\t\t\t<p>La nube Azure de Microsoft gestiona otras nubes y ahora tambi\u00e9n la virtualizaci\u00f3n h\u00edbrida de su propio centro de datos y su almacenamiento<\/p>\t\t\t\t\t\t\t\t<\/div>\n\t\t\t\t<\/div>\n\t\t\t\t\t<\/div>\n\t\t<\/div>\n\t\t\t\t<div class=\"elementor-column elementor-col-50 elementor-top-column elementor-element elementor-element-e954f23 elementor-invisible\" data-id=\"e954f23\" data-element_type=\"column\" data-e-type=\"column\" data-settings=\"{&quot;animation&quot;:&quot;fadeInRight&quot;}\">\n\t\t\t<div class=\"elementor-widget-wrap elementor-element-populated\">\n\t\t\t\t\t\t<div class=\"elementor-element elementor-element-57aee08 elementor-widget elementor-widget-text-editor\" data-id=\"57aee08\" data-element_type=\"widget\" data-e-type=\"widget\" data-widget_type=\"text-editor.default\">\n\t\t\t\t<div class=\"elementor-widget-container\">\n\t\t\t\t\t\t\t\t\t<p>Seminario web Azure Local 6.2.2025 a las 14:00 &#8211; 14:45 (duraci\u00f3n aproximada 45 min)<\/p>\t\t\t\t\t\t\t\t<\/div>\n\t\t\t\t<\/div>\n\t\t\t\t<div class=\"elementor-element elementor-element-17b50b5 elementor-widget elementor-widget-heading\" data-id=\"17b50b5\" data-element_type=\"widget\" data-e-type=\"widget\" data-widget_type=\"heading.default\">\n\t\t\t\t<div class=\"elementor-widget-container\">\n\t\t\t\t\t<h2 class=\"elementor-heading-title elementor-size-default\">Recursos de la nube Azure \u2013 ahora de forma h\u00edbrida en su propio centro de datos<\/h2>\t\t\t\t<\/div>\n\t\t\t\t<\/div>\n\t\t\t\t<div class=\"elementor-element elementor-element-e1db514 elementor-widget__width-initial elementor-widget elementor-widget-text-editor\" data-id=\"e1db514\" data-element_type=\"widget\" data-e-type=\"widget\" data-widget_type=\"text-editor.default\">\n\t\t\t\t<div class=\"elementor-widget-container\">\n\t\t\t\t\t\t\t\t\t<div><p>\u00bfLe parece lejana la nube p\u00fablica de Azure? \u00bfSon las necesidades de su negocio tales que los servicios deben ejecutarse m\u00e1s cerca o incluso completamente en local? \u00bfBusca m\u00e1s flexibilidad, rendimiento y seguridad para su infraestructura IT?  <\/p><p>Microsoft present\u00f3 en el evento Ignite 2024 la tecnolog\u00eda Azure Local, que acerca los recursos de la nube de Azure a\u00fan m\u00e1s \u2013 hasta su propio centro de datos. <\/p><\/div><div> <\/div><div><p>\u00danase al seminario web de Above IT y Arrow sobre los beneficios de la tecnolog\u00eda Azure Local de Microsoft, la nube h\u00edbrida y la gesti\u00f3n que posibilita, la tecnolog\u00eda de virtualizaci\u00f3n de Microsoft y los modelos de licenciamiento. Tambi\u00e9n explicaremos c\u00f3mo los equipos y servicios de Hewlett Packard Enterprise encajan en este concepto y c\u00f3mo podr\u00eda conseguir ahorros significativos en su propia virtualizaci\u00f3n. <\/p><p>El seminario web es adecuado para todos aquellos que son responsables de la gesti\u00f3n de sistemas de informaci\u00f3n y del entorno IT de las organizaciones.<\/p><\/div>\t\t\t\t\t\t\t\t<\/div>\n\t\t\t\t<\/div>\n\t\t\t\t\t<\/div>\n\t\t<\/div>\n\t\t\t\t\t<\/div>\n\t\t<\/section>\n\t\t\t\t<section class=\"elementor-section elementor-top-section elementor-element elementor-element-668d89f elementor-section-boxed elementor-section-height-default elementor-section-height-default\" data-id=\"668d89f\" data-element_type=\"section\" data-e-type=\"section\">\n\t\t\t\t\t\t<div class=\"elementor-container elementor-column-gap-default\">\n\t\t\t\t\t<div class=\"elementor-column elementor-col-100 elementor-top-column elementor-element elementor-element-5cef1e0\" data-id=\"5cef1e0\" data-element_type=\"column\" data-e-type=\"column\">\n\t\t\t<div class=\"elementor-widget-wrap elementor-element-populated\">\n\t\t\t\t\t\t<div class=\"elementor-element elementor-element-17d81ff elementor-view-default elementor-widget elementor-widget-icon\" data-id=\"17d81ff\" data-element_type=\"widget\" data-e-type=\"widget\" data-widget_type=\"icon.default\">\n\t\t\t\t<div class=\"elementor-widget-container\">\n\t\t\t\t\t\t\t<div class=\"elementor-icon-wrapper\">\n\t\t\t<div class=\"elementor-icon\">\n\t\t\t<i aria-hidden=\"true\" class=\"fas fa-hands-wash\"><\/i>\t\t\t<\/div>\n\t\t<\/div>\n\t\t\t\t\t\t<\/div>\n\t\t\t\t<\/div>\n\t\t\t\t<div class=\"elementor-element elementor-element-c9a9c87 elementor-widget elementor-widget-heading\" data-id=\"c9a9c87\" data-element_type=\"widget\" data-e-type=\"widget\" data-widget_type=\"heading.default\">\n\t\t\t\t<div class=\"elementor-widget-container\">\n\t\t\t\t\t<h2 class=\"elementor-heading-title elementor-size-default\">\u00bfQu\u00e9, d\u00f3nde, cu\u00e1ndo?<\/h2>\t\t\t\t<\/div>\n\t\t\t\t<\/div>\n\t\t\t\t<div class=\"elementor-element elementor-element-5b70b67 elementor-widget elementor-widget-text-editor\" data-id=\"5b70b67\" data-element_type=\"widget\" data-e-type=\"widget\" data-widget_type=\"text-editor.default\">\n\t\t\t\t<div class=\"elementor-widget-container\">\n\t\t\t\t\t\t\t\t\t<p><strong>Para qui\u00e9n:<\/strong> Personas responsables de la gesti\u00f3n de sistemas de informaci\u00f3n y del entorno IT de las organizaciones<br><strong>Qu\u00e9:<\/strong> Seminario web sobre la tecnolog\u00eda de virtualizaci\u00f3n h\u00edbrida Azure Local de Microsoft y las soluciones tecnol\u00f3gicas de HPE para interesados<br><strong>D\u00f3nde:<\/strong> Plataforma de seminarios web Go To Webinar<br><strong>Cu\u00e1ndo:<\/strong> Jueves 6.2.2025 por la tarde comenzando a las 14:00 (duraci\u00f3n aproximada 45 minutos)<br><strong>Ponentes:<\/strong><\/p><ul><li>Juha Kari, &#8216;Consigliere&#8217;, Above IT Oy<\/li><li>Retu Volkkila, Technical Solutions Engineer, Arrow<\/li><li>Juha Pentinpuro, Partner Development Manager, Arrow<\/li><\/ul>\t\t\t\t\t\t\t\t<\/div>\n\t\t\t\t<\/div>\n\t\t\t\t<div class=\"elementor-element elementor-element-6b29ac0 elementor-widget elementor-widget-text-editor\" data-id=\"6b29ac0\" data-element_type=\"widget\" data-e-type=\"widget\" data-widget_type=\"text-editor.default\">\n\t\t\t\t<div class=\"elementor-widget-container\">\n\t\t\t\t\t\t\t\t\t<p><em>Above IT Oy es socio de Microsoft y arquitecto certificado de la nube Azure. Actuamos como asesor de confianza y socio de recursos para las gestiones de sistemas de informaci\u00f3n, ofreciendo tambi\u00e9n servicios de nube gestionada, entre otros, para la nube p\u00fablica Azure y los servidores locales gestionados de forma h\u00edbrida en ella. Como arquitectos con amplia experiencia t\u00e9cnica, entendemos que no todo puede llevarse siempre a la nube p\u00fablica, y a veces las soluciones t\u00e9cnicas deben implementarse en entornos locales. Above IT Oy es tambi\u00e9n socio de HPE para las soluciones t\u00e9cnicas requeridas por las tecnolog\u00edas Azure Local.   <\/em><\/p>\t\t\t\t\t\t\t\t<\/div>\n\t\t\t\t<\/div>\n\t\t\t\t<div class=\"elementor-element elementor-element-2bc1abb elementor-align-center elementor-widget elementor-widget-button\" data-id=\"2bc1abb\" data-element_type=\"widget\" data-e-type=\"widget\" data-widget_type=\"button.default\">\n\t\t\t\t<div class=\"elementor-widget-container\">\n\t\t\t\t\t\t\t\t\t<div class=\"elementor-button-wrapper\">\n\t\t\t\t\t<a class=\"elementor-button elementor-button-link elementor-size-sm\" href=\"https:\/\/register.gotowebinar.com\/register\/173936586832508247\">\n\t\t\t\t\t\t<span class=\"elementor-button-content-wrapper\">\n\t\t\t\t\t\t\t\t\t<span class=\"elementor-button-text\">Inscr\u00edbase aqu\u00ed<\/span>\n\t\t\t\t\t<\/span>\n\t\t\t\t\t<\/a>\n\t\t\t\t<\/div>\n\t\t\t\t\t\t\t\t<\/div>\n\t\t\t\t<\/div>\n\t\t\t\t\t<\/div>\n\t\t<\/div>\n\t\t\t\t\t<\/div>\n\t\t<\/section>\n\t\t\t\t<section class=\"elementor-section elementor-top-section elementor-element elementor-element-b926f4b elementor-section-boxed elementor-section-height-default elementor-section-height-default\" data-id=\"b926f4b\" data-element_type=\"section\" data-e-type=\"section\">\n\t\t\t\t\t\t<div class=\"elementor-container elementor-column-gap-default\">\n\t\t\t\t\t<div class=\"elementor-column elementor-col-50 elementor-top-column elementor-element elementor-element-c5d9173\" data-id=\"c5d9173\" data-element_type=\"column\" data-e-type=\"column\">\n\t\t\t<div class=\"elementor-widget-wrap elementor-element-populated\">\n\t\t\t\t\t\t<div class=\"elementor-element elementor-element-6706687 elementor-widget elementor-widget-image\" data-id=\"6706687\" data-element_type=\"widget\" data-e-type=\"widget\" data-widget_type=\"image.default\">\n\t\t\t\t<div class=\"elementor-widget-container\">\n\t\t\t\t\t\t\t\t\t\t\t\t\t\t\t<img fetchpriority=\"high\" decoding=\"async\" width=\"300\" height=\"169\" src=\"https:\/\/aboveit.fi\/wp-content\/uploads\/2024\/10\/Microsoft-Azure-logo-300x169.png\" class=\"attachment-medium size-medium wp-image-8232\" alt=\"\" srcset=\"https:\/\/aboveit.fi\/wp-content\/uploads\/2024\/10\/Microsoft-Azure-logo-300x169.png 300w, https:\/\/aboveit.fi\/wp-content\/uploads\/2024\/10\/Microsoft-Azure-logo-1024x576.png 1024w, https:\/\/aboveit.fi\/wp-content\/uploads\/2024\/10\/Microsoft-Azure-logo-768x432.png 768w, https:\/\/aboveit.fi\/wp-content\/uploads\/2024\/10\/Microsoft-Azure-logo-1536x864.png 1536w, https:\/\/aboveit.fi\/wp-content\/uploads\/2024\/10\/Microsoft-Azure-logo-2048x1152.png 2048w\" sizes=\"(max-width: 300px) 100vw, 300px\" \/>\t\t\t\t\t\t\t\t\t\t\t\t\t\t\t<\/div>\n\t\t\t\t<\/div>\n\t\t\t\t\t<\/div>\n\t\t<\/div>\n\t\t\t\t<div class=\"elementor-column elementor-col-50 elementor-top-column elementor-element elementor-element-4da53f1\" data-id=\"4da53f1\" data-element_type=\"column\" data-e-type=\"column\">\n\t\t\t<div class=\"elementor-widget-wrap elementor-element-populated\">\n\t\t\t\t\t\t<div class=\"elementor-element elementor-element-9c4b69b elementor-widget elementor-widget-image\" data-id=\"9c4b69b\" data-element_type=\"widget\" data-e-type=\"widget\" data-widget_type=\"image.default\">\n\t\t\t\t<div class=\"elementor-widget-container\">\n\t\t\t\t\t\t\t\t\t\t\t\t\t\t\t<img decoding=\"async\" width=\"300\" height=\"126\" src=\"https:\/\/aboveit.fi\/wp-content\/uploads\/2025\/01\/hpe_pri_grn_pos_rgb-300x126.png\" class=\"attachment-medium size-medium wp-image-8231\" alt=\"\" srcset=\"https:\/\/aboveit.fi\/wp-content\/uploads\/2025\/01\/hpe_pri_grn_pos_rgb-300x126.png 300w, https:\/\/aboveit.fi\/wp-content\/uploads\/2025\/01\/hpe_pri_grn_pos_rgb.png 699w\" sizes=\"(max-width: 300px) 100vw, 300px\" \/>\t\t\t\t\t\t\t\t\t\t\t\t\t\t\t<\/div>\n\t\t\t\t<\/div>\n\t\t\t\t\t<\/div>\n\t\t<\/div>\n\t\t\t\t\t<\/div>\n\t\t<\/section>\n\t\t\t\t<\/div>\n\t\t","protected":false},"excerpt":{"rendered":"<p>La nube Azure de Microsoft gestiona otras nubes y ahora tambi\u00e9n la virtualizaci\u00f3n h\u00edbrida de su propio centro de datos y su almacenamiento Seminario web Azure Local 6.2.2025 a las 14:00 &#8211; 14:45 (duraci\u00f3n aproximada 45 min) Recursos de la nube Azure \u2013 ahora de forma h\u00edbrida en su propio centro de datos \u00bfLe parece [&hellip;]<\/p>\n","protected":false},"author":3,"featured_media":8230,"parent":0,"menu_order":0,"comment_status":"closed","ping_status":"closed","template":"","meta":{"content-type":"","inline_featured_image":false,"footnotes":""},"class_list":["post-8227","page","type-page","status-publish","has-post-thumbnail","hentry"],"yoast_head":"<!-- This site is optimized with the Yoast SEO plugin v27.4 - https:\/\/yoast.com\/product\/yoast-seo-wordpress\/ -->\n<title>Seminario web Azure Local - Above IT Oy<\/title>\n<meta name=\"description\" content=\"\u00danase a nuestro seminario web el 6.2.2025 para conocer la tecnolog\u00eda de virtualizaci\u00f3n Azure Local de Microsoft y lo que HPE como fabricante posibilita en este \u00e1mbito\" \/>\n<meta name=\"robots\" content=\"index, follow, max-snippet:-1, max-image-preview:large, max-video-preview:-1\" \/>\n<link rel=\"canonical\" href=\"https:\/\/aboveit.fi\/es\/seminario-web-azure-local\/\" \/>\n<meta property=\"og:locale\" content=\"es_ES\" \/>\n<meta property=\"og:type\" content=\"article\" \/>\n<meta property=\"og:title\" content=\"Seminario web Azure Local - Above IT Oy\" \/>\n<meta property=\"og:description\" content=\"\u00danase a nuestro seminario web el 6.2.2025 para conocer la tecnolog\u00eda de virtualizaci\u00f3n Azure Local de Microsoft y lo que HPE como fabricante posibilita en este \u00e1mbito\" \/>\n<meta property=\"og:url\" content=\"https:\/\/aboveit.fi\/es\/seminario-web-azure-local\/\" \/>\n<meta property=\"og:site_name\" content=\"Above IT Oy\" \/>\n<meta property=\"article:publisher\" content=\"https:\/\/www.facebook.com\/aboveitfi\" \/>\n<meta property=\"article:modified_time\" content=\"2025-11-26T13:52:30+00:00\" \/>\n<meta property=\"og:image\" content=\"https:\/\/aboveit.fi\/wp-content\/uploads\/2024\/12\/network-2402637_1280-1-e1734609925526.jpg\" \/>\n\t<meta property=\"og:image:width\" content=\"720\" \/>\n\t<meta property=\"og:image:height\" content=\"720\" \/>\n\t<meta property=\"og:image:type\" content=\"image\/jpeg\" \/>\n<meta name=\"twitter:card\" content=\"summary_large_image\" \/>\n<meta name=\"twitter:label1\" content=\"Tiempo de lectura\" \/>\n\t<meta name=\"twitter:data1\" content=\"2 minutos\" \/>\n<script type=\"application\/ld+json\" class=\"yoast-schema-graph\">{\"@context\":\"https:\\\/\\\/schema.org\",\"@graph\":[{\"@type\":\"WebPage\",\"@id\":\"https:\\\/\\\/aboveit.fi\\\/es\\\/seminario-web-azure-local\\\/\",\"url\":\"https:\\\/\\\/aboveit.fi\\\/es\\\/seminario-web-azure-local\\\/\",\"name\":\"Seminario web Azure Local - Above IT Oy\",\"isPartOf\":{\"@id\":\"https:\\\/\\\/aboveit.fi\\\/es\\\/#website\"},\"primaryImageOfPage\":{\"@id\":\"https:\\\/\\\/aboveit.fi\\\/es\\\/seminario-web-azure-local\\\/#primaryimage\"},\"image\":{\"@id\":\"https:\\\/\\\/aboveit.fi\\\/es\\\/seminario-web-azure-local\\\/#primaryimage\"},\"thumbnailUrl\":\"https:\\\/\\\/aboveit.fi\\\/wp-content\\\/uploads\\\/2024\\\/12\\\/network-2402637_1280-1-e1734609925526.jpg\",\"datePublished\":\"2025-01-03T19:30:41+00:00\",\"dateModified\":\"2025-11-26T13:52:30+00:00\",\"description\":\"\u00danase a nuestro seminario web el 6.2.2025 para conocer la tecnolog\u00eda de virtualizaci\u00f3n Azure Local de Microsoft y lo que HPE como fabricante posibilita en este \u00e1mbito\",\"breadcrumb\":{\"@id\":\"https:\\\/\\\/aboveit.fi\\\/es\\\/seminario-web-azure-local\\\/#breadcrumb\"},\"inLanguage\":\"es\",\"potentialAction\":[{\"@type\":\"ReadAction\",\"target\":[\"https:\\\/\\\/aboveit.fi\\\/es\\\/seminario-web-azure-local\\\/\"]}]},{\"@type\":\"ImageObject\",\"inLanguage\":\"es\",\"@id\":\"https:\\\/\\\/aboveit.fi\\\/es\\\/seminario-web-azure-local\\\/#primaryimage\",\"url\":\"https:\\\/\\\/aboveit.fi\\\/wp-content\\\/uploads\\\/2024\\\/12\\\/network-2402637_1280-1-e1734609925526.jpg\",\"contentUrl\":\"https:\\\/\\\/aboveit.fi\\\/wp-content\\\/uploads\\\/2024\\\/12\\\/network-2402637_1280-1-e1734609925526.jpg\",\"width\":720,\"height\":720,\"caption\":\"Azure Local cloud managed hybrid\"},{\"@type\":\"BreadcrumbList\",\"@id\":\"https:\\\/\\\/aboveit.fi\\\/es\\\/seminario-web-azure-local\\\/#breadcrumb\",\"itemListElement\":[{\"@type\":\"ListItem\",\"position\":1,\"name\":\"Etusivu\",\"item\":\"https:\\\/\\\/aboveit.fi\\\/es\\\/\"},{\"@type\":\"ListItem\",\"position\":2,\"name\":\"Seminario web Azure Local\"}]},{\"@type\":\"WebSite\",\"@id\":\"https:\\\/\\\/aboveit.fi\\\/es\\\/#website\",\"url\":\"https:\\\/\\\/aboveit.fi\\\/es\\\/\",\"name\":\"We Are Above IT\",\"description\":\"Tietohallinnon voimavarakumppani\",\"publisher\":{\"@id\":\"https:\\\/\\\/aboveit.fi\\\/es\\\/#organization\"},\"potentialAction\":[{\"@type\":\"SearchAction\",\"target\":{\"@type\":\"EntryPoint\",\"urlTemplate\":\"https:\\\/\\\/aboveit.fi\\\/es\\\/?s={search_term_string}\"},\"query-input\":{\"@type\":\"PropertyValueSpecification\",\"valueRequired\":true,\"valueName\":\"search_term_string\"}}],\"inLanguage\":\"es\"},{\"@type\":\"Organization\",\"@id\":\"https:\\\/\\\/aboveit.fi\\\/es\\\/#organization\",\"name\":\"Above IT Oy\",\"url\":\"https:\\\/\\\/aboveit.fi\\\/es\\\/\",\"logo\":{\"@type\":\"ImageObject\",\"inLanguage\":\"es\",\"@id\":\"https:\\\/\\\/aboveit.fi\\\/es\\\/#\\\/schema\\\/logo\\\/image\\\/\",\"url\":\"https:\\\/\\\/aboveit.fi\\\/wp-content\\\/uploads\\\/2024\\\/10\\\/aboveIT-logo.png\",\"contentUrl\":\"https:\\\/\\\/aboveit.fi\\\/wp-content\\\/uploads\\\/2024\\\/10\\\/aboveIT-logo.png\",\"width\":1613,\"height\":383,\"caption\":\"Above IT Oy\"},\"image\":{\"@id\":\"https:\\\/\\\/aboveit.fi\\\/es\\\/#\\\/schema\\\/logo\\\/image\\\/\"},\"sameAs\":[\"https:\\\/\\\/www.facebook.com\\\/aboveitfi\",\"https:\\\/\\\/www.linkedin.com\\\/company\\\/aboveitfi\",\"https:\\\/\\\/instagram.com\\\/aboveitfi\"]}]}<\/script>\n<!-- \/ Yoast SEO plugin. -->","yoast_head_json":{"title":"Seminario web Azure Local - Above IT Oy","description":"\u00danase a nuestro seminario web el 6.2.2025 para conocer la tecnolog\u00eda de virtualizaci\u00f3n Azure Local de Microsoft y lo que HPE como fabricante posibilita en este \u00e1mbito","robots":{"index":"index","follow":"follow","max-snippet":"max-snippet:-1","max-image-preview":"max-image-preview:large","max-video-preview":"max-video-preview:-1"},"canonical":"https:\/\/aboveit.fi\/es\/seminario-web-azure-local\/","og_locale":"es_ES","og_type":"article","og_title":"Seminario web Azure Local - Above IT Oy","og_description":"\u00danase a nuestro seminario web el 6.2.2025 para conocer la tecnolog\u00eda de virtualizaci\u00f3n Azure Local de Microsoft y lo que HPE como fabricante posibilita en este \u00e1mbito","og_url":"https:\/\/aboveit.fi\/es\/seminario-web-azure-local\/","og_site_name":"Above IT Oy","article_publisher":"https:\/\/www.facebook.com\/aboveitfi","article_modified_time":"2025-11-26T13:52:30+00:00","og_image":[{"width":720,"height":720,"url":"https:\/\/aboveit.fi\/wp-content\/uploads\/2024\/12\/network-2402637_1280-1-e1734609925526.jpg","type":"image\/jpeg"}],"twitter_card":"summary_large_image","twitter_misc":{"Tiempo de lectura":"2 minutos"},"schema":{"@context":"https:\/\/schema.org","@graph":[{"@type":"WebPage","@id":"https:\/\/aboveit.fi\/es\/seminario-web-azure-local\/","url":"https:\/\/aboveit.fi\/es\/seminario-web-azure-local\/","name":"Seminario web Azure Local - Above IT Oy","isPartOf":{"@id":"https:\/\/aboveit.fi\/es\/#website"},"primaryImageOfPage":{"@id":"https:\/\/aboveit.fi\/es\/seminario-web-azure-local\/#primaryimage"},"image":{"@id":"https:\/\/aboveit.fi\/es\/seminario-web-azure-local\/#primaryimage"},"thumbnailUrl":"https:\/\/aboveit.fi\/wp-content\/uploads\/2024\/12\/network-2402637_1280-1-e1734609925526.jpg","datePublished":"2025-01-03T19:30:41+00:00","dateModified":"2025-11-26T13:52:30+00:00","description":"\u00danase a nuestro seminario web el 6.2.2025 para conocer la tecnolog\u00eda de virtualizaci\u00f3n Azure Local de Microsoft y lo que HPE como fabricante posibilita en este \u00e1mbito","breadcrumb":{"@id":"https:\/\/aboveit.fi\/es\/seminario-web-azure-local\/#breadcrumb"},"inLanguage":"es","potentialAction":[{"@type":"ReadAction","target":["https:\/\/aboveit.fi\/es\/seminario-web-azure-local\/"]}]},{"@type":"ImageObject","inLanguage":"es","@id":"https:\/\/aboveit.fi\/es\/seminario-web-azure-local\/#primaryimage","url":"https:\/\/aboveit.fi\/wp-content\/uploads\/2024\/12\/network-2402637_1280-1-e1734609925526.jpg","contentUrl":"https:\/\/aboveit.fi\/wp-content\/uploads\/2024\/12\/network-2402637_1280-1-e1734609925526.jpg","width":720,"height":720,"caption":"Azure Local cloud managed hybrid"},{"@type":"BreadcrumbList","@id":"https:\/\/aboveit.fi\/es\/seminario-web-azure-local\/#breadcrumb","itemListElement":[{"@type":"ListItem","position":1,"name":"Etusivu","item":"https:\/\/aboveit.fi\/es\/"},{"@type":"ListItem","position":2,"name":"Seminario web Azure Local"}]},{"@type":"WebSite","@id":"https:\/\/aboveit.fi\/es\/#website","url":"https:\/\/aboveit.fi\/es\/","name":"We Are Above IT","description":"Tietohallinnon voimavarakumppani","publisher":{"@id":"https:\/\/aboveit.fi\/es\/#organization"},"potentialAction":[{"@type":"SearchAction","target":{"@type":"EntryPoint","urlTemplate":"https:\/\/aboveit.fi\/es\/?s={search_term_string}"},"query-input":{"@type":"PropertyValueSpecification","valueRequired":true,"valueName":"search_term_string"}}],"inLanguage":"es"},{"@type":"Organization","@id":"https:\/\/aboveit.fi\/es\/#organization","name":"Above IT Oy","url":"https:\/\/aboveit.fi\/es\/","logo":{"@type":"ImageObject","inLanguage":"es","@id":"https:\/\/aboveit.fi\/es\/#\/schema\/logo\/image\/","url":"https:\/\/aboveit.fi\/wp-content\/uploads\/2024\/10\/aboveIT-logo.png","contentUrl":"https:\/\/aboveit.fi\/wp-content\/uploads\/2024\/10\/aboveIT-logo.png","width":1613,"height":383,"caption":"Above IT Oy"},"image":{"@id":"https:\/\/aboveit.fi\/es\/#\/schema\/logo\/image\/"},"sameAs":["https:\/\/www.facebook.com\/aboveitfi","https:\/\/www.linkedin.com\/company\/aboveitfi","https:\/\/instagram.com\/aboveitfi"]}]}},"_links":{"self":[{"href":"https:\/\/aboveit.fi\/es\/wp-json\/wp\/v2\/pages\/8227","targetHints":{"allow":["GET"]}}],"collection":[{"href":"https:\/\/aboveit.fi\/es\/wp-json\/wp\/v2\/pages"}],"about":[{"href":"https:\/\/aboveit.fi\/es\/wp-json\/wp\/v2\/types\/page"}],"author":[{"embeddable":true,"href":"https:\/\/aboveit.fi\/es\/wp-json\/wp\/v2\/users\/3"}],"replies":[{"embeddable":true,"href":"https:\/\/aboveit.fi\/es\/wp-json\/wp\/v2\/comments?post=8227"}],"version-history":[{"count":1,"href":"https:\/\/aboveit.fi\/es\/wp-json\/wp\/v2\/pages\/8227\/revisions"}],"predecessor-version":[{"id":8233,"href":"https:\/\/aboveit.fi\/es\/wp-json\/wp\/v2\/pages\/8227\/revisions\/8233"}],"wp:featuredmedia":[{"embeddable":true,"href":"https:\/\/aboveit.fi\/es\/wp-json\/wp\/v2\/media\/8230"}],"wp:attachment":[{"href":"https:\/\/aboveit.fi\/es\/wp-json\/wp\/v2\/media?parent=8227"}],"curies":[{"name":"wp","href":"https:\/\/api.w.org\/{rel}","templated":true}]}}