{"id":8153,"date":"2025-04-02T09:25:52","date_gmt":"2025-04-02T07:25:52","guid":{"rendered":"https:\/\/aboveit.fi\/webinar-sobre-mejor-proteccion-de-datos-15-05-2025\/"},"modified":"2025-11-26T15:25:50","modified_gmt":"2025-11-26T13:25:50","slug":"webinar-sobre-mejor-proteccion-de-datos-15-05-2025","status":"publish","type":"page","link":"https:\/\/aboveit.fi\/es\/webinar-sobre-mejor-proteccion-de-datos-15-05-2025\/","title":{"rendered":"Webinar sobre mejor protecci\u00f3n de datos &#8211; 15\/05\/2025"},"content":{"rendered":"\t\t<div data-elementor-type=\"wp-page\" data-elementor-id=\"8153\" class=\"elementor elementor-8153 elementor-5116\" data-elementor-post-type=\"page\">\n\t\t\t\t\t\t<section class=\"elementor-section elementor-top-section elementor-element elementor-element-b701054 elementor-section-boxed elementor-section-height-default elementor-section-height-default\" data-id=\"b701054\" data-element_type=\"section\" data-e-type=\"section\">\n\t\t\t\t\t\t<div class=\"elementor-container elementor-column-gap-default\">\n\t\t\t\t\t<div class=\"elementor-column elementor-col-50 elementor-top-column elementor-element elementor-element-09267f5 elementor-invisible\" data-id=\"09267f5\" data-element_type=\"column\" data-e-type=\"column\" data-settings=\"{&quot;background_background&quot;:&quot;classic&quot;,&quot;animation&quot;:&quot;fadeInLeft&quot;}\">\n\t\t\t<div class=\"elementor-widget-wrap elementor-element-populated\">\n\t\t\t\t\t<div class=\"elementor-background-overlay\"><\/div>\n\t\t\t\t\t\t<div class=\"elementor-element elementor-element-fc68128 animated-slow elementor-invisible elementor-widget elementor-widget-text-editor\" data-id=\"fc68128\" data-element_type=\"widget\" data-e-type=\"widget\" data-settings=\"{&quot;_animation&quot;:&quot;fadeInUp&quot;}\" data-widget_type=\"text-editor.default\">\n\t\t\t\t<div class=\"elementor-widget-container\">\n\t\t\t\t\t\t\t\t\t<p>\u00a1El ecosistema de Microsoft tambi\u00e9n ofrece excelentes herramientas para mejorar la protecci\u00f3n de datos!<\/p>\t\t\t\t\t\t\t\t<\/div>\n\t\t\t\t<\/div>\n\t\t\t\t\t<\/div>\n\t\t<\/div>\n\t\t\t\t<div class=\"elementor-column elementor-col-50 elementor-top-column elementor-element elementor-element-e954f23 elementor-invisible\" data-id=\"e954f23\" data-element_type=\"column\" data-e-type=\"column\" data-settings=\"{&quot;animation&quot;:&quot;fadeInRight&quot;}\">\n\t\t\t<div class=\"elementor-widget-wrap elementor-element-populated\">\n\t\t\t\t\t\t<div class=\"elementor-element elementor-element-57aee08 elementor-widget elementor-widget-text-editor\" data-id=\"57aee08\" data-element_type=\"widget\" data-e-type=\"widget\" data-widget_type=\"text-editor.default\">\n\t\t\t\t<div class=\"elementor-widget-container\">\n\t\t\t\t\t\t\t\t\t<p>Webinar sobre mejor protecci\u00f3n de datos &#8211; 15\/05\/2025 de 14:00 a 14:45 (duraci\u00f3n aproximada 45 min)<\/p>\t\t\t\t\t\t\t\t<\/div>\n\t\t\t\t<\/div>\n\t\t\t\t<div class=\"elementor-element elementor-element-17b50b5 elementor-widget elementor-widget-heading\" data-id=\"17b50b5\" data-element_type=\"widget\" data-e-type=\"widget\" data-widget_type=\"heading.default\">\n\t\t\t\t<div class=\"elementor-widget-container\">\n\t\t\t\t\t<h2 class=\"elementor-heading-title elementor-size-default\">\u00bfTecnolog\u00edas Purview para una mejor protecci\u00f3n de datos?<\/h2>\t\t\t\t<\/div>\n\t\t\t\t<\/div>\n\t\t\t\t<div class=\"elementor-element elementor-element-e1db514 elementor-widget elementor-widget-text-editor\" data-id=\"e1db514\" data-element_type=\"widget\" data-e-type=\"widget\" data-widget_type=\"text-editor.default\">\n\t\t\t\t<div class=\"elementor-widget-container\">\n\t\t\t\t\t\t\t\t\t<p>\u00bfSab\u00eda que la mayor\u00eda de las filtraciones de datos son involuntarias, resultado de la falta de reflexi\u00f3n? \u00bfY que las licencias de Microsoft 365 a menudo incluyen <a href=\"https:\/\/www.microsoft.com\/fi-fi\/security\/business\/microsoft-purview\">herramientas para prevenir estas filtraciones de datos<\/a> guiando suavemente el trabajo de informaci\u00f3n? <\/p><p>\u00bfSab\u00eda tambi\u00e9n que una gran parte de las empresas no aprovechan las caracter\u00edsticas b\u00e1sicas de protecci\u00f3n de datos incluidas en sus licencias, como el cifrado de correo electr\u00f3nico, y sin saberlo, pueden estar compartiendo casi a diario informaci\u00f3n sujeta al RGPD sin cifrar en sus comunicaciones por correo electr\u00f3nico?<\/p><p>Inscr\u00edbase a nuestro webinar para escucharnos durante su caf\u00e9 de la tarde, \u00a1y le contaremos c\u00f3mo sacar m\u00e1s provecho de las licencias de su nube Microsoft 365 y proteger su informaci\u00f3n!<\/p><p>Durante el webinar, puede hacernos preguntas desafiantes, o incluso tontas, \u00a1que nuestros expertos de hierro intentar\u00e1n responder de inmediato!<\/p>\t\t\t\t\t\t\t\t<\/div>\n\t\t\t\t<\/div>\n\t\t\t\t\t<\/div>\n\t\t<\/div>\n\t\t\t\t\t<\/div>\n\t\t<\/section>\n\t\t\t\t<section class=\"elementor-section elementor-top-section elementor-element elementor-element-668d89f elementor-section-boxed elementor-section-height-default elementor-section-height-default\" data-id=\"668d89f\" data-element_type=\"section\" data-e-type=\"section\">\n\t\t\t\t\t\t<div class=\"elementor-container elementor-column-gap-default\">\n\t\t\t\t\t<div class=\"elementor-column elementor-col-100 elementor-top-column elementor-element elementor-element-5cef1e0\" data-id=\"5cef1e0\" data-element_type=\"column\" data-e-type=\"column\">\n\t\t\t<div class=\"elementor-widget-wrap elementor-element-populated\">\n\t\t\t\t\t\t<div class=\"elementor-element elementor-element-17d81ff elementor-view-default elementor-widget elementor-widget-icon\" data-id=\"17d81ff\" data-element_type=\"widget\" data-e-type=\"widget\" data-widget_type=\"icon.default\">\n\t\t\t\t<div class=\"elementor-widget-container\">\n\t\t\t\t\t\t\t<div class=\"elementor-icon-wrapper\">\n\t\t\t<div class=\"elementor-icon\">\n\t\t\t<i aria-hidden=\"true\" class=\"fas fa-hands-wash\"><\/i>\t\t\t<\/div>\n\t\t<\/div>\n\t\t\t\t\t\t<\/div>\n\t\t\t\t<\/div>\n\t\t\t\t<div class=\"elementor-element elementor-element-c9a9c87 elementor-widget elementor-widget-heading\" data-id=\"c9a9c87\" data-element_type=\"widget\" data-e-type=\"widget\" data-widget_type=\"heading.default\">\n\t\t\t\t<div class=\"elementor-widget-container\">\n\t\t\t\t\t<h2 class=\"elementor-heading-title elementor-size-default\">\u00bfQu\u00e9, d\u00f3nde, cu\u00e1ndo?<\/h2>\t\t\t\t<\/div>\n\t\t\t\t<\/div>\n\t\t\t\t<div class=\"elementor-element elementor-element-5b70b67 elementor-widget elementor-widget-text-editor\" data-id=\"5b70b67\" data-element_type=\"widget\" data-e-type=\"widget\" data-widget_type=\"text-editor.default\">\n\t\t\t\t<div class=\"elementor-widget-container\">\n\t\t\t\t\t\t\t\t\t<p><strong>Para qui\u00e9n:<\/strong> Para personas responsables de la gesti\u00f3n de la informaci\u00f3n y del entorno IT en las organizaciones<br><strong>Qu\u00e9:<\/strong> Webinar para interesados en las tecnolog\u00edas de protecci\u00f3n de datos Purview de Microsoft<br><strong>D\u00f3nde:<\/strong> Webinar de Microsoft Teams<br><strong>Cu\u00e1ndo:<\/strong> Jueves 15\/05\/2025 a partir de las 14:00 (duraci\u00f3n aproximada 45 minutos)<br><strong>Qui\u00e9nes:<\/strong> Los &#8216;consiglieri&#8217; de Above IT, Mika Hakkarainen y Pasi Jalonen<\/p>\t\t\t\t\t\t\t\t<\/div>\n\t\t\t\t<\/div>\n\t\t\t\t<div class=\"elementor-element elementor-element-6b29ac0 elementor-widget elementor-widget-text-editor\" data-id=\"6b29ac0\" data-element_type=\"widget\" data-e-type=\"widget\" data-widget_type=\"text-editor.default\">\n\t\t\t\t<div class=\"elementor-widget-container\">\n\t\t\t\t\t\t\t\t\t<p>Above IT Oy es socio de Microsoft y arquitecto certificado de nubes Microsoft 365. Nuestra empresa act\u00faa como asesor de confianza y socio de recursos para los departamentos de TI, ofreciendo servicios de nube gestionada tambi\u00e9n para la nube p\u00fablica de Microsoft 365. \u00a1Por nuestra parte, nos aseguramos de que su departamento de TI se mantenga a la vanguardia del desarrollo continuo de la nube y de la seguridad de la informaci\u00f3n!  <\/p>\t\t\t\t\t\t\t\t<\/div>\n\t\t\t\t<\/div>\n\t\t\t\t<div class=\"elementor-element elementor-element-2bc1abb elementor-align-center elementor-widget elementor-widget-button\" data-id=\"2bc1abb\" data-element_type=\"widget\" data-e-type=\"widget\" data-widget_type=\"button.default\">\n\t\t\t\t<div class=\"elementor-widget-container\">\n\t\t\t\t\t\t\t\t\t<div class=\"elementor-button-wrapper\">\n\t\t\t\t\t<a class=\"elementor-button elementor-button-link elementor-size-sm\" href=\"https:\/\/events.teams.microsoft.com\/event\/7a4f780d-a1b7-4b84-bb61-424f814a179d@e55ab436-412f-4ce1-bb3f-5199b8d12fae\">\n\t\t\t\t\t\t<span class=\"elementor-button-content-wrapper\">\n\t\t\t\t\t\t\t\t\t<span class=\"elementor-button-text\">Inscr\u00edbase aqu\u00ed<\/span>\n\t\t\t\t\t<\/span>\n\t\t\t\t\t<\/a>\n\t\t\t\t<\/div>\n\t\t\t\t\t\t\t\t<\/div>\n\t\t\t\t<\/div>\n\t\t\t\t<div class=\"elementor-element elementor-element-b10e429 elementor-widget elementor-widget-image\" data-id=\"b10e429\" data-element_type=\"widget\" data-e-type=\"widget\" data-widget_type=\"image.default\">\n\t\t\t\t<div class=\"elementor-widget-container\">\n\t\t\t\t\t\t\t\t\t\t\t\t\t\t\t<img fetchpriority=\"high\" decoding=\"async\" width=\"800\" height=\"219\" src=\"https:\/\/aboveit.fi\/wp-content\/uploads\/2025\/03\/logo_microsoft365-1024x280.webp\" class=\"attachment-large size-large wp-image-8156\" alt=\"\" srcset=\"https:\/\/aboveit.fi\/wp-content\/uploads\/2025\/03\/logo_microsoft365-1024x280.webp 1024w, https:\/\/aboveit.fi\/wp-content\/uploads\/2025\/03\/logo_microsoft365-300x82.webp 300w, https:\/\/aboveit.fi\/wp-content\/uploads\/2025\/03\/logo_microsoft365-768x210.webp 768w, https:\/\/aboveit.fi\/wp-content\/uploads\/2025\/03\/logo_microsoft365.webp 1098w\" sizes=\"(max-width: 800px) 100vw, 800px\" \/>\t\t\t\t\t\t\t\t\t\t\t\t\t\t\t<\/div>\n\t\t\t\t<\/div>\n\t\t\t\t\t<\/div>\n\t\t<\/div>\n\t\t\t\t\t<\/div>\n\t\t<\/section>\n\t\t\t\t<section class=\"elementor-section elementor-top-section elementor-element elementor-element-a1d9957 elementor-section-boxed elementor-section-height-default elementor-section-height-default\" data-id=\"a1d9957\" data-element_type=\"section\" data-e-type=\"section\">\n\t\t\t\t\t\t<div class=\"elementor-container elementor-column-gap-default\">\n\t\t\t\t\t<div class=\"elementor-column elementor-col-100 elementor-top-column elementor-element elementor-element-03af6a0\" data-id=\"03af6a0\" data-element_type=\"column\" data-e-type=\"column\">\n\t\t\t<div class=\"elementor-widget-wrap elementor-element-populated\">\n\t\t\t\t\t\t<div class=\"elementor-element elementor-element-f80e206 elementor-widget elementor-widget-text-editor\" data-id=\"f80e206\" data-element_type=\"widget\" data-e-type=\"widget\" data-widget_type=\"text-editor.default\">\n\t\t\t\t<div class=\"elementor-widget-container\">\n\t\t\t\t\t\t\t\t\t<h4><strong><a href=\"https:\/\/aboveit.fi\/holistinen-tietoturva-webinaari\/\">WEBINAR: Seguridad hol\u00edstica con tecnolog\u00edas Microsoft Defender el 05\/06 de 14:00 a 14:45 \u00bb <\/a><\/strong><\/h4><h4> <\/h4>\t\t\t\t\t\t\t\t<\/div>\n\t\t\t\t<\/div>\n\t\t\t\t\t<\/div>\n\t\t<\/div>\n\t\t\t\t\t<\/div>\n\t\t<\/section>\n\t\t\t\t<\/div>\n\t\t","protected":false},"excerpt":{"rendered":"<p>\u00a1El ecosistema de Microsoft tambi\u00e9n ofrece excelentes herramientas para mejorar la protecci\u00f3n de datos! Webinar sobre mejor protecci\u00f3n de datos &#8211; 15\/05\/2025 de 14:00 a 14:45 (duraci\u00f3n aproximada 45 min) \u00bfTecnolog\u00edas Purview para una mejor protecci\u00f3n de datos? \u00bfSab\u00eda que la mayor\u00eda de las filtraciones de datos son involuntarias, resultado de la falta de reflexi\u00f3n? [&hellip;]<\/p>\n","protected":false},"author":3,"featured_media":8155,"parent":0,"menu_order":0,"comment_status":"closed","ping_status":"closed","template":"","meta":{"content-type":"","inline_featured_image":false,"footnotes":""},"class_list":["post-8153","page","type-page","status-publish","has-post-thumbnail","hentry"],"yoast_head":"<!-- This site is optimized with the Yoast SEO plugin v27.5 - https:\/\/yoast.com\/product\/yoast-seo-wordpress\/ -->\n<title>Webinar sobre mejor protecci\u00f3n de datos - 15\/05\/2025 - Above IT Oy<\/title>\n<meta name=\"description\" content=\"El webinar sobre mejor protecci\u00f3n de datos del 15\/05\/2025 aborda las tecnolog\u00edas Purview de Microsoft 365 en la nube para permitir una mejor protecci\u00f3n de datos.\" \/>\n<meta name=\"robots\" content=\"index, follow, max-snippet:-1, max-image-preview:large, max-video-preview:-1\" \/>\n<link rel=\"canonical\" href=\"https:\/\/aboveit.fi\/es\/webinar-sobre-mejor-proteccion-de-datos-15-05-2025\/\" \/>\n<meta property=\"og:locale\" content=\"es_ES\" \/>\n<meta property=\"og:type\" content=\"article\" \/>\n<meta property=\"og:title\" content=\"Webinar sobre mejor protecci\u00f3n de datos - 15\/05\/2025 - Above IT Oy\" \/>\n<meta property=\"og:description\" content=\"El webinar sobre mejor protecci\u00f3n de datos del 15\/05\/2025 aborda las tecnolog\u00edas Purview de Microsoft 365 en la nube para permitir una mejor protecci\u00f3n de datos.\" \/>\n<meta property=\"og:url\" content=\"https:\/\/aboveit.fi\/es\/webinar-sobre-mejor-proteccion-de-datos-15-05-2025\/\" \/>\n<meta property=\"og:site_name\" content=\"Above IT Oy\" \/>\n<meta property=\"article:publisher\" content=\"https:\/\/www.facebook.com\/aboveitfi\" \/>\n<meta property=\"article:modified_time\" content=\"2025-11-26T13:25:50+00:00\" \/>\n<meta property=\"og:image\" content=\"https:\/\/aboveit.fi\/wp-content\/uploads\/2025\/03\/AboveIT-81.jpg\" \/>\n\t<meta property=\"og:image:width\" content=\"1920\" \/>\n\t<meta property=\"og:image:height\" content=\"1280\" \/>\n\t<meta property=\"og:image:type\" content=\"image\/jpeg\" \/>\n<meta name=\"twitter:card\" content=\"summary_large_image\" \/>\n<meta name=\"twitter:label1\" content=\"Tiempo de lectura\" \/>\n\t<meta name=\"twitter:data1\" content=\"2 minutos\" \/>\n<script type=\"application\/ld+json\" class=\"yoast-schema-graph\">{\"@context\":\"https:\\\/\\\/schema.org\",\"@graph\":[{\"@type\":\"WebPage\",\"@id\":\"https:\\\/\\\/aboveit.fi\\\/es\\\/webinar-sobre-mejor-proteccion-de-datos-15-05-2025\\\/\",\"url\":\"https:\\\/\\\/aboveit.fi\\\/es\\\/webinar-sobre-mejor-proteccion-de-datos-15-05-2025\\\/\",\"name\":\"Webinar sobre mejor protecci\u00f3n de datos - 15\\\/05\\\/2025 - Above IT Oy\",\"isPartOf\":{\"@id\":\"https:\\\/\\\/aboveit.fi\\\/es\\\/#website\"},\"primaryImageOfPage\":{\"@id\":\"https:\\\/\\\/aboveit.fi\\\/es\\\/webinar-sobre-mejor-proteccion-de-datos-15-05-2025\\\/#primaryimage\"},\"image\":{\"@id\":\"https:\\\/\\\/aboveit.fi\\\/es\\\/webinar-sobre-mejor-proteccion-de-datos-15-05-2025\\\/#primaryimage\"},\"thumbnailUrl\":\"https:\\\/\\\/aboveit.fi\\\/wp-content\\\/uploads\\\/2025\\\/03\\\/AboveIT-81.jpg\",\"datePublished\":\"2025-04-02T07:25:52+00:00\",\"dateModified\":\"2025-11-26T13:25:50+00:00\",\"description\":\"El webinar sobre mejor protecci\u00f3n de datos del 15\\\/05\\\/2025 aborda las tecnolog\u00edas Purview de Microsoft 365 en la nube para permitir una mejor protecci\u00f3n de datos.\",\"breadcrumb\":{\"@id\":\"https:\\\/\\\/aboveit.fi\\\/es\\\/webinar-sobre-mejor-proteccion-de-datos-15-05-2025\\\/#breadcrumb\"},\"inLanguage\":\"es\",\"potentialAction\":[{\"@type\":\"ReadAction\",\"target\":[\"https:\\\/\\\/aboveit.fi\\\/es\\\/webinar-sobre-mejor-proteccion-de-datos-15-05-2025\\\/\"]}]},{\"@type\":\"ImageObject\",\"inLanguage\":\"es\",\"@id\":\"https:\\\/\\\/aboveit.fi\\\/es\\\/webinar-sobre-mejor-proteccion-de-datos-15-05-2025\\\/#primaryimage\",\"url\":\"https:\\\/\\\/aboveit.fi\\\/wp-content\\\/uploads\\\/2025\\\/03\\\/AboveIT-81.jpg\",\"contentUrl\":\"https:\\\/\\\/aboveit.fi\\\/wp-content\\\/uploads\\\/2025\\\/03\\\/AboveIT-81.jpg\",\"width\":1920,\"height\":1280,\"caption\":\"Mano alcanzando informaci\u00f3n\"},{\"@type\":\"BreadcrumbList\",\"@id\":\"https:\\\/\\\/aboveit.fi\\\/es\\\/webinar-sobre-mejor-proteccion-de-datos-15-05-2025\\\/#breadcrumb\",\"itemListElement\":[{\"@type\":\"ListItem\",\"position\":1,\"name\":\"Etusivu\",\"item\":\"https:\\\/\\\/aboveit.fi\\\/es\\\/\"},{\"@type\":\"ListItem\",\"position\":2,\"name\":\"Webinar sobre mejor protecci\u00f3n de datos &#8211; 15\\\/05\\\/2025\"}]},{\"@type\":\"WebSite\",\"@id\":\"https:\\\/\\\/aboveit.fi\\\/es\\\/#website\",\"url\":\"https:\\\/\\\/aboveit.fi\\\/es\\\/\",\"name\":\"We Are Above IT\",\"description\":\"Tietohallinnon voimavarakumppani\",\"publisher\":{\"@id\":\"https:\\\/\\\/aboveit.fi\\\/es\\\/#organization\"},\"potentialAction\":[{\"@type\":\"SearchAction\",\"target\":{\"@type\":\"EntryPoint\",\"urlTemplate\":\"https:\\\/\\\/aboveit.fi\\\/es\\\/?s={search_term_string}\"},\"query-input\":{\"@type\":\"PropertyValueSpecification\",\"valueRequired\":true,\"valueName\":\"search_term_string\"}}],\"inLanguage\":\"es\"},{\"@type\":\"Organization\",\"@id\":\"https:\\\/\\\/aboveit.fi\\\/es\\\/#organization\",\"name\":\"Above IT Oy\",\"url\":\"https:\\\/\\\/aboveit.fi\\\/es\\\/\",\"logo\":{\"@type\":\"ImageObject\",\"inLanguage\":\"es\",\"@id\":\"https:\\\/\\\/aboveit.fi\\\/es\\\/#\\\/schema\\\/logo\\\/image\\\/\",\"url\":\"https:\\\/\\\/aboveit.fi\\\/wp-content\\\/uploads\\\/2024\\\/10\\\/aboveIT-logo.png\",\"contentUrl\":\"https:\\\/\\\/aboveit.fi\\\/wp-content\\\/uploads\\\/2024\\\/10\\\/aboveIT-logo.png\",\"width\":1613,\"height\":383,\"caption\":\"Above IT Oy\"},\"image\":{\"@id\":\"https:\\\/\\\/aboveit.fi\\\/es\\\/#\\\/schema\\\/logo\\\/image\\\/\"},\"sameAs\":[\"https:\\\/\\\/www.facebook.com\\\/aboveitfi\",\"https:\\\/\\\/www.linkedin.com\\\/company\\\/aboveitfi\",\"https:\\\/\\\/instagram.com\\\/aboveitfi\"]}]}<\/script>\n<!-- \/ Yoast SEO plugin. -->","yoast_head_json":{"title":"Webinar sobre mejor protecci\u00f3n de datos - 15\/05\/2025 - Above IT Oy","description":"El webinar sobre mejor protecci\u00f3n de datos del 15\/05\/2025 aborda las tecnolog\u00edas Purview de Microsoft 365 en la nube para permitir una mejor protecci\u00f3n de datos.","robots":{"index":"index","follow":"follow","max-snippet":"max-snippet:-1","max-image-preview":"max-image-preview:large","max-video-preview":"max-video-preview:-1"},"canonical":"https:\/\/aboveit.fi\/es\/webinar-sobre-mejor-proteccion-de-datos-15-05-2025\/","og_locale":"es_ES","og_type":"article","og_title":"Webinar sobre mejor protecci\u00f3n de datos - 15\/05\/2025 - Above IT Oy","og_description":"El webinar sobre mejor protecci\u00f3n de datos del 15\/05\/2025 aborda las tecnolog\u00edas Purview de Microsoft 365 en la nube para permitir una mejor protecci\u00f3n de datos.","og_url":"https:\/\/aboveit.fi\/es\/webinar-sobre-mejor-proteccion-de-datos-15-05-2025\/","og_site_name":"Above IT Oy","article_publisher":"https:\/\/www.facebook.com\/aboveitfi","article_modified_time":"2025-11-26T13:25:50+00:00","og_image":[{"width":1920,"height":1280,"url":"https:\/\/aboveit.fi\/wp-content\/uploads\/2025\/03\/AboveIT-81.jpg","type":"image\/jpeg"}],"twitter_card":"summary_large_image","twitter_misc":{"Tiempo de lectura":"2 minutos"},"schema":{"@context":"https:\/\/schema.org","@graph":[{"@type":"WebPage","@id":"https:\/\/aboveit.fi\/es\/webinar-sobre-mejor-proteccion-de-datos-15-05-2025\/","url":"https:\/\/aboveit.fi\/es\/webinar-sobre-mejor-proteccion-de-datos-15-05-2025\/","name":"Webinar sobre mejor protecci\u00f3n de datos - 15\/05\/2025 - Above IT Oy","isPartOf":{"@id":"https:\/\/aboveit.fi\/es\/#website"},"primaryImageOfPage":{"@id":"https:\/\/aboveit.fi\/es\/webinar-sobre-mejor-proteccion-de-datos-15-05-2025\/#primaryimage"},"image":{"@id":"https:\/\/aboveit.fi\/es\/webinar-sobre-mejor-proteccion-de-datos-15-05-2025\/#primaryimage"},"thumbnailUrl":"https:\/\/aboveit.fi\/wp-content\/uploads\/2025\/03\/AboveIT-81.jpg","datePublished":"2025-04-02T07:25:52+00:00","dateModified":"2025-11-26T13:25:50+00:00","description":"El webinar sobre mejor protecci\u00f3n de datos del 15\/05\/2025 aborda las tecnolog\u00edas Purview de Microsoft 365 en la nube para permitir una mejor protecci\u00f3n de datos.","breadcrumb":{"@id":"https:\/\/aboveit.fi\/es\/webinar-sobre-mejor-proteccion-de-datos-15-05-2025\/#breadcrumb"},"inLanguage":"es","potentialAction":[{"@type":"ReadAction","target":["https:\/\/aboveit.fi\/es\/webinar-sobre-mejor-proteccion-de-datos-15-05-2025\/"]}]},{"@type":"ImageObject","inLanguage":"es","@id":"https:\/\/aboveit.fi\/es\/webinar-sobre-mejor-proteccion-de-datos-15-05-2025\/#primaryimage","url":"https:\/\/aboveit.fi\/wp-content\/uploads\/2025\/03\/AboveIT-81.jpg","contentUrl":"https:\/\/aboveit.fi\/wp-content\/uploads\/2025\/03\/AboveIT-81.jpg","width":1920,"height":1280,"caption":"Mano alcanzando informaci\u00f3n"},{"@type":"BreadcrumbList","@id":"https:\/\/aboveit.fi\/es\/webinar-sobre-mejor-proteccion-de-datos-15-05-2025\/#breadcrumb","itemListElement":[{"@type":"ListItem","position":1,"name":"Etusivu","item":"https:\/\/aboveit.fi\/es\/"},{"@type":"ListItem","position":2,"name":"Webinar sobre mejor protecci\u00f3n de datos &#8211; 15\/05\/2025"}]},{"@type":"WebSite","@id":"https:\/\/aboveit.fi\/es\/#website","url":"https:\/\/aboveit.fi\/es\/","name":"We Are Above IT","description":"Tietohallinnon voimavarakumppani","publisher":{"@id":"https:\/\/aboveit.fi\/es\/#organization"},"potentialAction":[{"@type":"SearchAction","target":{"@type":"EntryPoint","urlTemplate":"https:\/\/aboveit.fi\/es\/?s={search_term_string}"},"query-input":{"@type":"PropertyValueSpecification","valueRequired":true,"valueName":"search_term_string"}}],"inLanguage":"es"},{"@type":"Organization","@id":"https:\/\/aboveit.fi\/es\/#organization","name":"Above IT Oy","url":"https:\/\/aboveit.fi\/es\/","logo":{"@type":"ImageObject","inLanguage":"es","@id":"https:\/\/aboveit.fi\/es\/#\/schema\/logo\/image\/","url":"https:\/\/aboveit.fi\/wp-content\/uploads\/2024\/10\/aboveIT-logo.png","contentUrl":"https:\/\/aboveit.fi\/wp-content\/uploads\/2024\/10\/aboveIT-logo.png","width":1613,"height":383,"caption":"Above IT Oy"},"image":{"@id":"https:\/\/aboveit.fi\/es\/#\/schema\/logo\/image\/"},"sameAs":["https:\/\/www.facebook.com\/aboveitfi","https:\/\/www.linkedin.com\/company\/aboveitfi","https:\/\/instagram.com\/aboveitfi"]}]}},"_links":{"self":[{"href":"https:\/\/aboveit.fi\/es\/wp-json\/wp\/v2\/pages\/8153","targetHints":{"allow":["GET"]}}],"collection":[{"href":"https:\/\/aboveit.fi\/es\/wp-json\/wp\/v2\/pages"}],"about":[{"href":"https:\/\/aboveit.fi\/es\/wp-json\/wp\/v2\/types\/page"}],"author":[{"embeddable":true,"href":"https:\/\/aboveit.fi\/es\/wp-json\/wp\/v2\/users\/3"}],"replies":[{"embeddable":true,"href":"https:\/\/aboveit.fi\/es\/wp-json\/wp\/v2\/comments?post=8153"}],"version-history":[{"count":1,"href":"https:\/\/aboveit.fi\/es\/wp-json\/wp\/v2\/pages\/8153\/revisions"}],"predecessor-version":[{"id":8157,"href":"https:\/\/aboveit.fi\/es\/wp-json\/wp\/v2\/pages\/8153\/revisions\/8157"}],"wp:featuredmedia":[{"embeddable":true,"href":"https:\/\/aboveit.fi\/es\/wp-json\/wp\/v2\/media\/8155"}],"wp:attachment":[{"href":"https:\/\/aboveit.fi\/es\/wp-json\/wp\/v2\/media?parent=8153"}],"curies":[{"name":"wp","href":"https:\/\/api.w.org\/{rel}","templated":true}]}}