{"id":9008,"date":"2024-10-18T11:17:07","date_gmt":"2024-10-18T09:17:07","guid":{"rendered":"https:\/\/aboveit.fi\/masterclass-microsoft-365-copilot-von-above-it\/"},"modified":"2025-11-27T14:02:27","modified_gmt":"2025-11-27T12:02:27","slug":"masterclass-microsoft-365-copilot-von-above-it","status":"publish","type":"page","link":"https:\/\/aboveit.fi\/de\/masterclass-microsoft-365-copilot-von-above-it\/","title":{"rendered":"Masterclass: Microsoft 365 Copilot von Above IT"},"content":{"rendered":"\t\t<div data-elementor-type=\"wp-page\" data-elementor-id=\"9008\" class=\"elementor elementor-9008 elementor-3074\" data-elementor-post-type=\"page\">\n\t\t\t\t\t\t<section class=\"elementor-section elementor-top-section elementor-element elementor-element-b701054 elementor-section-boxed elementor-section-height-default elementor-section-height-default\" data-id=\"b701054\" data-element_type=\"section\" data-e-type=\"section\">\n\t\t\t\t\t\t<div class=\"elementor-container elementor-column-gap-default\">\n\t\t\t\t\t<div class=\"elementor-column elementor-col-50 elementor-top-column elementor-element elementor-element-09267f5 elementor-invisible\" data-id=\"09267f5\" data-element_type=\"column\" data-e-type=\"column\" data-settings=\"{&quot;background_background&quot;:&quot;classic&quot;,&quot;animation&quot;:&quot;fadeInLeft&quot;}\">\n\t\t\t<div class=\"elementor-widget-wrap elementor-element-populated\">\n\t\t\t\t\t<div class=\"elementor-background-overlay\"><\/div>\n\t\t\t\t\t\t<div class=\"elementor-element elementor-element-fc68128 animated-slow elementor-invisible elementor-widget elementor-widget-text-editor\" data-id=\"fc68128\" data-element_type=\"widget\" data-e-type=\"widget\" data-settings=\"{&quot;_animation&quot;:&quot;fadeInUp&quot;}\" data-widget_type=\"text-editor.default\">\n\t\t\t\t<div class=\"elementor-widget-container\">\n\t\t\t\t\t\t\t\t\tDie Wissensarbeit befindet sich aufgrund der k\u00fcnstlichen Intelligenz in einem schnellen Wandel. K\u00fcnstliche Intelligenz erleichtert die Wissensarbeit der Endnutzer, und im besten Fall sparen Sie monatlich sogar Stunden bei allt\u00e4glichen Aufgaben. Wie k\u00f6nnten Ihre Endnutzer von dieser Technologie profitieren?  \t\t\t\t\t\t\t\t<\/div>\n\t\t\t\t<\/div>\n\t\t\t\t\t<\/div>\n\t\t<\/div>\n\t\t\t\t<div class=\"elementor-column elementor-col-50 elementor-top-column elementor-element elementor-element-e954f23 elementor-invisible\" data-id=\"e954f23\" data-element_type=\"column\" data-e-type=\"column\" data-settings=\"{&quot;animation&quot;:&quot;fadeInRight&quot;}\">\n\t\t\t<div class=\"elementor-widget-wrap elementor-element-populated\">\n\t\t\t\t\t\t<div class=\"elementor-element elementor-element-57aee08 elementor-widget elementor-widget-text-editor\" data-id=\"57aee08\" data-element_type=\"widget\" data-e-type=\"widget\" data-widget_type=\"text-editor.default\">\n\t\t\t\t<div class=\"elementor-widget-container\">\n\t\t\t\t\t\t\t\t\t<p>AUF ANFRAGE DES PUBLIKUMS WIEDERHOLUNG:<br>Microsoft 365 Copilot Schulung am 16.01.2025!<\/p>\t\t\t\t\t\t\t\t<\/div>\n\t\t\t\t<\/div>\n\t\t\t\t<div class=\"elementor-element elementor-element-17b50b5 elementor-widget elementor-widget-heading\" data-id=\"17b50b5\" data-element_type=\"widget\" data-e-type=\"widget\" data-widget_type=\"heading.default\">\n\t\t\t\t<div class=\"elementor-widget-container\">\n\t\t\t\t\t<h2 class=\"elementor-heading-title elementor-size-default\">Above IT bietet ein kostenloses Training an<\/h2>\t\t\t\t<\/div>\n\t\t\t\t<\/div>\n\t\t\t\t<div class=\"elementor-element elementor-element-e1db514 elementor-widget elementor-widget-text-editor\" data-id=\"e1db514\" data-element_type=\"widget\" data-e-type=\"widget\" data-widget_type=\"text-editor.default\">\n\t\t\t\t<div class=\"elementor-widget-container\">\n\t\t\t\t\t\t\t\t\t<p><strong>Masterclass: Microsoft 365 Copilot von Above IT<\/strong><\/p><p>Mitte Januar 2025 veranstalten wir ein kostenloses Masterclass-Schulungswebinar zum Thema Microsoft 365 Copilot.<\/p><p>\u2013 Was ist Copilot, Microsofts KI-Assistent?<\/p><p>\u2013 DEMO 60 Min. Wie kann der Microsoft 365 Copilot-Assistent im Alltag in den bekannten Microsoft 365-Anwendungen genutzt werden? <br>Wir zeigen zum Beispiel, wie Copilot in Teams, Outlook, Word, PowerPoint, Excel, Whiteboard, Forms usw. genutzt werden kann.<\/p><p>\u2013 Q&amp;A<\/p><p><strong>Wird die Schulung nachtr\u00e4glich als Aufzeichnung verf\u00fcgbar sein?<br><\/strong>Die Schulung wird nicht als Aufzeichnung verf\u00fcgbar sein. Melden Sie sich daher sofort an und sichern Sie sich Ihren Platz. Die ersten 250 Teilnehmer finden Platz auf den \u201eSchulb\u00e4nken\u201c von Teams.  <\/p>\t\t\t\t\t\t\t\t<\/div>\n\t\t\t\t<\/div>\n\t\t\t\t\t<\/div>\n\t\t<\/div>\n\t\t\t\t\t<\/div>\n\t\t<\/section>\n\t\t\t\t<section class=\"elementor-section elementor-top-section elementor-element elementor-element-668d89f elementor-section-boxed elementor-section-height-default elementor-section-height-default\" data-id=\"668d89f\" data-element_type=\"section\" data-e-type=\"section\">\n\t\t\t\t\t\t<div class=\"elementor-container elementor-column-gap-default\">\n\t\t\t\t\t<div class=\"elementor-column elementor-col-100 elementor-top-column elementor-element elementor-element-5cef1e0\" data-id=\"5cef1e0\" data-element_type=\"column\" data-e-type=\"column\">\n\t\t\t<div class=\"elementor-widget-wrap elementor-element-populated\">\n\t\t\t\t\t\t<div class=\"elementor-element elementor-element-17d81ff elementor-view-default elementor-widget elementor-widget-icon\" data-id=\"17d81ff\" data-element_type=\"widget\" data-e-type=\"widget\" data-widget_type=\"icon.default\">\n\t\t\t\t<div class=\"elementor-widget-container\">\n\t\t\t\t\t\t\t<div class=\"elementor-icon-wrapper\">\n\t\t\t<div class=\"elementor-icon\">\n\t\t\t<i aria-hidden=\"true\" class=\"fas fa-hands-wash\"><\/i>\t\t\t<\/div>\n\t\t<\/div>\n\t\t\t\t\t\t<\/div>\n\t\t\t\t<\/div>\n\t\t\t\t<div class=\"elementor-element elementor-element-c9a9c87 elementor-widget elementor-widget-heading\" data-id=\"c9a9c87\" data-element_type=\"widget\" data-e-type=\"widget\" data-widget_type=\"heading.default\">\n\t\t\t\t<div class=\"elementor-widget-container\">\n\t\t\t\t\t<h2 class=\"elementor-heading-title elementor-size-default\">Was, wo, wann?<\/h2>\t\t\t\t<\/div>\n\t\t\t\t<\/div>\n\t\t\t\t<div class=\"elementor-element elementor-element-5b70b67 elementor-widget elementor-widget-text-editor\" data-id=\"5b70b67\" data-element_type=\"widget\" data-e-type=\"widget\" data-widget_type=\"text-editor.default\">\n\t\t\t\t<div class=\"elementor-widget-container\">\n\t\t\t\t\t\t\t\t\t<p><strong>F\u00fcr wen:<\/strong> F\u00fcr Personen, die f\u00fcr die IT-Verwaltung und die Entwicklung der Wissensarbeit in Organisationen verantwortlich sind<br><strong>Was:<\/strong> Microsoft 365 Copilot Masterclass-Schulung<br><strong>Wo:<\/strong> Microsoft Teams Webinar<br><strong>Wann:<\/strong> Die Schulung findet am Donnerstag, den 16.01.2025 ab 13:00 Uhr statt (Dauer ca. 90 Minuten)<br><strong>Wer:<\/strong> Als Moderator der Veranstaltung Above IT Oy \u2018Consigliere\u2019 Juha Kari und als Trainer Corellia Helsinki Oy Antti Roine<\/p>\t\t\t\t\t\t\t\t<\/div>\n\t\t\t\t<\/div>\n\t\t\t\t<div class=\"elementor-element elementor-element-6b29ac0 elementor-widget elementor-widget-text-editor\" data-id=\"6b29ac0\" data-element_type=\"widget\" data-e-type=\"widget\" data-widget_type=\"text-editor.default\">\n\t\t\t\t<div class=\"elementor-widget-container\">\n\t\t\t\t\t\t\t\t\t<p>Above IT Oy ist ein Partner und eine Ressource f\u00fcr IT-Abteilungen, ein heimisches Beratungsunternehmen, das mit seinen Managed-Cloud-Diensten Organisationen dabei unterst\u00fctzen m\u00f6chte, noch mehr aus ihren Microsoft-Cloud-Diensten herauszuholen. W\u00e4hrend wir IT-Abteilungen dabei unterst\u00fctzen, den Betrieb und den Datenschutz der IT-Umgebung ihrer Organisation datengest\u00fctzt zu steuern, sind wir auch ein Transformationsberater und Trainer f\u00fcr Wissensarbeit, der die t\u00e4gliche Wissensarbeit der Endnutzer ver\u00e4ndert. Copilot KI-L\u00f6sungen sind eine solche Technologie, die die Wissensarbeit in Organisationen ver\u00e4ndert. Kommen Sie zur Schulung, um mehr \u00fcber Microsoft 365 Copilot zu erfahren, aber auch, um zu h\u00f6ren, wie wir Ihrer Organisation helfen k\u00f6nnen!   <\/p>\t\t\t\t\t\t\t\t<\/div>\n\t\t\t\t<\/div>\n\t\t\t\t<div class=\"elementor-element elementor-element-2bc1abb elementor-align-center elementor-widget elementor-widget-button\" data-id=\"2bc1abb\" data-element_type=\"widget\" data-e-type=\"widget\" data-widget_type=\"button.default\">\n\t\t\t\t<div class=\"elementor-widget-container\">\n\t\t\t\t\t\t\t\t\t<div class=\"elementor-button-wrapper\">\n\t\t\t\t\t<a class=\"elementor-button elementor-button-link elementor-size-sm\" href=\"https:\/\/events.teams.microsoft.com\/event\/361d5f52-09a6-4f7a-9379-54a45619ae3a@1d83979e-a839-4df0-8ed2-ba7feca018de\">\n\t\t\t\t\t\t<span class=\"elementor-button-content-wrapper\">\n\t\t\t\t\t\t\t\t\t<span class=\"elementor-button-text\">Hier anmelden!<\/span>\n\t\t\t\t\t<\/span>\n\t\t\t\t\t<\/a>\n\t\t\t\t<\/div>\n\t\t\t\t\t\t\t\t<\/div>\n\t\t\t\t<\/div>\n\t\t\t\t<div class=\"elementor-element elementor-element-5fc18a3 elementor-widget elementor-widget-image\" data-id=\"5fc18a3\" data-element_type=\"widget\" data-e-type=\"widget\" data-widget_type=\"image.default\">\n\t\t\t\t<div class=\"elementor-widget-container\">\n\t\t\t\t\t\t\t\t\t\t\t\t\t\t\t<img fetchpriority=\"high\" decoding=\"async\" width=\"400\" height=\"400\" src=\"https:\/\/aboveit.fi\/wp-content\/uploads\/2024\/10\/icon-microsoft.png\" class=\"attachment-full size-full wp-image-8088\" alt=\"\" srcset=\"https:\/\/aboveit.fi\/wp-content\/uploads\/2024\/10\/icon-microsoft.png 400w, https:\/\/aboveit.fi\/wp-content\/uploads\/2024\/10\/icon-microsoft-300x300.png 300w, https:\/\/aboveit.fi\/wp-content\/uploads\/2024\/10\/icon-microsoft-150x150.png 150w\" sizes=\"(max-width: 400px) 100vw, 400px\" \/>\t\t\t\t\t\t\t\t\t\t\t\t\t\t\t<\/div>\n\t\t\t\t<\/div>\n\t\t\t\t\t<\/div>\n\t\t<\/div>\n\t\t\t\t\t<\/div>\n\t\t<\/section>\n\t\t\t\t<\/div>\n\t\t","protected":false},"excerpt":{"rendered":"<p>Die Wissensarbeit befindet sich aufgrund der k\u00fcnstlichen Intelligenz in einem schnellen Wandel. K\u00fcnstliche Intelligenz erleichtert die Wissensarbeit der Endnutzer, und im besten Fall sparen Sie monatlich sogar Stunden bei allt\u00e4glichen Aufgaben. Wie k\u00f6nnten Ihre Endnutzer von dieser Technologie profitieren? AUF ANFRAGE DES PUBLIKUMS WIEDERHOLUNG:Microsoft 365 Copilot Schulung am 16.01.2025! Above IT bietet ein kostenloses Training [&hellip;]<\/p>\n","protected":false},"author":1,"featured_media":0,"parent":0,"menu_order":0,"comment_status":"closed","ping_status":"closed","template":"","meta":{"content-type":"","inline_featured_image":false,"footnotes":""},"class_list":["post-9008","page","type-page","status-publish","hentry"],"yoast_head":"<!-- This site is optimized with the Yoast SEO plugin v27.5 - https:\/\/yoast.com\/product\/yoast-seo-wordpress\/ -->\n<title>Masterclass: Microsoft 365 Copilot von Above IT - Above IT Oy<\/title>\n<meta name=\"description\" content=\"Masterclass: Microsoft 365 Copilot von Above IT. Kostenloses Training im Webinarformat am 08.11.2024 ab 13 Uhr.\" \/>\n<meta name=\"robots\" content=\"index, follow, max-snippet:-1, max-image-preview:large, max-video-preview:-1\" \/>\n<link rel=\"canonical\" href=\"https:\/\/aboveit.fi\/de\/masterclass-microsoft-365-copilot-von-above-it\/\" \/>\n<meta property=\"og:locale\" content=\"de_DE\" \/>\n<meta property=\"og:type\" content=\"article\" \/>\n<meta property=\"og:title\" content=\"Masterclass: Microsoft 365 Copilot von Above IT - Above IT Oy\" \/>\n<meta property=\"og:description\" content=\"Masterclass: Microsoft 365 Copilot von Above IT. Kostenloses Training im Webinarformat am 08.11.2024 ab 13 Uhr.\" \/>\n<meta property=\"og:url\" content=\"https:\/\/aboveit.fi\/de\/masterclass-microsoft-365-copilot-von-above-it\/\" \/>\n<meta property=\"og:site_name\" content=\"Above IT Oy\" \/>\n<meta property=\"article:publisher\" content=\"https:\/\/www.facebook.com\/aboveitfi\" \/>\n<meta property=\"article:modified_time\" content=\"2025-11-27T12:02:27+00:00\" \/>\n<meta property=\"og:image\" content=\"https:\/\/aboveit.fi\/wp-content\/uploads\/2024\/10\/icon-microsoft.png\" \/>\n\t<meta property=\"og:image:width\" content=\"400\" \/>\n\t<meta property=\"og:image:height\" content=\"400\" \/>\n\t<meta property=\"og:image:type\" content=\"image\/png\" \/>\n<meta name=\"twitter:card\" content=\"summary_large_image\" \/>\n<meta name=\"twitter:label1\" content=\"Gesch\u00e4tzte Lesezeit\" \/>\n\t<meta name=\"twitter:data1\" content=\"2\u00a0Minuten\" \/>\n<script type=\"application\/ld+json\" class=\"yoast-schema-graph\">{\"@context\":\"https:\\\/\\\/schema.org\",\"@graph\":[{\"@type\":\"WebPage\",\"@id\":\"https:\\\/\\\/aboveit.fi\\\/de\\\/masterclass-microsoft-365-copilot-von-above-it\\\/\",\"url\":\"https:\\\/\\\/aboveit.fi\\\/de\\\/masterclass-microsoft-365-copilot-von-above-it\\\/\",\"name\":\"Masterclass: Microsoft 365 Copilot von Above IT - Above IT Oy\",\"isPartOf\":{\"@id\":\"https:\\\/\\\/aboveit.fi\\\/de\\\/#website\"},\"primaryImageOfPage\":{\"@id\":\"https:\\\/\\\/aboveit.fi\\\/de\\\/masterclass-microsoft-365-copilot-von-above-it\\\/#primaryimage\"},\"image\":{\"@id\":\"https:\\\/\\\/aboveit.fi\\\/de\\\/masterclass-microsoft-365-copilot-von-above-it\\\/#primaryimage\"},\"thumbnailUrl\":\"https:\\\/\\\/aboveit.fi\\\/wp-content\\\/uploads\\\/2024\\\/10\\\/icon-microsoft.png\",\"datePublished\":\"2024-10-18T09:17:07+00:00\",\"dateModified\":\"2025-11-27T12:02:27+00:00\",\"description\":\"Masterclass: Microsoft 365 Copilot von Above IT. Kostenloses Training im Webinarformat am 08.11.2024 ab 13 Uhr.\",\"breadcrumb\":{\"@id\":\"https:\\\/\\\/aboveit.fi\\\/de\\\/masterclass-microsoft-365-copilot-von-above-it\\\/#breadcrumb\"},\"inLanguage\":\"de\",\"potentialAction\":[{\"@type\":\"ReadAction\",\"target\":[\"https:\\\/\\\/aboveit.fi\\\/de\\\/masterclass-microsoft-365-copilot-von-above-it\\\/\"]}]},{\"@type\":\"ImageObject\",\"inLanguage\":\"de\",\"@id\":\"https:\\\/\\\/aboveit.fi\\\/de\\\/masterclass-microsoft-365-copilot-von-above-it\\\/#primaryimage\",\"url\":\"https:\\\/\\\/aboveit.fi\\\/wp-content\\\/uploads\\\/2024\\\/10\\\/icon-microsoft.png\",\"contentUrl\":\"https:\\\/\\\/aboveit.fi\\\/wp-content\\\/uploads\\\/2024\\\/10\\\/icon-microsoft.png\"},{\"@type\":\"BreadcrumbList\",\"@id\":\"https:\\\/\\\/aboveit.fi\\\/de\\\/masterclass-microsoft-365-copilot-von-above-it\\\/#breadcrumb\",\"itemListElement\":[{\"@type\":\"ListItem\",\"position\":1,\"name\":\"Etusivu\",\"item\":\"https:\\\/\\\/aboveit.fi\\\/de\\\/\"},{\"@type\":\"ListItem\",\"position\":2,\"name\":\"Masterclass: Microsoft 365 Copilot von Above IT\"}]},{\"@type\":\"WebSite\",\"@id\":\"https:\\\/\\\/aboveit.fi\\\/de\\\/#website\",\"url\":\"https:\\\/\\\/aboveit.fi\\\/de\\\/\",\"name\":\"We Are Above IT\",\"description\":\"Tietohallinnon voimavarakumppani\",\"publisher\":{\"@id\":\"https:\\\/\\\/aboveit.fi\\\/de\\\/#organization\"},\"potentialAction\":[{\"@type\":\"SearchAction\",\"target\":{\"@type\":\"EntryPoint\",\"urlTemplate\":\"https:\\\/\\\/aboveit.fi\\\/de\\\/?s={search_term_string}\"},\"query-input\":{\"@type\":\"PropertyValueSpecification\",\"valueRequired\":true,\"valueName\":\"search_term_string\"}}],\"inLanguage\":\"de\"},{\"@type\":\"Organization\",\"@id\":\"https:\\\/\\\/aboveit.fi\\\/de\\\/#organization\",\"name\":\"Above IT Oy\",\"url\":\"https:\\\/\\\/aboveit.fi\\\/de\\\/\",\"logo\":{\"@type\":\"ImageObject\",\"inLanguage\":\"de\",\"@id\":\"https:\\\/\\\/aboveit.fi\\\/de\\\/#\\\/schema\\\/logo\\\/image\\\/\",\"url\":\"https:\\\/\\\/aboveit.fi\\\/wp-content\\\/uploads\\\/2024\\\/10\\\/aboveIT-logo.png\",\"contentUrl\":\"https:\\\/\\\/aboveit.fi\\\/wp-content\\\/uploads\\\/2024\\\/10\\\/aboveIT-logo.png\",\"width\":1613,\"height\":383,\"caption\":\"Above IT Oy\"},\"image\":{\"@id\":\"https:\\\/\\\/aboveit.fi\\\/de\\\/#\\\/schema\\\/logo\\\/image\\\/\"},\"sameAs\":[\"https:\\\/\\\/www.facebook.com\\\/aboveitfi\",\"https:\\\/\\\/www.linkedin.com\\\/company\\\/aboveitfi\",\"https:\\\/\\\/instagram.com\\\/aboveitfi\"]}]}<\/script>\n<!-- \/ Yoast SEO plugin. -->","yoast_head_json":{"title":"Masterclass: Microsoft 365 Copilot von Above IT - Above IT Oy","description":"Masterclass: Microsoft 365 Copilot von Above IT. Kostenloses Training im Webinarformat am 08.11.2024 ab 13 Uhr.","robots":{"index":"index","follow":"follow","max-snippet":"max-snippet:-1","max-image-preview":"max-image-preview:large","max-video-preview":"max-video-preview:-1"},"canonical":"https:\/\/aboveit.fi\/de\/masterclass-microsoft-365-copilot-von-above-it\/","og_locale":"de_DE","og_type":"article","og_title":"Masterclass: Microsoft 365 Copilot von Above IT - Above IT Oy","og_description":"Masterclass: Microsoft 365 Copilot von Above IT. Kostenloses Training im Webinarformat am 08.11.2024 ab 13 Uhr.","og_url":"https:\/\/aboveit.fi\/de\/masterclass-microsoft-365-copilot-von-above-it\/","og_site_name":"Above IT Oy","article_publisher":"https:\/\/www.facebook.com\/aboveitfi","article_modified_time":"2025-11-27T12:02:27+00:00","og_image":[{"width":400,"height":400,"url":"https:\/\/aboveit.fi\/wp-content\/uploads\/2024\/10\/icon-microsoft.png","type":"image\/png"}],"twitter_card":"summary_large_image","twitter_misc":{"Gesch\u00e4tzte Lesezeit":"2\u00a0Minuten"},"schema":{"@context":"https:\/\/schema.org","@graph":[{"@type":"WebPage","@id":"https:\/\/aboveit.fi\/de\/masterclass-microsoft-365-copilot-von-above-it\/","url":"https:\/\/aboveit.fi\/de\/masterclass-microsoft-365-copilot-von-above-it\/","name":"Masterclass: Microsoft 365 Copilot von Above IT - Above IT Oy","isPartOf":{"@id":"https:\/\/aboveit.fi\/de\/#website"},"primaryImageOfPage":{"@id":"https:\/\/aboveit.fi\/de\/masterclass-microsoft-365-copilot-von-above-it\/#primaryimage"},"image":{"@id":"https:\/\/aboveit.fi\/de\/masterclass-microsoft-365-copilot-von-above-it\/#primaryimage"},"thumbnailUrl":"https:\/\/aboveit.fi\/wp-content\/uploads\/2024\/10\/icon-microsoft.png","datePublished":"2024-10-18T09:17:07+00:00","dateModified":"2025-11-27T12:02:27+00:00","description":"Masterclass: Microsoft 365 Copilot von Above IT. Kostenloses Training im Webinarformat am 08.11.2024 ab 13 Uhr.","breadcrumb":{"@id":"https:\/\/aboveit.fi\/de\/masterclass-microsoft-365-copilot-von-above-it\/#breadcrumb"},"inLanguage":"de","potentialAction":[{"@type":"ReadAction","target":["https:\/\/aboveit.fi\/de\/masterclass-microsoft-365-copilot-von-above-it\/"]}]},{"@type":"ImageObject","inLanguage":"de","@id":"https:\/\/aboveit.fi\/de\/masterclass-microsoft-365-copilot-von-above-it\/#primaryimage","url":"https:\/\/aboveit.fi\/wp-content\/uploads\/2024\/10\/icon-microsoft.png","contentUrl":"https:\/\/aboveit.fi\/wp-content\/uploads\/2024\/10\/icon-microsoft.png"},{"@type":"BreadcrumbList","@id":"https:\/\/aboveit.fi\/de\/masterclass-microsoft-365-copilot-von-above-it\/#breadcrumb","itemListElement":[{"@type":"ListItem","position":1,"name":"Etusivu","item":"https:\/\/aboveit.fi\/de\/"},{"@type":"ListItem","position":2,"name":"Masterclass: Microsoft 365 Copilot von Above IT"}]},{"@type":"WebSite","@id":"https:\/\/aboveit.fi\/de\/#website","url":"https:\/\/aboveit.fi\/de\/","name":"We Are Above IT","description":"Tietohallinnon voimavarakumppani","publisher":{"@id":"https:\/\/aboveit.fi\/de\/#organization"},"potentialAction":[{"@type":"SearchAction","target":{"@type":"EntryPoint","urlTemplate":"https:\/\/aboveit.fi\/de\/?s={search_term_string}"},"query-input":{"@type":"PropertyValueSpecification","valueRequired":true,"valueName":"search_term_string"}}],"inLanguage":"de"},{"@type":"Organization","@id":"https:\/\/aboveit.fi\/de\/#organization","name":"Above IT Oy","url":"https:\/\/aboveit.fi\/de\/","logo":{"@type":"ImageObject","inLanguage":"de","@id":"https:\/\/aboveit.fi\/de\/#\/schema\/logo\/image\/","url":"https:\/\/aboveit.fi\/wp-content\/uploads\/2024\/10\/aboveIT-logo.png","contentUrl":"https:\/\/aboveit.fi\/wp-content\/uploads\/2024\/10\/aboveIT-logo.png","width":1613,"height":383,"caption":"Above IT Oy"},"image":{"@id":"https:\/\/aboveit.fi\/de\/#\/schema\/logo\/image\/"},"sameAs":["https:\/\/www.facebook.com\/aboveitfi","https:\/\/www.linkedin.com\/company\/aboveitfi","https:\/\/instagram.com\/aboveitfi"]}]}},"_links":{"self":[{"href":"https:\/\/aboveit.fi\/de\/wp-json\/wp\/v2\/pages\/9008","targetHints":{"allow":["GET"]}}],"collection":[{"href":"https:\/\/aboveit.fi\/de\/wp-json\/wp\/v2\/pages"}],"about":[{"href":"https:\/\/aboveit.fi\/de\/wp-json\/wp\/v2\/types\/page"}],"author":[{"embeddable":true,"href":"https:\/\/aboveit.fi\/de\/wp-json\/wp\/v2\/users\/1"}],"replies":[{"embeddable":true,"href":"https:\/\/aboveit.fi\/de\/wp-json\/wp\/v2\/comments?post=9008"}],"version-history":[{"count":1,"href":"https:\/\/aboveit.fi\/de\/wp-json\/wp\/v2\/pages\/9008\/revisions"}],"predecessor-version":[{"id":9013,"href":"https:\/\/aboveit.fi\/de\/wp-json\/wp\/v2\/pages\/9008\/revisions\/9013"}],"wp:attachment":[{"href":"https:\/\/aboveit.fi\/de\/wp-json\/wp\/v2\/media?parent=9008"}],"curies":[{"name":"wp","href":"https:\/\/api.w.org\/{rel}","templated":true}]}}