{"id":8801,"date":"2024-10-08T13:13:57","date_gmt":"2024-10-08T11:13:57","guid":{"rendered":"https:\/\/aboveit.fi\/it-sicherheit\/"},"modified":"2025-11-27T14:01:52","modified_gmt":"2025-11-27T12:01:52","slug":"it-sicherheit","status":"publish","type":"page","link":"https:\/\/aboveit.fi\/de\/it-sicherheit\/","title":{"rendered":"IT-Sicherheit"},"content":{"rendered":"\t\t<div data-elementor-type=\"wp-page\" data-elementor-id=\"8801\" class=\"elementor elementor-8801 elementor-183\" data-elementor-post-type=\"page\">\n\t\t\t\t\t\t<section class=\"elementor-section elementor-top-section elementor-element elementor-element-b701054 elementor-section-boxed elementor-section-height-default elementor-section-height-default\" data-id=\"b701054\" data-element_type=\"section\" data-e-type=\"section\">\n\t\t\t\t\t\t<div class=\"elementor-container elementor-column-gap-default\">\n\t\t\t\t\t<div class=\"elementor-column elementor-col-50 elementor-top-column elementor-element elementor-element-09267f5 elementor-invisible\" data-id=\"09267f5\" data-element_type=\"column\" data-e-type=\"column\" data-settings=\"{&quot;background_background&quot;:&quot;classic&quot;,&quot;animation&quot;:&quot;fadeInLeft&quot;}\">\n\t\t\t<div class=\"elementor-widget-wrap elementor-element-populated\">\n\t\t\t\t\t<div class=\"elementor-background-overlay\"><\/div>\n\t\t\t\t\t\t<div class=\"elementor-element elementor-element-fc68128 animated-slow elementor-invisible elementor-widget elementor-widget-text-editor\" data-id=\"fc68128\" data-element_type=\"widget\" data-e-type=\"widget\" data-settings=\"{&quot;_animation&quot;:&quot;fadeInUp&quot;}\" data-widget_type=\"text-editor.default\">\n\t\t\t\t<div class=\"elementor-widget-container\">\n\t\t\t\t\t\t\t\t\tUnser umfassender Ansatz und unsere langj\u00e4hrige Erfahrung im Bereich IT-Sicherheit unterst\u00fctzen Ihre Organisation auf diesem Weg.\t\t\t\t\t\t\t\t<\/div>\n\t\t\t\t<\/div>\n\t\t\t\t\t<\/div>\n\t\t<\/div>\n\t\t\t\t<div class=\"elementor-column elementor-col-50 elementor-top-column elementor-element elementor-element-e954f23 elementor-invisible\" data-id=\"e954f23\" data-element_type=\"column\" data-e-type=\"column\" data-settings=\"{&quot;animation&quot;:&quot;fadeInRight&quot;}\">\n\t\t\t<div class=\"elementor-widget-wrap elementor-element-populated\">\n\t\t\t\t\t\t<div class=\"elementor-element elementor-element-57aee08 elementor-widget elementor-widget-text-editor\" data-id=\"57aee08\" data-element_type=\"widget\" data-e-type=\"widget\" data-widget_type=\"text-editor.default\">\n\t\t\t\t<div class=\"elementor-widget-container\">\n\t\t\t\t\t\t\t\t\tGew\u00e4hrleisten Sie IT-Sicherheit\t\t\t\t\t\t\t\t<\/div>\n\t\t\t\t<\/div>\n\t\t\t\t<div class=\"elementor-element elementor-element-17b50b5 elementor-widget elementor-widget-heading\" data-id=\"17b50b5\" data-element_type=\"widget\" data-e-type=\"widget\" data-widget_type=\"heading.default\">\n\t\t\t\t<div class=\"elementor-widget-container\">\n\t\t\t\t\t<h2 class=\"elementor-heading-title elementor-size-default\">Holistische Cybersicherheit<\/h2>\t\t\t\t<\/div>\n\t\t\t\t<\/div>\n\t\t\t\t<div class=\"elementor-element elementor-element-e1db514 elementor-widget elementor-widget-text-editor\" data-id=\"e1db514\" data-element_type=\"widget\" data-e-type=\"widget\" data-widget_type=\"text-editor.default\">\n\t\t\t\t<div class=\"elementor-widget-container\">\n\t\t\t\t\t\t\t\t\tDie IT-Sicherheit befindet sich seit Jahren im Umbruch. Mit Cloud-Diensten k\u00f6nnen Organisationsdaten von \u00fcberall zug\u00e4nglich sein. Endbenutzer, die Wissensarbeit leisten, sind ebenfalls fast ausnahmslos zum hybriden Arbeiten \u00fcbergegangen. W\u00e4hrend fr\u00fcher die IT-Sicherheit einer Organisation am Netzwerkrand und mit Antivirensoftware auf Workstations aufgebaut wurde, ist dieselbe Strategie heute fast ausnahmslos anf\u00e4llig.   \n\nDie IT-Sicherheit muss heutzutage ganzheitlich aufgebaut sein. IT-Sicherheit muss umfassend betrachtet werden, um einen vollst\u00e4ndigen Schutz f\u00fcr Identit\u00e4ten, Endger\u00e4te, Anwendungen und Daten zu erm\u00f6glichen \u2013 unabh\u00e4ngig vom Standort der Benutzer. Die meisten heutigen Risiken sind fortgeschrittene Bedrohungen, die auf die Identit\u00e4ten der Endbenutzer abzielen. Auch k\u00fcnstliche Intelligenz entsch\u00e4rft dieses Risikofeld nicht, da Angreifer ebenfalls solche fortschrittlichen L\u00f6sungen nutzen. Die Aufrechterhaltung der eigenen Kompetenzen der Endbenutzer spielt heutzutage eine zentrale Rolle.    \n\nIT-Sicherheit umfasst durch Strategie definierte Praktiken und Richtlinien, f\u00fcr die die Gesch\u00e4ftsleitung verantwortlich ist. Es ist auch wichtig, dass die IT-Verwaltung die IT-Sicherheit nicht nur technologiegetrieben angeht. \t\t\t\t\t\t\t\t<\/div>\n\t\t\t\t<\/div>\n\t\t\t\t\t<\/div>\n\t\t<\/div>\n\t\t\t\t\t<\/div>\n\t\t<\/section>\n\t\t\t\t<section class=\"elementor-section elementor-top-section elementor-element elementor-element-c87c85e elementor-section-boxed elementor-section-height-default elementor-section-height-default\" data-id=\"c87c85e\" data-element_type=\"section\" data-e-type=\"section\">\n\t\t\t\t\t\t<div class=\"elementor-container elementor-column-gap-default\">\n\t\t\t\t\t<div class=\"elementor-column elementor-col-100 elementor-top-column elementor-element elementor-element-52e3fad\" data-id=\"52e3fad\" data-element_type=\"column\" data-e-type=\"column\">\n\t\t\t<div class=\"elementor-widget-wrap elementor-element-populated\">\n\t\t\t\t\t\t<div class=\"elementor-element elementor-element-78ba862 elementor-view-default elementor-widget elementor-widget-icon\" data-id=\"78ba862\" data-element_type=\"widget\" data-e-type=\"widget\" data-widget_type=\"icon.default\">\n\t\t\t\t<div class=\"elementor-widget-container\">\n\t\t\t\t\t\t\t<div class=\"elementor-icon-wrapper\">\n\t\t\t<div class=\"elementor-icon\">\n\t\t\t<i aria-hidden=\"true\" class=\"far fa-eye\"><\/i>\t\t\t<\/div>\n\t\t<\/div>\n\t\t\t\t\t\t<\/div>\n\t\t\t\t<\/div>\n\t\t\t\t<div class=\"elementor-element elementor-element-579c37c elementor-widget elementor-widget-heading\" data-id=\"579c37c\" data-element_type=\"widget\" data-e-type=\"widget\" data-widget_type=\"heading.default\">\n\t\t\t\t<div class=\"elementor-widget-container\">\n\t\t\t\t\t<h2 class=\"elementor-heading-title elementor-size-default\">Sichtbarkeit in der IT-Sicherheit<\/h2>\t\t\t\t<\/div>\n\t\t\t\t<\/div>\n\t\t\t\t<div class=\"elementor-element elementor-element-e705b8a elementor-widget elementor-widget-text-editor\" data-id=\"e705b8a\" data-element_type=\"widget\" data-e-type=\"widget\" data-widget_type=\"text-editor.default\">\n\t\t\t\t<div class=\"elementor-widget-container\">\n\t\t\t\t\t\t\t\t\t<p>Neben der technischen Umsetzung einer umfassenden IT-Sicherheit ist es auch wichtig, dass die IT-Verwaltung einen \u00dcberblick dar\u00fcber hat, was in der IT-Umgebung geschieht. Wenn wir nicht erfahren, dass die Identit\u00e4t eines Endbenutzers kompromittiert wurde, k\u00f6nnen wir nicht eingreifen. Wenn wir keine Sichtbarkeit in der IT-Sicherheit haben, wissen wir nicht, ob die Daten der Organisation bereits gef\u00e4hrdet sind. Bei der Diskussion \u00fcber Microsofts IT-Sicherheitsl\u00f6sungen h\u00f6rt man oft, dass die IT-Verwaltung bezweifelt, ob man alle Eier in einen Korb legen sollte. Man kann es auch andersherum betrachten. Wenn alle IT-Sicherheitsl\u00f6sungen punktuell f\u00fcr unterschiedliche Bed\u00fcrfnisse beschafft wurden, gibt es dann eine Sichtbarkeit zwischen den L\u00f6sungen? Beim Betrieb innerhalb desselben \u00d6kosystems ist die Sichtbarkeit zwischen verschiedenen IT-Sicherheitsl\u00f6sungen gew\u00e4hrleistet, und beispielsweise k\u00f6nnen Benutzeranmeldungen auf der Grundlage echter Informationen gesteuert werden.      <\/p>\t\t\t\t\t\t\t\t<\/div>\n\t\t\t\t<\/div>\n\t\t\t\t<div class=\"elementor-element elementor-element-8474714 elementor-widget elementor-widget-text-editor\" data-id=\"8474714\" data-element_type=\"widget\" data-e-type=\"widget\" data-widget_type=\"text-editor.default\">\n\t\t\t\t<div class=\"elementor-widget-container\">\n\t\t\t\t\t\t\t\t\tDie Sichtbarkeit kann zus\u00e4tzlich verbessert werden, indem alle Sicherheits- und Protokolldaten zentral in einer SIEM-L\u00f6sung gesammelt werden, wodurch ein einfacher \u00dcberblick \u00fcber verschiedene Sicherheitsereignisse \u2013 aus der gesamten Umgebung, auf einmal, ganzheitlich \u2013 gewonnen werden kann. Dann verf\u00fcgen wir \u00fcber die Werkzeuge, um den Verlauf von Ereignissen zu sehen und einzugreifen, falls ein Angriff ins Netzwerk gelangt. Wenn Sie also \u00fcber die IT-Sicherheit Ihrer Organisation nachdenken und wie Sie die Sichtbarkeit in Bezug auf die IT-Sicherheit gew\u00e4hrleisten k\u00f6nnen, wenden Sie sich an uns. Wir verf\u00fcgen auch \u00fcber bew\u00e4hrte L\u00f6sungen, die auf Erfahrung basieren und die wir als Mehrwert anbieten k\u00f6nnen, um Ihnen bessere N\u00e4chte zu sichern.   \t\t\t\t\t\t\t\t<\/div>\n\t\t\t\t<\/div>\n\t\t\t\t\t<\/div>\n\t\t<\/div>\n\t\t\t\t\t<\/div>\n\t\t<\/section>\n\t\t\t\t<section class=\"elementor-section elementor-top-section elementor-element elementor-element-af56e65 elementor-section-boxed elementor-section-height-default elementor-section-height-default\" data-id=\"af56e65\" data-element_type=\"section\" data-e-type=\"section\">\n\t\t\t\t\t\t<div class=\"elementor-container elementor-column-gap-default\">\n\t\t\t\t\t<div class=\"elementor-column elementor-col-100 elementor-top-column elementor-element elementor-element-fd4a04a\" data-id=\"fd4a04a\" data-element_type=\"column\" data-e-type=\"column\">\n\t\t\t<div class=\"elementor-widget-wrap elementor-element-populated\">\n\t\t\t\t\t\t<div class=\"elementor-element elementor-element-9880854 elementor-view-default elementor-widget elementor-widget-icon\" data-id=\"9880854\" data-element_type=\"widget\" data-e-type=\"widget\" data-widget_type=\"icon.default\">\n\t\t\t\t<div class=\"elementor-widget-container\">\n\t\t\t\t\t\t\t<div class=\"elementor-icon-wrapper\">\n\t\t\t<div class=\"elementor-icon\">\n\t\t\t<i aria-hidden=\"true\" class=\"fab fa-dochub\"><\/i>\t\t\t<\/div>\n\t\t<\/div>\n\t\t\t\t\t\t<\/div>\n\t\t\t\t<\/div>\n\t\t\t\t<div class=\"elementor-element elementor-element-8690978 elementor-widget elementor-widget-heading\" data-id=\"8690978\" data-element_type=\"widget\" data-e-type=\"widget\" data-widget_type=\"heading.default\">\n\t\t\t\t<div class=\"elementor-widget-container\">\n\t\t\t\t\t<h2 class=\"elementor-heading-title elementor-size-default\">Datenschutz zum Schutz der Organisationsdaten<\/h2>\t\t\t\t<\/div>\n\t\t\t\t<\/div>\n\t\t\t\t<div class=\"elementor-element elementor-element-da2f63c elementor-widget elementor-widget-text-editor\" data-id=\"da2f63c\" data-element_type=\"widget\" data-e-type=\"widget\" data-widget_type=\"text-editor.default\">\n\t\t\t\t<div class=\"elementor-widget-container\">\n\t\t\t\t\t\t\t\t\tEines der vielleicht am wenigsten beachteten Themen in Microsoft 365-Umgebungen verschiedener Organisationen sind ausreichende Datenschutzpraktiken. Gerade jetzt, mit dem Aufkommen von KI-L\u00f6sungen, sollte man das eigene Haus in Ordnung bringen und das Durchsickern von Informationen \u00fcber KI-Tools an unbefugte Datenverarbeiter verhindern. Auch wenn keine KI-L\u00f6sungen verwendet werden, schaffen verschiedene Datenschutzpraktiken Sicherheit, indem sie den t\u00e4glichen Gebrauch einschr\u00e4nken und steuern und unter anderem die sichere Weitergabe von Informationen erm\u00f6glichen. Cloud-Dienste bieten je nach Lizenzstufe eine umfassende Palette von M\u00f6glichkeiten zur Verwaltung des Datenschutzes einer Organisation. Von uns erhalten Sie Anleitung und Unterst\u00fctzung, um diese Angelegenheiten voranzutreiben, angefangen bei der strategischen Beratung Ihrer Gesch\u00e4ftsleitung.    \n\n\t\t\t\t\t\t\t\t<\/div>\n\t\t\t\t<\/div>\n\t\t\t\t\t<\/div>\n\t\t<\/div>\n\t\t\t\t\t<\/div>\n\t\t<\/section>\n\t\t\t\t<section class=\"elementor-section elementor-top-section elementor-element elementor-element-668d89f elementor-section-boxed elementor-section-height-default elementor-section-height-default\" data-id=\"668d89f\" data-element_type=\"section\" data-e-type=\"section\">\n\t\t\t\t\t\t<div class=\"elementor-container elementor-column-gap-default\">\n\t\t\t\t\t<div class=\"elementor-column elementor-col-100 elementor-top-column elementor-element elementor-element-5cef1e0\" data-id=\"5cef1e0\" data-element_type=\"column\" data-e-type=\"column\">\n\t\t\t<div class=\"elementor-widget-wrap elementor-element-populated\">\n\t\t\t\t\t\t<div class=\"elementor-element elementor-element-17d81ff elementor-view-default elementor-widget elementor-widget-icon\" data-id=\"17d81ff\" data-element_type=\"widget\" data-e-type=\"widget\" data-widget_type=\"icon.default\">\n\t\t\t\t<div class=\"elementor-widget-container\">\n\t\t\t\t\t\t\t<div class=\"elementor-icon-wrapper\">\n\t\t\t<div class=\"elementor-icon\">\n\t\t\t<i aria-hidden=\"true\" class=\"fas fa-cloud-download-alt\"><\/i>\t\t\t<\/div>\n\t\t<\/div>\n\t\t\t\t\t\t<\/div>\n\t\t\t\t<\/div>\n\t\t\t\t<div class=\"elementor-element elementor-element-c9a9c87 elementor-widget elementor-widget-heading\" data-id=\"c9a9c87\" data-element_type=\"widget\" data-e-type=\"widget\" data-widget_type=\"heading.default\">\n\t\t\t\t<div class=\"elementor-widget-container\">\n\t\t\t\t\t<h2 class=\"elementor-heading-title elementor-size-default\">Dienste f\u00fcr die Sicherheit der verwalteten Cloud<\/h2>\t\t\t\t<\/div>\n\t\t\t\t<\/div>\n\t\t\t\t<div class=\"elementor-element elementor-element-5b70b67 elementor-widget elementor-widget-text-editor\" data-id=\"5b70b67\" data-element_type=\"widget\" data-e-type=\"widget\" data-widget_type=\"text-editor.default\">\n\t\t\t\t<div class=\"elementor-widget-container\">\n\t\t\t\t\t\t\t\t\t<p>Heutzutage sind Cloud-Dienste ein Enabler f\u00fcr IT-Sicherheit. Mit der Cloud bringen wir die IT-Sicherheit dorthin, wo sich auch Ihre Endbenutzer befinden. Wenn Sie sich in Bezug auf IT-Sicherheit sorglos f\u00fchlen m\u00f6chten, haben wir als Mehrwertdienste auch sicherheitssteigernde Managed Cloud Services entwickelt, mit denen wir Ihrer IT-Verwaltung bessere N\u00e4chte erm\u00f6glichen. Mit unseren PilviCapo-Diensten k\u00f6nnen wir beispielsweise die <g id=\"gid_0\">Sicherheit der Kommunikation und Identit\u00e4ten<\/g> Ihrer Organisation kosteng\u00fcnstig gew\u00e4hrleisten oder die <g id=\"gid_1\">IT-Sicherheit Ihrer Azure-Umgebung<\/g> \u00fcberwachen und pflegen, je nach Ihren Bed\u00fcrfnissen. Fragen Sie uns also gerne, damit wir Ihre Bed\u00fcrfnisse besprechen k\u00f6nnen.    <\/p>\t\t\t\t\t\t\t\t<\/div>\n\t\t\t\t<\/div>\n\t\t\t\t\t<\/div>\n\t\t<\/div>\n\t\t\t\t\t<\/div>\n\t\t<\/section>\n\t\t\t\t<\/div>\n\t\t","protected":false},"excerpt":{"rendered":"<p>Unser umfassender Ansatz und unsere langj\u00e4hrige Erfahrung im Bereich IT-Sicherheit unterst\u00fctzen Ihre Organisation auf diesem Weg.Gew\u00e4hrleisten Sie IT-Sicherheit Holistische Cybersicherheit Die IT-Sicherheit befindet sich seit Jahren im Umbruch. Mit Cloud-Diensten k\u00f6nnen Organisationsdaten von \u00fcberall zug\u00e4nglich sein. Endbenutzer, die Wissensarbeit leisten, sind ebenfalls fast ausnahmslos zum hybriden Arbeiten \u00fcbergegangen. W\u00e4hrend fr\u00fcher die IT-Sicherheit einer Organisation am [&hellip;]<\/p>\n","protected":false},"author":1,"featured_media":0,"parent":0,"menu_order":0,"comment_status":"closed","ping_status":"closed","template":"","meta":{"content-type":"","inline_featured_image":false,"footnotes":""},"class_list":["post-8801","page","type-page","status-publish","hentry"],"yoast_head":"<!-- This site is optimized with the Yoast SEO plugin v27.5 - https:\/\/yoast.com\/product\/yoast-seo-wordpress\/ -->\n<title>IT-Sicherheit - Above IT Oy<\/title>\n<meta name=\"description\" content=\"Die Cloud-Welt ver\u00e4ndert die Art und Weise, wie Cybersicherheit umgesetzt wird. Eine holistische Cybersicherheit und Zero-Trust-Architektur ist ein Weg, sich vor den heutigen Bedrohungen zu sch\u00fctzen.\" \/>\n<meta name=\"robots\" content=\"index, follow, max-snippet:-1, max-image-preview:large, max-video-preview:-1\" \/>\n<link rel=\"canonical\" href=\"https:\/\/aboveit.fi\/de\/it-sicherheit\/\" \/>\n<meta property=\"og:locale\" content=\"de_DE\" \/>\n<meta property=\"og:type\" content=\"article\" \/>\n<meta property=\"og:title\" content=\"IT-Sicherheit - Above IT Oy\" \/>\n<meta property=\"og:description\" content=\"Die Cloud-Welt ver\u00e4ndert die Art und Weise, wie Cybersicherheit umgesetzt wird. Eine holistische Cybersicherheit und Zero-Trust-Architektur ist ein Weg, sich vor den heutigen Bedrohungen zu sch\u00fctzen.\" \/>\n<meta property=\"og:url\" content=\"https:\/\/aboveit.fi\/de\/it-sicherheit\/\" \/>\n<meta property=\"og:site_name\" content=\"Above IT Oy\" \/>\n<meta property=\"article:publisher\" content=\"https:\/\/www.facebook.com\/aboveitfi\" \/>\n<meta property=\"article:modified_time\" content=\"2025-11-27T12:01:52+00:00\" \/>\n<meta name=\"twitter:card\" content=\"summary_large_image\" \/>\n<meta name=\"twitter:label1\" content=\"Gesch\u00e4tzte Lesezeit\" \/>\n\t<meta name=\"twitter:data1\" content=\"3\u00a0Minuten\" \/>\n<script type=\"application\/ld+json\" class=\"yoast-schema-graph\">{\"@context\":\"https:\\\/\\\/schema.org\",\"@graph\":[{\"@type\":\"WebPage\",\"@id\":\"https:\\\/\\\/aboveit.fi\\\/de\\\/it-sicherheit\\\/\",\"url\":\"https:\\\/\\\/aboveit.fi\\\/de\\\/it-sicherheit\\\/\",\"name\":\"IT-Sicherheit - Above IT Oy\",\"isPartOf\":{\"@id\":\"https:\\\/\\\/aboveit.fi\\\/de\\\/#website\"},\"datePublished\":\"2024-10-08T11:13:57+00:00\",\"dateModified\":\"2025-11-27T12:01:52+00:00\",\"description\":\"Die Cloud-Welt ver\u00e4ndert die Art und Weise, wie Cybersicherheit umgesetzt wird. Eine holistische Cybersicherheit und Zero-Trust-Architektur ist ein Weg, sich vor den heutigen Bedrohungen zu sch\u00fctzen.\",\"breadcrumb\":{\"@id\":\"https:\\\/\\\/aboveit.fi\\\/de\\\/it-sicherheit\\\/#breadcrumb\"},\"inLanguage\":\"de\",\"potentialAction\":[{\"@type\":\"ReadAction\",\"target\":[\"https:\\\/\\\/aboveit.fi\\\/de\\\/it-sicherheit\\\/\"]}]},{\"@type\":\"BreadcrumbList\",\"@id\":\"https:\\\/\\\/aboveit.fi\\\/de\\\/it-sicherheit\\\/#breadcrumb\",\"itemListElement\":[{\"@type\":\"ListItem\",\"position\":1,\"name\":\"Etusivu\",\"item\":\"https:\\\/\\\/aboveit.fi\\\/de\\\/\"},{\"@type\":\"ListItem\",\"position\":2,\"name\":\"IT-Sicherheit\"}]},{\"@type\":\"WebSite\",\"@id\":\"https:\\\/\\\/aboveit.fi\\\/de\\\/#website\",\"url\":\"https:\\\/\\\/aboveit.fi\\\/de\\\/\",\"name\":\"We Are Above IT\",\"description\":\"Tietohallinnon voimavarakumppani\",\"publisher\":{\"@id\":\"https:\\\/\\\/aboveit.fi\\\/de\\\/#organization\"},\"potentialAction\":[{\"@type\":\"SearchAction\",\"target\":{\"@type\":\"EntryPoint\",\"urlTemplate\":\"https:\\\/\\\/aboveit.fi\\\/de\\\/?s={search_term_string}\"},\"query-input\":{\"@type\":\"PropertyValueSpecification\",\"valueRequired\":true,\"valueName\":\"search_term_string\"}}],\"inLanguage\":\"de\"},{\"@type\":\"Organization\",\"@id\":\"https:\\\/\\\/aboveit.fi\\\/de\\\/#organization\",\"name\":\"Above IT Oy\",\"url\":\"https:\\\/\\\/aboveit.fi\\\/de\\\/\",\"logo\":{\"@type\":\"ImageObject\",\"inLanguage\":\"de\",\"@id\":\"https:\\\/\\\/aboveit.fi\\\/de\\\/#\\\/schema\\\/logo\\\/image\\\/\",\"url\":\"https:\\\/\\\/aboveit.fi\\\/wp-content\\\/uploads\\\/2024\\\/10\\\/aboveIT-logo.png\",\"contentUrl\":\"https:\\\/\\\/aboveit.fi\\\/wp-content\\\/uploads\\\/2024\\\/10\\\/aboveIT-logo.png\",\"width\":1613,\"height\":383,\"caption\":\"Above IT Oy\"},\"image\":{\"@id\":\"https:\\\/\\\/aboveit.fi\\\/de\\\/#\\\/schema\\\/logo\\\/image\\\/\"},\"sameAs\":[\"https:\\\/\\\/www.facebook.com\\\/aboveitfi\",\"https:\\\/\\\/www.linkedin.com\\\/company\\\/aboveitfi\",\"https:\\\/\\\/instagram.com\\\/aboveitfi\"]}]}<\/script>\n<!-- \/ Yoast SEO plugin. -->","yoast_head_json":{"title":"IT-Sicherheit - Above IT Oy","description":"Die Cloud-Welt ver\u00e4ndert die Art und Weise, wie Cybersicherheit umgesetzt wird. Eine holistische Cybersicherheit und Zero-Trust-Architektur ist ein Weg, sich vor den heutigen Bedrohungen zu sch\u00fctzen.","robots":{"index":"index","follow":"follow","max-snippet":"max-snippet:-1","max-image-preview":"max-image-preview:large","max-video-preview":"max-video-preview:-1"},"canonical":"https:\/\/aboveit.fi\/de\/it-sicherheit\/","og_locale":"de_DE","og_type":"article","og_title":"IT-Sicherheit - Above IT Oy","og_description":"Die Cloud-Welt ver\u00e4ndert die Art und Weise, wie Cybersicherheit umgesetzt wird. Eine holistische Cybersicherheit und Zero-Trust-Architektur ist ein Weg, sich vor den heutigen Bedrohungen zu sch\u00fctzen.","og_url":"https:\/\/aboveit.fi\/de\/it-sicherheit\/","og_site_name":"Above IT Oy","article_publisher":"https:\/\/www.facebook.com\/aboveitfi","article_modified_time":"2025-11-27T12:01:52+00:00","twitter_card":"summary_large_image","twitter_misc":{"Gesch\u00e4tzte Lesezeit":"3\u00a0Minuten"},"schema":{"@context":"https:\/\/schema.org","@graph":[{"@type":"WebPage","@id":"https:\/\/aboveit.fi\/de\/it-sicherheit\/","url":"https:\/\/aboveit.fi\/de\/it-sicherheit\/","name":"IT-Sicherheit - Above IT Oy","isPartOf":{"@id":"https:\/\/aboveit.fi\/de\/#website"},"datePublished":"2024-10-08T11:13:57+00:00","dateModified":"2025-11-27T12:01:52+00:00","description":"Die Cloud-Welt ver\u00e4ndert die Art und Weise, wie Cybersicherheit umgesetzt wird. Eine holistische Cybersicherheit und Zero-Trust-Architektur ist ein Weg, sich vor den heutigen Bedrohungen zu sch\u00fctzen.","breadcrumb":{"@id":"https:\/\/aboveit.fi\/de\/it-sicherheit\/#breadcrumb"},"inLanguage":"de","potentialAction":[{"@type":"ReadAction","target":["https:\/\/aboveit.fi\/de\/it-sicherheit\/"]}]},{"@type":"BreadcrumbList","@id":"https:\/\/aboveit.fi\/de\/it-sicherheit\/#breadcrumb","itemListElement":[{"@type":"ListItem","position":1,"name":"Etusivu","item":"https:\/\/aboveit.fi\/de\/"},{"@type":"ListItem","position":2,"name":"IT-Sicherheit"}]},{"@type":"WebSite","@id":"https:\/\/aboveit.fi\/de\/#website","url":"https:\/\/aboveit.fi\/de\/","name":"We Are Above IT","description":"Tietohallinnon voimavarakumppani","publisher":{"@id":"https:\/\/aboveit.fi\/de\/#organization"},"potentialAction":[{"@type":"SearchAction","target":{"@type":"EntryPoint","urlTemplate":"https:\/\/aboveit.fi\/de\/?s={search_term_string}"},"query-input":{"@type":"PropertyValueSpecification","valueRequired":true,"valueName":"search_term_string"}}],"inLanguage":"de"},{"@type":"Organization","@id":"https:\/\/aboveit.fi\/de\/#organization","name":"Above IT Oy","url":"https:\/\/aboveit.fi\/de\/","logo":{"@type":"ImageObject","inLanguage":"de","@id":"https:\/\/aboveit.fi\/de\/#\/schema\/logo\/image\/","url":"https:\/\/aboveit.fi\/wp-content\/uploads\/2024\/10\/aboveIT-logo.png","contentUrl":"https:\/\/aboveit.fi\/wp-content\/uploads\/2024\/10\/aboveIT-logo.png","width":1613,"height":383,"caption":"Above IT Oy"},"image":{"@id":"https:\/\/aboveit.fi\/de\/#\/schema\/logo\/image\/"},"sameAs":["https:\/\/www.facebook.com\/aboveitfi","https:\/\/www.linkedin.com\/company\/aboveitfi","https:\/\/instagram.com\/aboveitfi"]}]}},"_links":{"self":[{"href":"https:\/\/aboveit.fi\/de\/wp-json\/wp\/v2\/pages\/8801","targetHints":{"allow":["GET"]}}],"collection":[{"href":"https:\/\/aboveit.fi\/de\/wp-json\/wp\/v2\/pages"}],"about":[{"href":"https:\/\/aboveit.fi\/de\/wp-json\/wp\/v2\/types\/page"}],"author":[{"embeddable":true,"href":"https:\/\/aboveit.fi\/de\/wp-json\/wp\/v2\/users\/1"}],"replies":[{"embeddable":true,"href":"https:\/\/aboveit.fi\/de\/wp-json\/wp\/v2\/comments?post=8801"}],"version-history":[{"count":1,"href":"https:\/\/aboveit.fi\/de\/wp-json\/wp\/v2\/pages\/8801\/revisions"}],"predecessor-version":[{"id":8805,"href":"https:\/\/aboveit.fi\/de\/wp-json\/wp\/v2\/pages\/8801\/revisions\/8805"}],"wp:attachment":[{"href":"https:\/\/aboveit.fi\/de\/wp-json\/wp\/v2\/media?parent=8801"}],"curies":[{"name":"wp","href":"https:\/\/api.w.org\/{rel}","templated":true}]}}