{"id":8777,"date":"2024-10-08T13:05:21","date_gmt":"2024-10-08T11:05:21","guid":{"rendered":"https:\/\/aboveit.fi\/wissensarbeit-und-kommunikation\/"},"modified":"2025-11-27T14:01:53","modified_gmt":"2025-11-27T12:01:53","slug":"wissensarbeit-und-kommunikation","status":"publish","type":"page","link":"https:\/\/aboveit.fi\/de\/wissensarbeit-und-kommunikation\/","title":{"rendered":"Wissensarbeit und Kommunikation"},"content":{"rendered":"\t\t<div data-elementor-type=\"wp-page\" data-elementor-id=\"8777\" class=\"elementor elementor-8777 elementor-170\" data-elementor-post-type=\"page\">\n\t\t\t\t\t\t<section class=\"elementor-section elementor-top-section elementor-element elementor-element-b701054 elementor-section-boxed elementor-section-height-default elementor-section-height-default\" data-id=\"b701054\" data-element_type=\"section\" data-e-type=\"section\">\n\t\t\t\t\t\t<div class=\"elementor-container elementor-column-gap-default\">\n\t\t\t\t\t<div class=\"elementor-column elementor-col-50 elementor-top-column elementor-element elementor-element-09267f5 elementor-invisible\" data-id=\"09267f5\" data-element_type=\"column\" data-e-type=\"column\" data-settings=\"{&quot;background_background&quot;:&quot;classic&quot;,&quot;animation&quot;:&quot;fadeInLeft&quot;}\">\n\t\t\t<div class=\"elementor-widget-wrap elementor-element-populated\">\n\t\t\t\t\t<div class=\"elementor-background-overlay\"><\/div>\n\t\t\t\t\t\t<div class=\"elementor-element elementor-element-fc68128 animated-slow elementor-invisible elementor-widget elementor-widget-text-editor\" data-id=\"fc68128\" data-element_type=\"widget\" data-e-type=\"widget\" data-settings=\"{&quot;_animation&quot;:&quot;fadeInUp&quot;}\" data-widget_type=\"text-editor.default\">\n\t\t\t\t<div class=\"elementor-widget-container\">\n\t\t\t\t\t\t\t\t\tTechnologie erm\u00f6glicht uns hybrides Arbeiten, unabh\u00e4ngig von Zeit und Ort. Die Bedeutung gemeinsamer Spielregeln wird jedoch hervorgehoben. \n\n\t\t\t\t\t\t\t\t<\/div>\n\t\t\t\t<\/div>\n\t\t\t\t\t<\/div>\n\t\t<\/div>\n\t\t\t\t<div class=\"elementor-column elementor-col-50 elementor-top-column elementor-element elementor-element-e954f23 elementor-invisible\" data-id=\"e954f23\" data-element_type=\"column\" data-e-type=\"column\" data-settings=\"{&quot;animation&quot;:&quot;fadeInRight&quot;}\">\n\t\t\t<div class=\"elementor-widget-wrap elementor-element-populated\">\n\t\t\t\t\t\t<div class=\"elementor-element elementor-element-57aee08 elementor-widget elementor-widget-text-editor\" data-id=\"57aee08\" data-element_type=\"widget\" data-e-type=\"widget\" data-widget_type=\"text-editor.default\">\n\t\t\t\t<div class=\"elementor-widget-container\">\n\t\t\t\t\t\t\t\t\tWissensarbeit und Kommunikation optimieren\t\t\t\t\t\t\t\t<\/div>\n\t\t\t\t<\/div>\n\t\t\t\t<div class=\"elementor-element elementor-element-17b50b5 elementor-widget elementor-widget-heading\" data-id=\"17b50b5\" data-element_type=\"widget\" data-e-type=\"widget\" data-widget_type=\"heading.default\">\n\t\t\t\t<div class=\"elementor-widget-container\">\n\t\t\t\t\t<h2 class=\"elementor-heading-title elementor-size-default\">Was ist moderne Wissensarbeit?<\/h2>\t\t\t\t<\/div>\n\t\t\t\t<\/div>\n\t\t\t\t<div class=\"elementor-element elementor-element-e1db514 elementor-widget elementor-widget-text-editor\" data-id=\"e1db514\" data-element_type=\"widget\" data-e-type=\"widget\" data-widget_type=\"text-editor.default\">\n\t\t\t\t<div class=\"elementor-widget-container\">\n\t\t\t\t\t\t\t\t\tDie heutige Wissensarbeit ist fast vollst\u00e4ndig von Netzlaufwerken in Cloud-Dienste \u00fcbergegangen. Auf Informationen kann jederzeit und von jedem Ger\u00e4t aus zugegriffen werden. Dokumente k\u00f6nnen gleichzeitig zwischen verschiedenen Stakeholdern bearbeitet werden. Die Kommunikation ist werkzeugunabh\u00e4ngig sicher und reibungslos, und sogar KI kann uns bereits bei t\u00e4glichen Aufgaben und der Organisation unserer eigenen Arbeit unterst\u00fctzen.   \t\t\t\t\t\t\t\t<\/div>\n\t\t\t\t<\/div>\n\t\t\t\t\t<\/div>\n\t\t<\/div>\n\t\t\t\t\t<\/div>\n\t\t<\/section>\n\t\t\t\t<section class=\"elementor-section elementor-top-section elementor-element elementor-element-c87c85e elementor-section-boxed elementor-section-height-default elementor-section-height-default\" data-id=\"c87c85e\" data-element_type=\"section\" data-e-type=\"section\">\n\t\t\t\t\t\t<div class=\"elementor-container elementor-column-gap-default\">\n\t\t\t\t\t<div class=\"elementor-column elementor-col-100 elementor-top-column elementor-element elementor-element-52e3fad\" data-id=\"52e3fad\" data-element_type=\"column\" data-e-type=\"column\">\n\t\t\t<div class=\"elementor-widget-wrap elementor-element-populated\">\n\t\t\t\t\t\t<div class=\"elementor-element elementor-element-7afd0ad elementor-view-default elementor-widget elementor-widget-icon\" data-id=\"7afd0ad\" data-element_type=\"widget\" data-e-type=\"widget\" data-widget_type=\"icon.default\">\n\t\t\t\t<div class=\"elementor-widget-container\">\n\t\t\t\t\t\t\t<div class=\"elementor-icon-wrapper\">\n\t\t\t<div class=\"elementor-icon\">\n\t\t\t<i aria-hidden=\"true\" class=\"fas fa-people-arrows\"><\/i>\t\t\t<\/div>\n\t\t<\/div>\n\t\t\t\t\t\t<\/div>\n\t\t\t\t<\/div>\n\t\t\t\t<div class=\"elementor-element elementor-element-579c37c elementor-widget elementor-widget-heading\" data-id=\"579c37c\" data-element_type=\"widget\" data-e-type=\"widget\" data-widget_type=\"heading.default\">\n\t\t\t\t<div class=\"elementor-widget-container\">\n\t\t\t\t\t<h2 class=\"elementor-heading-title elementor-size-default\">Gemeinsame Spielregeln f\u00fcr die Wissensarbeit<\/h2>\t\t\t\t<\/div>\n\t\t\t\t<\/div>\n\t\t\t\t<div class=\"elementor-element elementor-element-e705b8a elementor-widget elementor-widget-text-editor\" data-id=\"e705b8a\" data-element_type=\"widget\" data-e-type=\"widget\" data-widget_type=\"text-editor.default\">\n\t\t\t\t<div class=\"elementor-widget-container\">\n\t\t\t\t\t\t\t\t\tWissensarbeit wird gemeinsam erledigt. Unsere Wissensarbeitsumgebung spiegelt oft ihre Nutzer wider. Es ist daher wichtig, dass wir gemeinsam vereinbarte Regeln und Modelle f\u00fcr die Arbeit mit verschiedenen Tools und f\u00fcr die Kommunikation haben.  \t\t\t\t\t\t\t\t<\/div>\n\t\t\t\t<\/div>\n\t\t\t\t<div class=\"elementor-element elementor-element-8474714 elementor-widget elementor-widget-text-editor\" data-id=\"8474714\" data-element_type=\"widget\" data-e-type=\"widget\" data-widget_type=\"text-editor.default\">\n\t\t\t\t<div class=\"elementor-widget-container\">\n\t\t\t\t\t\t\t\t\tDas Playbook f\u00fcr Wissensarbeit ist ein gemeinsam vereinbartes Arbeitsmodell, wodurch unsere Arbeit f\u00fcr uns alle noch reibungsloser wird. Es zielt auch darauf ab, einen Rahmen f\u00fcr sichereres Arbeiten zu schaffen und wie wir gemeinsam den Datenschutz in unserem Alltag ber\u00fccksichtigen. Unsere effektiven, an das Playbook gekoppelten Schulungen unterst\u00fctzen Ihre Organisation dabei, ihre Tools besser zu nutzen und somit die Arbeitszufriedenheit zu verbessern. So ist man bereit f\u00fcr die Wissensarbeit der Zukunft. Die Cloud verbindet und st\u00e4rkt uns!    \t\t\t\t\t\t\t\t<\/div>\n\t\t\t\t<\/div>\n\t\t\t\t\t<\/div>\n\t\t<\/div>\n\t\t\t\t\t<\/div>\n\t\t<\/section>\n\t\t\t\t<section class=\"elementor-section elementor-top-section elementor-element elementor-element-af56e65 elementor-section-boxed elementor-section-height-default elementor-section-height-default\" data-id=\"af56e65\" data-element_type=\"section\" data-e-type=\"section\">\n\t\t\t\t\t\t<div class=\"elementor-container elementor-column-gap-default\">\n\t\t\t\t\t<div class=\"elementor-column elementor-col-100 elementor-top-column elementor-element elementor-element-fd4a04a\" data-id=\"fd4a04a\" data-element_type=\"column\" data-e-type=\"column\">\n\t\t\t<div class=\"elementor-widget-wrap elementor-element-populated\">\n\t\t\t\t\t\t<div class=\"elementor-element elementor-element-7f80ed9 elementor-view-default elementor-widget elementor-widget-icon\" data-id=\"7f80ed9\" data-element_type=\"widget\" data-e-type=\"widget\" data-widget_type=\"icon.default\">\n\t\t\t\t<div class=\"elementor-widget-container\">\n\t\t\t\t\t\t\t<div class=\"elementor-icon-wrapper\">\n\t\t\t<div class=\"elementor-icon\">\n\t\t\t<i aria-hidden=\"true\" class=\"far fa-comments\"><\/i>\t\t\t<\/div>\n\t\t<\/div>\n\t\t\t\t\t\t<\/div>\n\t\t\t\t<\/div>\n\t\t\t\t<div class=\"elementor-element elementor-element-8690978 elementor-widget elementor-widget-heading\" data-id=\"8690978\" data-element_type=\"widget\" data-e-type=\"widget\" data-widget_type=\"heading.default\">\n\t\t\t\t<div class=\"elementor-widget-container\">\n\t\t\t\t\t<h2 class=\"elementor-heading-title elementor-size-default\">Kommunikation zuverl\u00e4ssig und sicher<\/h2>\t\t\t\t<\/div>\n\t\t\t\t<\/div>\n\t\t\t\t<div class=\"elementor-element elementor-element-da2f63c elementor-widget elementor-widget-text-editor\" data-id=\"da2f63c\" data-element_type=\"widget\" data-e-type=\"widget\" data-widget_type=\"text-editor.default\">\n\t\t\t\t<div class=\"elementor-widget-container\">\n\t\t\t\t\t\t\t\t\t<p>Das Gesch\u00e4ft von Organisationen ben\u00f6tigt eine funktionierende Kommunikation. Wenn wir nach au\u00dfen kommunizieren, m\u00fcssen wir sicherstellen, dass <a href=\"https:\/\/aboveit.fi\/tietotyo_ja_viestinta\/viestinnan-luotettavuus-ja-tietoturva\/\">Nachrichten zuverl\u00e4ssig an verschiedene Empf\u00e4nger \u00fcbermittelt werden<\/a>. Wenn wir Nachrichten empfangen, m\u00fcssen wir die Sicherheit der Nachrichten gew\u00e4hrleisten.  <\/p><p>Die zugrunde liegenden Technologien erm\u00f6glichen vieles, aber auch die Kompetenz der Endnutzer muss gepflegt werden. Es ist wichtig, Endnutzer regelm\u00e4\u00dfig in sicherer Wissensarbeit und Kommunikation zu schulen. Gute Informationssicherheit und Datenschutz m\u00fcssen auch im Unternehmen allt\u00e4glich werden. Die Cloud leitet uns alle!   <\/p>\t\t\t\t\t\t\t\t<\/div>\n\t\t\t\t<\/div>\n\t\t\t\t\t<\/div>\n\t\t<\/div>\n\t\t\t\t\t<\/div>\n\t\t<\/section>\n\t\t\t\t<section class=\"elementor-section elementor-top-section elementor-element elementor-element-668d89f elementor-section-boxed elementor-section-height-default elementor-section-height-default\" data-id=\"668d89f\" data-element_type=\"section\" data-e-type=\"section\">\n\t\t\t\t\t\t<div class=\"elementor-container elementor-column-gap-default\">\n\t\t\t\t\t<div class=\"elementor-column elementor-col-100 elementor-top-column elementor-element elementor-element-5cef1e0\" data-id=\"5cef1e0\" data-element_type=\"column\" data-e-type=\"column\">\n\t\t\t<div class=\"elementor-widget-wrap elementor-element-populated\">\n\t\t\t\t\t\t<div class=\"elementor-element elementor-element-9eacb58 elementor-view-default elementor-widget elementor-widget-icon\" data-id=\"9eacb58\" data-element_type=\"widget\" data-e-type=\"widget\" data-widget_type=\"icon.default\">\n\t\t\t\t<div class=\"elementor-widget-container\">\n\t\t\t\t\t\t\t<div class=\"elementor-icon-wrapper\">\n\t\t\t<div class=\"elementor-icon\">\n\t\t\t<i aria-hidden=\"true\" class=\"fas fa-cloud-download-alt\"><\/i>\t\t\t<\/div>\n\t\t<\/div>\n\t\t\t\t\t\t<\/div>\n\t\t\t\t<\/div>\n\t\t\t\t<div class=\"elementor-element elementor-element-c9a9c87 elementor-widget elementor-widget-heading\" data-id=\"c9a9c87\" data-element_type=\"widget\" data-e-type=\"widget\" data-widget_type=\"heading.default\">\n\t\t\t\t<div class=\"elementor-widget-container\">\n\t\t\t\t\t<h2 class=\"elementor-heading-title elementor-size-default\">Kontrolliert in der Cloud<\/h2>\t\t\t\t<\/div>\n\t\t\t\t<\/div>\n\t\t\t\t<div class=\"elementor-element elementor-element-5b70b67 elementor-widget elementor-widget-text-editor\" data-id=\"5b70b67\" data-element_type=\"widget\" data-e-type=\"widget\" data-widget_type=\"text-editor.default\">\n\t\t\t\t<div class=\"elementor-widget-container\">\n\t\t\t\t\t\t\t\t\tBleiben Sie selbst \u00fcber der Technologie. Eine der wichtigsten Aufgaben der IT-Verwaltung ist es, sich um die eigenen Endnutzer zu k\u00fcmmern. Als Ihr Berater bringen wir die zugrunde liegende Technologie mit Ihnen in Einklang und helfen, das notwendige und aktualisierte Fachwissen f\u00fcr Ihre Endnutzer zu organisieren. Bei der Umstellung der Wissensarbeit k\u00f6nnen Sie auch beruhigt f\u00fcr einen Moment die Z\u00fcgel aus der Hand geben und darauf vertrauen, dass wir den Mitarbeitern Ihrer Organisation helfen, einen gemeinsamen Nenner f\u00fcr die Wissensarbeit zu finden. Sie k\u00f6nnen sich darauf konzentrieren, das Gesch\u00e4ft Ihrer Organisation zum Erfolg zu f\u00fchren.    \t\t\t\t\t\t\t\t<\/div>\n\t\t\t\t<\/div>\n\t\t\t\t\t<\/div>\n\t\t<\/div>\n\t\t\t\t\t<\/div>\n\t\t<\/section>\n\t\t\t\t<\/div>\n\t\t","protected":false},"excerpt":{"rendered":"<p>Technologie erm\u00f6glicht uns hybrides Arbeiten, unabh\u00e4ngig von Zeit und Ort. Die Bedeutung gemeinsamer Spielregeln wird jedoch hervorgehoben. Wissensarbeit und Kommunikation optimieren Was ist moderne Wissensarbeit? Die heutige Wissensarbeit ist fast vollst\u00e4ndig von Netzlaufwerken in Cloud-Dienste \u00fcbergegangen. Auf Informationen kann jederzeit und von jedem Ger\u00e4t aus zugegriffen werden. Dokumente k\u00f6nnen gleichzeitig zwischen verschiedenen Stakeholdern bearbeitet werden. [&hellip;]<\/p>\n","protected":false},"author":1,"featured_media":8737,"parent":0,"menu_order":0,"comment_status":"closed","ping_status":"closed","template":"","meta":{"content-type":"","inline_featured_image":false,"footnotes":""},"class_list":["post-8777","page","type-page","status-publish","has-post-thumbnail","hentry"],"yoast_head":"<!-- This site is optimized with the Yoast SEO plugin v27.4 - https:\/\/yoast.com\/product\/yoast-seo-wordpress\/ -->\n<title>Wissensarbeit und Kommunikation - Above IT Oy<\/title>\n<meta name=\"description\" content=\"Die Wissensarbeit hat sich durch Cloud-Dienste ver\u00e4ndert. Hybridarbeit ist die neue Normalit\u00e4t und erfordert Spielregeln. Kommunikation ben\u00f6tigt Vertrauen.\" \/>\n<meta name=\"robots\" content=\"index, follow, max-snippet:-1, max-image-preview:large, max-video-preview:-1\" \/>\n<link rel=\"canonical\" href=\"https:\/\/aboveit.fi\/de\/wissensarbeit-und-kommunikation\/\" \/>\n<meta property=\"og:locale\" content=\"de_DE\" \/>\n<meta property=\"og:type\" content=\"article\" \/>\n<meta property=\"og:title\" content=\"Wissensarbeit und Kommunikation - Above IT Oy\" \/>\n<meta property=\"og:description\" content=\"Die Wissensarbeit hat sich durch Cloud-Dienste ver\u00e4ndert. Hybridarbeit ist die neue Normalit\u00e4t und erfordert Spielregeln. Kommunikation ben\u00f6tigt Vertrauen.\" \/>\n<meta property=\"og:url\" content=\"https:\/\/aboveit.fi\/de\/wissensarbeit-und-kommunikation\/\" \/>\n<meta property=\"og:site_name\" content=\"Above IT Oy\" \/>\n<meta property=\"article:publisher\" content=\"https:\/\/www.facebook.com\/aboveitfi\" \/>\n<meta property=\"article:modified_time\" content=\"2025-11-27T12:01:53+00:00\" \/>\n<meta property=\"og:image\" content=\"https:\/\/aboveit.fi\/wp-content\/uploads\/2025\/01\/TRANSPARENT-ICON.png\" \/>\n\t<meta property=\"og:image:width\" content=\"538\" \/>\n\t<meta property=\"og:image:height\" content=\"456\" \/>\n\t<meta property=\"og:image:type\" content=\"image\/png\" \/>\n<meta name=\"twitter:card\" content=\"summary_large_image\" \/>\n<meta name=\"twitter:label1\" content=\"Gesch\u00e4tzte Lesezeit\" \/>\n\t<meta name=\"twitter:data1\" content=\"2\u00a0Minuten\" \/>\n<script type=\"application\/ld+json\" class=\"yoast-schema-graph\">{\"@context\":\"https:\\\/\\\/schema.org\",\"@graph\":[{\"@type\":\"WebPage\",\"@id\":\"https:\\\/\\\/aboveit.fi\\\/de\\\/wissensarbeit-und-kommunikation\\\/\",\"url\":\"https:\\\/\\\/aboveit.fi\\\/de\\\/wissensarbeit-und-kommunikation\\\/\",\"name\":\"Wissensarbeit und Kommunikation - Above IT Oy\",\"isPartOf\":{\"@id\":\"https:\\\/\\\/aboveit.fi\\\/de\\\/#website\"},\"primaryImageOfPage\":{\"@id\":\"https:\\\/\\\/aboveit.fi\\\/de\\\/wissensarbeit-und-kommunikation\\\/#primaryimage\"},\"image\":{\"@id\":\"https:\\\/\\\/aboveit.fi\\\/de\\\/wissensarbeit-und-kommunikation\\\/#primaryimage\"},\"thumbnailUrl\":\"https:\\\/\\\/aboveit.fi\\\/wp-content\\\/uploads\\\/2025\\\/01\\\/TRANSPARENT-ICON.png\",\"datePublished\":\"2024-10-08T11:05:21+00:00\",\"dateModified\":\"2025-11-27T12:01:53+00:00\",\"description\":\"Die Wissensarbeit hat sich durch Cloud-Dienste ver\u00e4ndert. Hybridarbeit ist die neue Normalit\u00e4t und erfordert Spielregeln. Kommunikation ben\u00f6tigt Vertrauen.\",\"breadcrumb\":{\"@id\":\"https:\\\/\\\/aboveit.fi\\\/de\\\/wissensarbeit-und-kommunikation\\\/#breadcrumb\"},\"inLanguage\":\"de\",\"potentialAction\":[{\"@type\":\"ReadAction\",\"target\":[\"https:\\\/\\\/aboveit.fi\\\/de\\\/wissensarbeit-und-kommunikation\\\/\"]}]},{\"@type\":\"ImageObject\",\"inLanguage\":\"de\",\"@id\":\"https:\\\/\\\/aboveit.fi\\\/de\\\/wissensarbeit-und-kommunikation\\\/#primaryimage\",\"url\":\"https:\\\/\\\/aboveit.fi\\\/wp-content\\\/uploads\\\/2025\\\/01\\\/TRANSPARENT-ICON.png\",\"contentUrl\":\"https:\\\/\\\/aboveit.fi\\\/wp-content\\\/uploads\\\/2025\\\/01\\\/TRANSPARENT-ICON.png\",\"width\":538,\"height\":456,\"caption\":\"Consigliere Ihrer IT-Verwaltung\"},{\"@type\":\"BreadcrumbList\",\"@id\":\"https:\\\/\\\/aboveit.fi\\\/de\\\/wissensarbeit-und-kommunikation\\\/#breadcrumb\",\"itemListElement\":[{\"@type\":\"ListItem\",\"position\":1,\"name\":\"Etusivu\",\"item\":\"https:\\\/\\\/aboveit.fi\\\/de\\\/\"},{\"@type\":\"ListItem\",\"position\":2,\"name\":\"Wissensarbeit und Kommunikation\"}]},{\"@type\":\"WebSite\",\"@id\":\"https:\\\/\\\/aboveit.fi\\\/de\\\/#website\",\"url\":\"https:\\\/\\\/aboveit.fi\\\/de\\\/\",\"name\":\"We Are Above IT\",\"description\":\"Tietohallinnon voimavarakumppani\",\"publisher\":{\"@id\":\"https:\\\/\\\/aboveit.fi\\\/de\\\/#organization\"},\"potentialAction\":[{\"@type\":\"SearchAction\",\"target\":{\"@type\":\"EntryPoint\",\"urlTemplate\":\"https:\\\/\\\/aboveit.fi\\\/de\\\/?s={search_term_string}\"},\"query-input\":{\"@type\":\"PropertyValueSpecification\",\"valueRequired\":true,\"valueName\":\"search_term_string\"}}],\"inLanguage\":\"de\"},{\"@type\":\"Organization\",\"@id\":\"https:\\\/\\\/aboveit.fi\\\/de\\\/#organization\",\"name\":\"Above IT Oy\",\"url\":\"https:\\\/\\\/aboveit.fi\\\/de\\\/\",\"logo\":{\"@type\":\"ImageObject\",\"inLanguage\":\"de\",\"@id\":\"https:\\\/\\\/aboveit.fi\\\/de\\\/#\\\/schema\\\/logo\\\/image\\\/\",\"url\":\"https:\\\/\\\/aboveit.fi\\\/wp-content\\\/uploads\\\/2024\\\/10\\\/aboveIT-logo.png\",\"contentUrl\":\"https:\\\/\\\/aboveit.fi\\\/wp-content\\\/uploads\\\/2024\\\/10\\\/aboveIT-logo.png\",\"width\":1613,\"height\":383,\"caption\":\"Above IT Oy\"},\"image\":{\"@id\":\"https:\\\/\\\/aboveit.fi\\\/de\\\/#\\\/schema\\\/logo\\\/image\\\/\"},\"sameAs\":[\"https:\\\/\\\/www.facebook.com\\\/aboveitfi\",\"https:\\\/\\\/www.linkedin.com\\\/company\\\/aboveitfi\",\"https:\\\/\\\/instagram.com\\\/aboveitfi\"]}]}<\/script>\n<!-- \/ Yoast SEO plugin. -->","yoast_head_json":{"title":"Wissensarbeit und Kommunikation - Above IT Oy","description":"Die Wissensarbeit hat sich durch Cloud-Dienste ver\u00e4ndert. Hybridarbeit ist die neue Normalit\u00e4t und erfordert Spielregeln. Kommunikation ben\u00f6tigt Vertrauen.","robots":{"index":"index","follow":"follow","max-snippet":"max-snippet:-1","max-image-preview":"max-image-preview:large","max-video-preview":"max-video-preview:-1"},"canonical":"https:\/\/aboveit.fi\/de\/wissensarbeit-und-kommunikation\/","og_locale":"de_DE","og_type":"article","og_title":"Wissensarbeit und Kommunikation - Above IT Oy","og_description":"Die Wissensarbeit hat sich durch Cloud-Dienste ver\u00e4ndert. Hybridarbeit ist die neue Normalit\u00e4t und erfordert Spielregeln. Kommunikation ben\u00f6tigt Vertrauen.","og_url":"https:\/\/aboveit.fi\/de\/wissensarbeit-und-kommunikation\/","og_site_name":"Above IT Oy","article_publisher":"https:\/\/www.facebook.com\/aboveitfi","article_modified_time":"2025-11-27T12:01:53+00:00","og_image":[{"width":538,"height":456,"url":"https:\/\/aboveit.fi\/wp-content\/uploads\/2025\/01\/TRANSPARENT-ICON.png","type":"image\/png"}],"twitter_card":"summary_large_image","twitter_misc":{"Gesch\u00e4tzte Lesezeit":"2\u00a0Minuten"},"schema":{"@context":"https:\/\/schema.org","@graph":[{"@type":"WebPage","@id":"https:\/\/aboveit.fi\/de\/wissensarbeit-und-kommunikation\/","url":"https:\/\/aboveit.fi\/de\/wissensarbeit-und-kommunikation\/","name":"Wissensarbeit und Kommunikation - Above IT Oy","isPartOf":{"@id":"https:\/\/aboveit.fi\/de\/#website"},"primaryImageOfPage":{"@id":"https:\/\/aboveit.fi\/de\/wissensarbeit-und-kommunikation\/#primaryimage"},"image":{"@id":"https:\/\/aboveit.fi\/de\/wissensarbeit-und-kommunikation\/#primaryimage"},"thumbnailUrl":"https:\/\/aboveit.fi\/wp-content\/uploads\/2025\/01\/TRANSPARENT-ICON.png","datePublished":"2024-10-08T11:05:21+00:00","dateModified":"2025-11-27T12:01:53+00:00","description":"Die Wissensarbeit hat sich durch Cloud-Dienste ver\u00e4ndert. Hybridarbeit ist die neue Normalit\u00e4t und erfordert Spielregeln. Kommunikation ben\u00f6tigt Vertrauen.","breadcrumb":{"@id":"https:\/\/aboveit.fi\/de\/wissensarbeit-und-kommunikation\/#breadcrumb"},"inLanguage":"de","potentialAction":[{"@type":"ReadAction","target":["https:\/\/aboveit.fi\/de\/wissensarbeit-und-kommunikation\/"]}]},{"@type":"ImageObject","inLanguage":"de","@id":"https:\/\/aboveit.fi\/de\/wissensarbeit-und-kommunikation\/#primaryimage","url":"https:\/\/aboveit.fi\/wp-content\/uploads\/2025\/01\/TRANSPARENT-ICON.png","contentUrl":"https:\/\/aboveit.fi\/wp-content\/uploads\/2025\/01\/TRANSPARENT-ICON.png","width":538,"height":456,"caption":"Consigliere Ihrer IT-Verwaltung"},{"@type":"BreadcrumbList","@id":"https:\/\/aboveit.fi\/de\/wissensarbeit-und-kommunikation\/#breadcrumb","itemListElement":[{"@type":"ListItem","position":1,"name":"Etusivu","item":"https:\/\/aboveit.fi\/de\/"},{"@type":"ListItem","position":2,"name":"Wissensarbeit und Kommunikation"}]},{"@type":"WebSite","@id":"https:\/\/aboveit.fi\/de\/#website","url":"https:\/\/aboveit.fi\/de\/","name":"We Are Above IT","description":"Tietohallinnon voimavarakumppani","publisher":{"@id":"https:\/\/aboveit.fi\/de\/#organization"},"potentialAction":[{"@type":"SearchAction","target":{"@type":"EntryPoint","urlTemplate":"https:\/\/aboveit.fi\/de\/?s={search_term_string}"},"query-input":{"@type":"PropertyValueSpecification","valueRequired":true,"valueName":"search_term_string"}}],"inLanguage":"de"},{"@type":"Organization","@id":"https:\/\/aboveit.fi\/de\/#organization","name":"Above IT Oy","url":"https:\/\/aboveit.fi\/de\/","logo":{"@type":"ImageObject","inLanguage":"de","@id":"https:\/\/aboveit.fi\/de\/#\/schema\/logo\/image\/","url":"https:\/\/aboveit.fi\/wp-content\/uploads\/2024\/10\/aboveIT-logo.png","contentUrl":"https:\/\/aboveit.fi\/wp-content\/uploads\/2024\/10\/aboveIT-logo.png","width":1613,"height":383,"caption":"Above IT Oy"},"image":{"@id":"https:\/\/aboveit.fi\/de\/#\/schema\/logo\/image\/"},"sameAs":["https:\/\/www.facebook.com\/aboveitfi","https:\/\/www.linkedin.com\/company\/aboveitfi","https:\/\/instagram.com\/aboveitfi"]}]}},"_links":{"self":[{"href":"https:\/\/aboveit.fi\/de\/wp-json\/wp\/v2\/pages\/8777","targetHints":{"allow":["GET"]}}],"collection":[{"href":"https:\/\/aboveit.fi\/de\/wp-json\/wp\/v2\/pages"}],"about":[{"href":"https:\/\/aboveit.fi\/de\/wp-json\/wp\/v2\/types\/page"}],"author":[{"embeddable":true,"href":"https:\/\/aboveit.fi\/de\/wp-json\/wp\/v2\/users\/1"}],"replies":[{"embeddable":true,"href":"https:\/\/aboveit.fi\/de\/wp-json\/wp\/v2\/comments?post=8777"}],"version-history":[{"count":1,"href":"https:\/\/aboveit.fi\/de\/wp-json\/wp\/v2\/pages\/8777\/revisions"}],"predecessor-version":[{"id":8782,"href":"https:\/\/aboveit.fi\/de\/wp-json\/wp\/v2\/pages\/8777\/revisions\/8782"}],"wp:featuredmedia":[{"embeddable":true,"href":"https:\/\/aboveit.fi\/de\/wp-json\/wp\/v2\/media\/8737"}],"wp:attachment":[{"href":"https:\/\/aboveit.fi\/de\/wp-json\/wp\/v2\/media?parent=8777"}],"curies":[{"name":"wp","href":"https:\/\/api.w.org\/{rel}","templated":true}]}}