{"id":8072,"date":"2025-09-02T15:05:22","date_gmt":"2025-09-02T13:05:22","guid":{"rendered":"https:\/\/aboveit.fi\/technisches-training-windows-autopilot-%e2%9d%a4%ef%b8%8f-intune\/"},"modified":"2025-11-26T15:21:34","modified_gmt":"2025-11-26T13:21:34","slug":"technisches-training-windows-autopilot-%e2%9d%a4%ef%b8%8f-intune","status":"publish","type":"page","link":"https:\/\/aboveit.fi\/de\/technisches-training-windows-autopilot-%e2%9d%a4%ef%b8%8f-intune\/","title":{"rendered":"Technisches Training: Windows Autopilot \u2764\ufe0f Intune"},"content":{"rendered":"\t\t<div data-elementor-type=\"wp-page\" data-elementor-id=\"8072\" class=\"elementor elementor-8072 elementor-7580\" data-elementor-post-type=\"page\">\n\t\t\t\t\t\t<section class=\"elementor-section elementor-top-section elementor-element elementor-element-b701054 elementor-section-boxed elementor-section-height-default elementor-section-height-default\" data-id=\"b701054\" data-element_type=\"section\" data-e-type=\"section\">\n\t\t\t\t\t\t<div class=\"elementor-container elementor-column-gap-default\">\n\t\t\t\t\t<div class=\"elementor-column elementor-col-50 elementor-top-column elementor-element elementor-element-09267f5 elementor-invisible\" data-id=\"09267f5\" data-element_type=\"column\" data-e-type=\"column\" data-settings=\"{&quot;background_background&quot;:&quot;classic&quot;,&quot;animation&quot;:&quot;fadeInLeft&quot;}\">\n\t\t\t<div class=\"elementor-widget-wrap elementor-element-populated\">\n\t\t\t\t\t<div class=\"elementor-background-overlay\"><\/div>\n\t\t\t\t\t\t<div class=\"elementor-element elementor-element-fc68128 animated-slow elementor-invisible elementor-widget elementor-widget-text-editor\" data-id=\"fc68128\" data-element_type=\"widget\" data-e-type=\"widget\" data-settings=\"{&quot;_animation&quot;:&quot;fadeInUp&quot;}\" data-widget_type=\"text-editor.default\">\n\t\t\t\t<div class=\"elementor-widget-container\">\n\t\t\t\t\t\t\t\t\t<p>Cloud-Dienste und Endger\u00e4teverwaltung automatisieren die Bereitstellung von Workstations und standardisieren die IT-Sicherheit. Above IT schult Sie jetzt darin, wie Sie diese modernen Technologien nutzen k\u00f6nnen, um die Arbeitszeit Ihrer IT-Abteilung zu sparen! <\/p>\t\t\t\t\t\t\t\t<\/div>\n\t\t\t\t<\/div>\n\t\t\t\t\t<\/div>\n\t\t<\/div>\n\t\t\t\t<div class=\"elementor-column elementor-col-50 elementor-top-column elementor-element elementor-element-e954f23 elementor-invisible\" data-id=\"e954f23\" data-element_type=\"column\" data-e-type=\"column\" data-settings=\"{&quot;animation&quot;:&quot;fadeInRight&quot;}\">\n\t\t\t<div class=\"elementor-widget-wrap elementor-element-populated\">\n\t\t\t\t\t\t<div class=\"elementor-element elementor-element-57aee08 elementor-widget elementor-widget-text-editor\" data-id=\"57aee08\" data-element_type=\"widget\" data-e-type=\"widget\" data-widget_type=\"text-editor.default\">\n\t\t\t\t<div class=\"elementor-widget-container\">\n\t\t\t\t\t\t\t\t\t<p>23.10.2025 13:00-15:00 Uhr<\/p>\t\t\t\t\t\t\t\t<\/div>\n\t\t\t\t<\/div>\n\t\t\t\t<div class=\"elementor-element elementor-element-17b50b5 elementor-widget elementor-widget-heading\" data-id=\"17b50b5\" data-element_type=\"widget\" data-e-type=\"widget\" data-widget_type=\"heading.default\">\n\t\t\t\t<div class=\"elementor-widget-container\">\n\t\t\t\t\t<h2 class=\"elementor-heading-title elementor-size-default\">Above IT bietet ein kostenloses Training an<\/h2>\t\t\t\t<\/div>\n\t\t\t\t<\/div>\n\t\t\t\t<div class=\"elementor-element elementor-element-e1db514 elementor-widget elementor-widget-text-editor\" data-id=\"e1db514\" data-element_type=\"widget\" data-e-type=\"widget\" data-widget_type=\"text-editor.default\">\n\t\t\t\t<div class=\"elementor-widget-container\">\n\t\t\t\t\t\t\t\t\t<p><strong>Technisches Training: Windows Autopilot \u2665 Intune von Above IT<\/strong><\/p>\n<p>Wir veranstalten im Oktober 2025 ein kostenloses technisches Trainingswebinar zum Thema Windows Autopilot.<\/p>\n<p style=\"font-weight: 400;\">Das Training richtet sich an Administratoren von Microsoft 365-Umgebungen, die verstehen m\u00f6chten:<\/p>\n<ul>\n<li>Wie Autopilot den Installationsprozess von Ger\u00e4ten erleichtert<\/li>\n<li>Unterschiede zwischen verschiedenen Autopilot-Profiltypen<\/li>\n<li>Tuple vs. 4K-Hash-Registrierungsdaten<\/li>\n<li>Skripte, Konfigurationen und Anwendungen vs. Autopilot<\/li>\n<li>Analyse der Absturzursachen von Autopilot aus der AppWorkload.log<\/li>\n<li>H\u00e4ufigste Fehlercodes<\/li>\n<li>Wie das Trusted Platform Module (TPM) mit Autopilot zusammenh\u00e4ngt<\/li>\n<\/ul>\n<div>&nbsp;<\/div>\n<p style=\"font-weight: 400;\">Im Training gehen wir alle verschiedenen M\u00f6glichkeiten von Windows Autopilot durch und zeigen, wie diese die Belastung des IT-Teams erleichtern k\u00f6nnen. Das Training beinhaltet, wie bei Above IT \u00fcblich, Live-Demos, praktische Beispiele und echte Tipps, wie Autopilot bis zur Implementierung eingesetzt werden kann. <\/p>\n<p>Als Trainer fungiert Matias Haapaniemi, \u2018Consigliere\u2019 und tiefgreifender Microsoft 365-Experte von Above IT Oy.<\/p>\t\t\t\t\t\t\t\t<\/div>\n\t\t\t\t<\/div>\n\t\t\t\t\t<\/div>\n\t\t<\/div>\n\t\t\t\t\t<\/div>\n\t\t<\/section>\n\t\t\t\t<section class=\"elementor-section elementor-top-section elementor-element elementor-element-668d89f elementor-section-boxed elementor-section-height-default elementor-section-height-default\" data-id=\"668d89f\" data-element_type=\"section\" data-e-type=\"section\">\n\t\t\t\t\t\t<div class=\"elementor-container elementor-column-gap-default\">\n\t\t\t\t\t<div class=\"elementor-column elementor-col-100 elementor-top-column elementor-element elementor-element-5cef1e0\" data-id=\"5cef1e0\" data-element_type=\"column\" data-e-type=\"column\">\n\t\t\t<div class=\"elementor-widget-wrap elementor-element-populated\">\n\t\t\t\t\t\t<div class=\"elementor-element elementor-element-17d81ff elementor-view-default elementor-widget elementor-widget-icon\" data-id=\"17d81ff\" data-element_type=\"widget\" data-e-type=\"widget\" data-widget_type=\"icon.default\">\n\t\t\t\t<div class=\"elementor-widget-container\">\n\t\t\t\t\t\t\t<div class=\"elementor-icon-wrapper\">\n\t\t\t<div class=\"elementor-icon\">\n\t\t\t<i aria-hidden=\"true\" class=\"fas fa-hands-wash\"><\/i>\t\t\t<\/div>\n\t\t<\/div>\n\t\t\t\t\t\t<\/div>\n\t\t\t\t<\/div>\n\t\t\t\t<div class=\"elementor-element elementor-element-c9a9c87 elementor-widget elementor-widget-heading\" data-id=\"c9a9c87\" data-element_type=\"widget\" data-e-type=\"widget\" data-widget_type=\"heading.default\">\n\t\t\t\t<div class=\"elementor-widget-container\">\n\t\t\t\t\t<h2 class=\"elementor-heading-title elementor-size-default\">Was, wo, wann?<\/h2>\t\t\t\t<\/div>\n\t\t\t\t<\/div>\n\t\t\t\t<div class=\"elementor-element elementor-element-5b70b67 elementor-widget elementor-widget-text-editor\" data-id=\"5b70b67\" data-element_type=\"widget\" data-e-type=\"widget\" data-widget_type=\"text-editor.default\">\n\t\t\t\t<div class=\"elementor-widget-container\">\n\t\t\t\t\t\t\t\t\t<p><strong>F\u00fcr wen:<\/strong> F\u00fcr Administratoren von Microsoft 365-Umgebungen sowie f\u00fcr Personen, die f\u00fcr die IT-Verwaltung und die Entwicklung der Wissensarbeit in Organisationen verantwortlich sind<br><strong>Was:<\/strong> Windows Autopilot \u2665 Intune \u2013 Technisches Training<br><strong>Wann:<\/strong> Donnerstag, 23.10.2025 ab 13:00 Uhr (Dauer ca. 2 Std.)<br><strong>Wo:<\/strong> Online, Teams Webinar (Hinweis: Die Namen der Teilnehmer sind f\u00fcr andere Teilnehmer sichtbar)<br><strong>Wer:<\/strong> Als Trainer: Matias Haapaniemi, \u2018Consigliere\u2019 von Above IT Oy<br><strong>Teilnahme:<\/strong> Das Training findet auf Finnisch statt. Der Teilnehmer ben\u00f6tigt einen Browser sowie Kopfh\u00f6rer und ein Mikrofon. Es ist Zeit f\u00fcr Fragen vorgesehen.  <br><strong>Anmeldung:<\/strong> Nach der Voranmeldung erhalten Sie einen pers\u00f6nlichen Teilnahmelink per E-Mail.<\/p>\t\t\t\t\t\t\t\t<\/div>\n\t\t\t\t<\/div>\n\t\t\t\t<div class=\"elementor-element elementor-element-2bc1abb elementor-align-center elementor-widget elementor-widget-button\" data-id=\"2bc1abb\" data-element_type=\"widget\" data-e-type=\"widget\" data-widget_type=\"button.default\">\n\t\t\t\t<div class=\"elementor-widget-container\">\n\t\t\t\t\t\t\t\t\t<div class=\"elementor-button-wrapper\">\n\t\t\t\t\t<a class=\"elementor-button elementor-button-link elementor-size-sm\" href=\"https:\/\/events.teams.microsoft.com\/event\/8aa6b334-726d-4a71-be6b-d2c0d82c17f6@e55ab436-412f-4ce1-bb3f-5199b8d12fae\" target=\"_blank\" rel=\"nofollow\">\n\t\t\t\t\t\t<span class=\"elementor-button-content-wrapper\">\n\t\t\t\t\t\t\t\t\t<span class=\"elementor-button-text\">Hier anmelden<\/span>\n\t\t\t\t\t<\/span>\n\t\t\t\t\t<\/a>\n\t\t\t\t<\/div>\n\t\t\t\t\t\t\t\t<\/div>\n\t\t\t\t<\/div>\n\t\t\t\t\t<\/div>\n\t\t<\/div>\n\t\t\t\t\t<\/div>\n\t\t<\/section>\n\t\t\t\t<section class=\"elementor-section elementor-top-section elementor-element elementor-element-e95f790 elementor-section-boxed elementor-section-height-default elementor-section-height-default\" data-id=\"e95f790\" data-element_type=\"section\" data-e-type=\"section\">\n\t\t\t\t\t\t<div class=\"elementor-container elementor-column-gap-default\">\n\t\t\t\t\t<div class=\"elementor-column elementor-col-100 elementor-top-column elementor-element elementor-element-9404c39\" data-id=\"9404c39\" data-element_type=\"column\" data-e-type=\"column\">\n\t\t\t<div class=\"elementor-widget-wrap elementor-element-populated\">\n\t\t\t\t\t\t<div class=\"elementor-element elementor-element-3f8bee9 elementor-widget elementor-widget-heading\" data-id=\"3f8bee9\" data-element_type=\"widget\" data-e-type=\"widget\" data-widget_type=\"heading.default\">\n\t\t\t\t<div class=\"elementor-widget-container\">\n\t\t\t\t\t<h2 class=\"elementor-heading-title elementor-size-default\">\u00dcber den Trainer<\/h2>\t\t\t\t<\/div>\n\t\t\t\t<\/div>\n\t\t\t\t<section class=\"elementor-section elementor-inner-section elementor-element elementor-element-44a25ce elementor-section-boxed elementor-section-height-default elementor-section-height-default\" data-id=\"44a25ce\" data-element_type=\"section\" data-e-type=\"section\">\n\t\t\t\t\t\t<div class=\"elementor-container elementor-column-gap-default\">\n\t\t\t\t\t<div class=\"elementor-column elementor-col-50 elementor-inner-column elementor-element elementor-element-47eb3a7\" data-id=\"47eb3a7\" data-element_type=\"column\" data-e-type=\"column\">\n\t\t\t<div class=\"elementor-widget-wrap elementor-element-populated\">\n\t\t\t\t\t\t<div class=\"elementor-element elementor-element-f1e0c1e elementor-widget__width-initial elementor-widget-tablet__width-initial elementor-widget elementor-widget-image\" data-id=\"f1e0c1e\" data-element_type=\"widget\" data-e-type=\"widget\" data-widget_type=\"image.default\">\n\t\t\t\t<div class=\"elementor-widget-container\">\n\t\t\t\t\t\t\t\t\t\t\t\t\t\t\t<img fetchpriority=\"high\" decoding=\"async\" width=\"240\" height=\"300\" src=\"https:\/\/aboveit.fi\/wp-content\/uploads\/2025\/08\/matias-haapaniemi-240x300.jpg\" class=\"attachment-medium size-medium wp-image-8074\" alt=\"\" srcset=\"https:\/\/aboveit.fi\/wp-content\/uploads\/2025\/08\/matias-haapaniemi-240x300.jpg 240w, https:\/\/aboveit.fi\/wp-content\/uploads\/2025\/08\/matias-haapaniemi-819x1024.jpg 819w, https:\/\/aboveit.fi\/wp-content\/uploads\/2025\/08\/matias-haapaniemi-768x960.jpg 768w, https:\/\/aboveit.fi\/wp-content\/uploads\/2025\/08\/matias-haapaniemi.jpg 1080w\" sizes=\"(max-width: 240px) 100vw, 240px\" \/>\t\t\t\t\t\t\t\t\t\t\t\t\t\t\t<\/div>\n\t\t\t\t<\/div>\n\t\t\t\t\t<\/div>\n\t\t<\/div>\n\t\t\t\t<div class=\"elementor-column elementor-col-50 elementor-inner-column elementor-element elementor-element-f062c28\" data-id=\"f062c28\" data-element_type=\"column\" data-e-type=\"column\">\n\t\t\t<div class=\"elementor-widget-wrap elementor-element-populated\">\n\t\t\t\t\t\t<div class=\"elementor-element elementor-element-0446ba0 elementor-widget__width-initial elementor-widget-tablet__width-initial elementor-widget elementor-widget-text-editor\" data-id=\"0446ba0\" data-element_type=\"widget\" data-e-type=\"widget\" data-widget_type=\"text-editor.default\">\n\t\t\t\t<div class=\"elementor-widget-container\">\n\t\t\t\t\t\t\t\t\t<p>Als Trainer fungiert Matias Haapaniemi, \u2018Consigliere\u2019, Partner und tiefgreifender Microsoft 365-Experte von Above IT Oy. Matias hat Intune- und Autopilot-Implementierungen in Dutzenden verschiedener Umgebungen durchgef\u00fchrt. In seiner Freizeit testet Matias die neuesten Cloud-Funktionen von Microsoft und berichtet dar\u00fcber an Microsoft \u00fcber das Customer Connection Program.  <\/p><p>In Matias&#8216; Trainings erhalten Sie praxisnahe Erkenntnisse, konkrete Tipps und ein tiefes Verst\u00e4ndnis daf\u00fcr, wie man die Technologien von Microsoft wirklich nutzen kann.<\/p>\t\t\t\t\t\t\t\t<\/div>\n\t\t\t\t<\/div>\n\t\t\t\t<div class=\"elementor-element elementor-element-4c8deb7 elementor-align-start elementor-list-item-link-inline elementor-widget__width-initial elementor-icon-list--layout-traditional elementor-widget elementor-widget-icon-list\" data-id=\"4c8deb7\" data-element_type=\"widget\" data-e-type=\"widget\" data-widget_type=\"icon-list.default\">\n\t\t\t\t<div class=\"elementor-widget-container\">\n\t\t\t\t\t\t\t<ul class=\"elementor-icon-list-items\">\n\t\t\t\t\t\t\t<li class=\"elementor-icon-list-item\">\n\t\t\t\t\t\t\t\t\t\t\t<span class=\"elementor-icon-list-icon\">\n\t\t\t\t\t\t\t<i aria-hidden=\"true\" class=\"far fa-envelope\"><\/i>\t\t\t\t\t\t<\/span>\n\t\t\t\t\t\t\t\t\t\t<span class=\"elementor-icon-list-text\">matias.haapaniemi@aboveit.fi<\/span>\n\t\t\t\t\t\t\t\t\t<\/li>\n\t\t\t\t\t\t\t\t<li class=\"elementor-icon-list-item\">\n\t\t\t\t\t\t\t\t\t\t\t<span class=\"elementor-icon-list-icon\">\n\t\t\t\t\t\t\t<i aria-hidden=\"true\" class=\"fas fa-phone-alt\"><\/i>\t\t\t\t\t\t<\/span>\n\t\t\t\t\t\t\t\t\t\t<span class=\"elementor-icon-list-text\">+358 (0)50 517 1685<\/span>\n\t\t\t\t\t\t\t\t\t<\/li>\n\t\t\t\t\t\t\t\t<li class=\"elementor-icon-list-item\">\n\t\t\t\t\t\t\t\t\t\t\t<a href=\"https:\/\/www.linkedin.com\/in\/matias-haapaniemi\/\" target=\"_blank\">\n\n\t\t\t\t\t\t\t\t\t\t\t\t<span class=\"elementor-icon-list-icon\">\n\t\t\t\t\t\t\t<i aria-hidden=\"true\" class=\"fab fa-linkedin\"><\/i>\t\t\t\t\t\t<\/span>\n\t\t\t\t\t\t\t\t\t\t<span class=\"elementor-icon-list-text\">LinkedIn<\/span>\n\t\t\t\t\t\t\t\t\t\t\t<\/a>\n\t\t\t\t\t\t\t\t\t<\/li>\n\t\t\t\t\t\t<\/ul>\n\t\t\t\t\t\t<\/div>\n\t\t\t\t<\/div>\n\t\t\t\t\t<\/div>\n\t\t<\/div>\n\t\t\t\t\t<\/div>\n\t\t<\/section>\n\t\t\t\t<div class=\"elementor-element elementor-element-80a5326 elementor-widget elementor-widget-heading\" data-id=\"80a5326\" data-element_type=\"widget\" data-e-type=\"widget\" data-widget_type=\"heading.default\">\n\t\t\t\t<div class=\"elementor-widget-container\">\n\t\t\t\t\t<h2 class=\"elementor-heading-title elementor-size-default\">\u00dcber unser Unternehmen<\/h2>\t\t\t\t<\/div>\n\t\t\t\t<\/div>\n\t\t\t\t<div class=\"elementor-element elementor-element-0ccf925 elementor-widget elementor-widget-text-editor\" data-id=\"0ccf925\" data-element_type=\"widget\" data-e-type=\"widget\" data-widget_type=\"text-editor.default\">\n\t\t\t\t<div class=\"elementor-widget-container\">\n\t\t\t\t\t\t\t\t\t<p>Above IT Oy ist ein Partner und eine Ressource f\u00fcr IT-Abteilungen, ein heimisches Beratungsunternehmen, das mit seinen Managed Cloud Services Organisationen dabei unterst\u00fctzt, noch mehr aus ihren Microsoft Cloud Services herauszuholen. W\u00e4hrend wir IT-Abteilungen dabei unterst\u00fctzen, den Betrieb und den Datenschutz der IT-Umgebung ihrer Organisation datenbasiert zu steuern, sind wir auch ein Change-Consultant und Trainer f\u00fcr Wissensarbeit, der die t\u00e4gliche Wissensarbeit der Endbenutzer erleichtert und ver\u00e4ndert.  <\/p>\t\t\t\t\t\t\t\t<\/div>\n\t\t\t\t<\/div>\n\t\t\t\t\t<\/div>\n\t\t<\/div>\n\t\t\t\t\t<\/div>\n\t\t<\/section>\n\t\t\t\t<\/div>\n\t\t","protected":false},"excerpt":{"rendered":"<p>Cloud-Dienste und Endger\u00e4teverwaltung automatisieren die Bereitstellung von Workstations und standardisieren die IT-Sicherheit. Above IT schult Sie jetzt darin, wie Sie diese modernen Technologien nutzen k\u00f6nnen, um die Arbeitszeit Ihrer IT-Abteilung zu sparen! 23.10.2025 13:00-15:00 Uhr Above IT bietet ein kostenloses Training an Technisches Training: Windows Autopilot \u2665 Intune von Above IT Wir veranstalten im Oktober [&hellip;]<\/p>\n","protected":false},"author":3,"featured_media":0,"parent":0,"menu_order":0,"comment_status":"closed","ping_status":"closed","template":"","meta":{"content-type":"","inline_featured_image":false,"footnotes":""},"class_list":["post-8072","page","type-page","status-publish","hentry"],"yoast_head":"<!-- This site is optimized with the Yoast SEO plugin v27.5 - https:\/\/yoast.com\/product\/yoast-seo-wordpress\/ -->\n<title>Technisches Training: Windows Autopilot \u2764\ufe0f Intune - Above IT Oy<\/title>\n<meta name=\"description\" content=\"Technisches Training: Microsoft Intune &amp; Autopilot von Above IT. Kostenloses technisches Training als Webinar ab dem 23.10.2025 um 13 Uhr.\" \/>\n<meta name=\"robots\" content=\"index, follow, max-snippet:-1, max-image-preview:large, max-video-preview:-1\" \/>\n<link rel=\"canonical\" href=\"https:\/\/aboveit.fi\/de\/technisches-training-windows-autopilot-%e2%9d%a4%ef%b8%8f-intune\/\" \/>\n<meta property=\"og:locale\" content=\"de_DE\" \/>\n<meta property=\"og:type\" content=\"article\" \/>\n<meta property=\"og:title\" content=\"Technisches Training: Windows Autopilot \u2764\ufe0f Intune - Above IT Oy\" \/>\n<meta property=\"og:description\" content=\"Technisches Training: Microsoft Intune &amp; Autopilot von Above IT. Kostenloses technisches Training als Webinar ab dem 23.10.2025 um 13 Uhr.\" \/>\n<meta property=\"og:url\" content=\"https:\/\/aboveit.fi\/de\/technisches-training-windows-autopilot-%e2%9d%a4%ef%b8%8f-intune\/\" \/>\n<meta property=\"og:site_name\" content=\"Above IT Oy\" \/>\n<meta property=\"article:publisher\" content=\"https:\/\/www.facebook.com\/aboveitfi\" \/>\n<meta property=\"article:modified_time\" content=\"2025-11-26T13:21:34+00:00\" \/>\n<meta property=\"og:image\" content=\"https:\/\/aboveit.fi\/wp-content\/uploads\/2025\/08\/matias-haapaniemi.jpg\" \/>\n\t<meta property=\"og:image:width\" content=\"1080\" \/>\n\t<meta property=\"og:image:height\" content=\"1350\" \/>\n\t<meta property=\"og:image:type\" content=\"image\/jpeg\" \/>\n<meta name=\"twitter:card\" content=\"summary_large_image\" \/>\n<meta name=\"twitter:label1\" content=\"Gesch\u00e4tzte Lesezeit\" \/>\n\t<meta name=\"twitter:data1\" content=\"2\u00a0Minuten\" \/>\n<script type=\"application\/ld+json\" class=\"yoast-schema-graph\">{\"@context\":\"https:\\\/\\\/schema.org\",\"@graph\":[{\"@type\":\"WebPage\",\"@id\":\"https:\\\/\\\/aboveit.fi\\\/de\\\/technisches-training-windows-autopilot-%e2%9d%a4%ef%b8%8f-intune\\\/\",\"url\":\"https:\\\/\\\/aboveit.fi\\\/de\\\/technisches-training-windows-autopilot-%e2%9d%a4%ef%b8%8f-intune\\\/\",\"name\":\"Technisches Training: Windows Autopilot \u2764\ufe0f Intune - Above IT Oy\",\"isPartOf\":{\"@id\":\"https:\\\/\\\/aboveit.fi\\\/de\\\/#website\"},\"primaryImageOfPage\":{\"@id\":\"https:\\\/\\\/aboveit.fi\\\/de\\\/technisches-training-windows-autopilot-%e2%9d%a4%ef%b8%8f-intune\\\/#primaryimage\"},\"image\":{\"@id\":\"https:\\\/\\\/aboveit.fi\\\/de\\\/technisches-training-windows-autopilot-%e2%9d%a4%ef%b8%8f-intune\\\/#primaryimage\"},\"thumbnailUrl\":\"https:\\\/\\\/aboveit.fi\\\/wp-content\\\/uploads\\\/2025\\\/08\\\/matias-haapaniemi-240x300.jpg\",\"datePublished\":\"2025-09-02T13:05:22+00:00\",\"dateModified\":\"2025-11-26T13:21:34+00:00\",\"description\":\"Technisches Training: Microsoft Intune & Autopilot von Above IT. Kostenloses technisches Training als Webinar ab dem 23.10.2025 um 13 Uhr.\",\"breadcrumb\":{\"@id\":\"https:\\\/\\\/aboveit.fi\\\/de\\\/technisches-training-windows-autopilot-%e2%9d%a4%ef%b8%8f-intune\\\/#breadcrumb\"},\"inLanguage\":\"de\",\"potentialAction\":[{\"@type\":\"ReadAction\",\"target\":[\"https:\\\/\\\/aboveit.fi\\\/de\\\/technisches-training-windows-autopilot-%e2%9d%a4%ef%b8%8f-intune\\\/\"]}]},{\"@type\":\"ImageObject\",\"inLanguage\":\"de\",\"@id\":\"https:\\\/\\\/aboveit.fi\\\/de\\\/technisches-training-windows-autopilot-%e2%9d%a4%ef%b8%8f-intune\\\/#primaryimage\",\"url\":\"https:\\\/\\\/aboveit.fi\\\/wp-content\\\/uploads\\\/2025\\\/08\\\/matias-haapaniemi-240x300.jpg\",\"contentUrl\":\"https:\\\/\\\/aboveit.fi\\\/wp-content\\\/uploads\\\/2025\\\/08\\\/matias-haapaniemi-240x300.jpg\"},{\"@type\":\"BreadcrumbList\",\"@id\":\"https:\\\/\\\/aboveit.fi\\\/de\\\/technisches-training-windows-autopilot-%e2%9d%a4%ef%b8%8f-intune\\\/#breadcrumb\",\"itemListElement\":[{\"@type\":\"ListItem\",\"position\":1,\"name\":\"Etusivu\",\"item\":\"https:\\\/\\\/aboveit.fi\\\/de\\\/\"},{\"@type\":\"ListItem\",\"position\":2,\"name\":\"Technisches Training: Windows Autopilot \u2764\ufe0f Intune\"}]},{\"@type\":\"WebSite\",\"@id\":\"https:\\\/\\\/aboveit.fi\\\/de\\\/#website\",\"url\":\"https:\\\/\\\/aboveit.fi\\\/de\\\/\",\"name\":\"We Are Above IT\",\"description\":\"Tietohallinnon voimavarakumppani\",\"publisher\":{\"@id\":\"https:\\\/\\\/aboveit.fi\\\/de\\\/#organization\"},\"potentialAction\":[{\"@type\":\"SearchAction\",\"target\":{\"@type\":\"EntryPoint\",\"urlTemplate\":\"https:\\\/\\\/aboveit.fi\\\/de\\\/?s={search_term_string}\"},\"query-input\":{\"@type\":\"PropertyValueSpecification\",\"valueRequired\":true,\"valueName\":\"search_term_string\"}}],\"inLanguage\":\"de\"},{\"@type\":\"Organization\",\"@id\":\"https:\\\/\\\/aboveit.fi\\\/de\\\/#organization\",\"name\":\"Above IT Oy\",\"url\":\"https:\\\/\\\/aboveit.fi\\\/de\\\/\",\"logo\":{\"@type\":\"ImageObject\",\"inLanguage\":\"de\",\"@id\":\"https:\\\/\\\/aboveit.fi\\\/de\\\/#\\\/schema\\\/logo\\\/image\\\/\",\"url\":\"https:\\\/\\\/aboveit.fi\\\/wp-content\\\/uploads\\\/2024\\\/10\\\/aboveIT-logo.png\",\"contentUrl\":\"https:\\\/\\\/aboveit.fi\\\/wp-content\\\/uploads\\\/2024\\\/10\\\/aboveIT-logo.png\",\"width\":1613,\"height\":383,\"caption\":\"Above IT Oy\"},\"image\":{\"@id\":\"https:\\\/\\\/aboveit.fi\\\/de\\\/#\\\/schema\\\/logo\\\/image\\\/\"},\"sameAs\":[\"https:\\\/\\\/www.facebook.com\\\/aboveitfi\",\"https:\\\/\\\/www.linkedin.com\\\/company\\\/aboveitfi\",\"https:\\\/\\\/instagram.com\\\/aboveitfi\"]}]}<\/script>\n<!-- \/ Yoast SEO plugin. -->","yoast_head_json":{"title":"Technisches Training: Windows Autopilot \u2764\ufe0f Intune - Above IT Oy","description":"Technisches Training: Microsoft Intune & Autopilot von Above IT. Kostenloses technisches Training als Webinar ab dem 23.10.2025 um 13 Uhr.","robots":{"index":"index","follow":"follow","max-snippet":"max-snippet:-1","max-image-preview":"max-image-preview:large","max-video-preview":"max-video-preview:-1"},"canonical":"https:\/\/aboveit.fi\/de\/technisches-training-windows-autopilot-%e2%9d%a4%ef%b8%8f-intune\/","og_locale":"de_DE","og_type":"article","og_title":"Technisches Training: Windows Autopilot \u2764\ufe0f Intune - Above IT Oy","og_description":"Technisches Training: Microsoft Intune & Autopilot von Above IT. Kostenloses technisches Training als Webinar ab dem 23.10.2025 um 13 Uhr.","og_url":"https:\/\/aboveit.fi\/de\/technisches-training-windows-autopilot-%e2%9d%a4%ef%b8%8f-intune\/","og_site_name":"Above IT Oy","article_publisher":"https:\/\/www.facebook.com\/aboveitfi","article_modified_time":"2025-11-26T13:21:34+00:00","og_image":[{"width":1080,"height":1350,"url":"https:\/\/aboveit.fi\/wp-content\/uploads\/2025\/08\/matias-haapaniemi.jpg","type":"image\/jpeg"}],"twitter_card":"summary_large_image","twitter_misc":{"Gesch\u00e4tzte Lesezeit":"2\u00a0Minuten"},"schema":{"@context":"https:\/\/schema.org","@graph":[{"@type":"WebPage","@id":"https:\/\/aboveit.fi\/de\/technisches-training-windows-autopilot-%e2%9d%a4%ef%b8%8f-intune\/","url":"https:\/\/aboveit.fi\/de\/technisches-training-windows-autopilot-%e2%9d%a4%ef%b8%8f-intune\/","name":"Technisches Training: Windows Autopilot \u2764\ufe0f Intune - Above IT Oy","isPartOf":{"@id":"https:\/\/aboveit.fi\/de\/#website"},"primaryImageOfPage":{"@id":"https:\/\/aboveit.fi\/de\/technisches-training-windows-autopilot-%e2%9d%a4%ef%b8%8f-intune\/#primaryimage"},"image":{"@id":"https:\/\/aboveit.fi\/de\/technisches-training-windows-autopilot-%e2%9d%a4%ef%b8%8f-intune\/#primaryimage"},"thumbnailUrl":"https:\/\/aboveit.fi\/wp-content\/uploads\/2025\/08\/matias-haapaniemi-240x300.jpg","datePublished":"2025-09-02T13:05:22+00:00","dateModified":"2025-11-26T13:21:34+00:00","description":"Technisches Training: Microsoft Intune & Autopilot von Above IT. Kostenloses technisches Training als Webinar ab dem 23.10.2025 um 13 Uhr.","breadcrumb":{"@id":"https:\/\/aboveit.fi\/de\/technisches-training-windows-autopilot-%e2%9d%a4%ef%b8%8f-intune\/#breadcrumb"},"inLanguage":"de","potentialAction":[{"@type":"ReadAction","target":["https:\/\/aboveit.fi\/de\/technisches-training-windows-autopilot-%e2%9d%a4%ef%b8%8f-intune\/"]}]},{"@type":"ImageObject","inLanguage":"de","@id":"https:\/\/aboveit.fi\/de\/technisches-training-windows-autopilot-%e2%9d%a4%ef%b8%8f-intune\/#primaryimage","url":"https:\/\/aboveit.fi\/wp-content\/uploads\/2025\/08\/matias-haapaniemi-240x300.jpg","contentUrl":"https:\/\/aboveit.fi\/wp-content\/uploads\/2025\/08\/matias-haapaniemi-240x300.jpg"},{"@type":"BreadcrumbList","@id":"https:\/\/aboveit.fi\/de\/technisches-training-windows-autopilot-%e2%9d%a4%ef%b8%8f-intune\/#breadcrumb","itemListElement":[{"@type":"ListItem","position":1,"name":"Etusivu","item":"https:\/\/aboveit.fi\/de\/"},{"@type":"ListItem","position":2,"name":"Technisches Training: Windows Autopilot \u2764\ufe0f Intune"}]},{"@type":"WebSite","@id":"https:\/\/aboveit.fi\/de\/#website","url":"https:\/\/aboveit.fi\/de\/","name":"We Are Above IT","description":"Tietohallinnon voimavarakumppani","publisher":{"@id":"https:\/\/aboveit.fi\/de\/#organization"},"potentialAction":[{"@type":"SearchAction","target":{"@type":"EntryPoint","urlTemplate":"https:\/\/aboveit.fi\/de\/?s={search_term_string}"},"query-input":{"@type":"PropertyValueSpecification","valueRequired":true,"valueName":"search_term_string"}}],"inLanguage":"de"},{"@type":"Organization","@id":"https:\/\/aboveit.fi\/de\/#organization","name":"Above IT Oy","url":"https:\/\/aboveit.fi\/de\/","logo":{"@type":"ImageObject","inLanguage":"de","@id":"https:\/\/aboveit.fi\/de\/#\/schema\/logo\/image\/","url":"https:\/\/aboveit.fi\/wp-content\/uploads\/2024\/10\/aboveIT-logo.png","contentUrl":"https:\/\/aboveit.fi\/wp-content\/uploads\/2024\/10\/aboveIT-logo.png","width":1613,"height":383,"caption":"Above IT Oy"},"image":{"@id":"https:\/\/aboveit.fi\/de\/#\/schema\/logo\/image\/"},"sameAs":["https:\/\/www.facebook.com\/aboveitfi","https:\/\/www.linkedin.com\/company\/aboveitfi","https:\/\/instagram.com\/aboveitfi"]}]}},"_links":{"self":[{"href":"https:\/\/aboveit.fi\/de\/wp-json\/wp\/v2\/pages\/8072","targetHints":{"allow":["GET"]}}],"collection":[{"href":"https:\/\/aboveit.fi\/de\/wp-json\/wp\/v2\/pages"}],"about":[{"href":"https:\/\/aboveit.fi\/de\/wp-json\/wp\/v2\/types\/page"}],"author":[{"embeddable":true,"href":"https:\/\/aboveit.fi\/de\/wp-json\/wp\/v2\/users\/3"}],"replies":[{"embeddable":true,"href":"https:\/\/aboveit.fi\/de\/wp-json\/wp\/v2\/comments?post=8072"}],"version-history":[{"count":1,"href":"https:\/\/aboveit.fi\/de\/wp-json\/wp\/v2\/pages\/8072\/revisions"}],"predecessor-version":[{"id":8075,"href":"https:\/\/aboveit.fi\/de\/wp-json\/wp\/v2\/pages\/8072\/revisions\/8075"}],"wp:attachment":[{"href":"https:\/\/aboveit.fi\/de\/wp-json\/wp\/v2\/media?parent=8072"}],"curies":[{"name":"wp","href":"https:\/\/api.w.org\/{rel}","templated":true}]}}